{"id":2013,"date":"2022-04-23T15:28:10","date_gmt":"2022-04-23T13:28:10","guid":{"rendered":"https:\/\/zoukwroclove.pl\/?page_id=2013"},"modified":"2022-04-23T15:46:35","modified_gmt":"2022-04-23T13:46:35","slug":"michal-ola","status":"publish","type":"page","link":"http:\/\/zoukwroclove.pl\/en\/artists\/michal-ola\/","title":{"rendered":"Micha\u00c5\u201a &#038; Ola"},"content":{"rendered":"\t\t<div data-elementor-type=\"wp-page\" data-elementor-id=\"2013\" class=\"elementor elementor-2013\">\n\t\t\t\t\t\t\t\t\t<section class=\"elementor-section elementor-top-section elementor-element elementor-element-fa376d4 elementor-section-boxed elementor-section-height-default elementor-section-height-default\" data-id=\"fa376d4\" data-element_type=\"section\">\n\t\t\t\t\t\t<div class=\"elementor-container elementor-column-gap-default\">\n\t\t\t\t\t<div class=\"elementor-column elementor-col-100 elementor-top-column elementor-element elementor-element-f54c4b3\" data-id=\"f54c4b3\" data-element_type=\"column\">\n\t\t\t<div class=\"elementor-widget-wrap elementor-element-populated\">\n\t\t\t\t\t\t\t\t<div class=\"elementor-element elementor-element-a65b815 elementor-widget elementor-widget-heading\" data-id=\"a65b815\" data-element_type=\"widget\" data-widget_type=\"heading.default\">\n\t\t\t\t<div class=\"elementor-widget-container\">\n\t\t\t<h2 class=\"elementor-heading-title elementor-size-default\"><span style=\"font-family:Impact; letter-spacing: 0.5rem;\">Micha\u0142 & Ola<\/span><\/h2>\t\t<\/div>\n\t\t\t\t<\/div>\n\t\t\t\t\t<\/div>\n\t\t<\/div>\n\t\t\t\t\t\t\t<\/div>\n\t\t<\/section>\n\t\t\t\t<section class=\"elementor-section elementor-top-section elementor-element elementor-element-a882cdf elementor-section-boxed elementor-section-height-default elementor-section-height-default\" data-id=\"a882cdf\" data-element_type=\"section\">\n\t\t\t\t\t\t<div class=\"elementor-container elementor-column-gap-default\">\n\t\t\t\t\t<div class=\"elementor-column elementor-col-100 elementor-top-column elementor-element elementor-element-871184c\" data-id=\"871184c\" data-element_type=\"column\">\n\t\t\t<div class=\"elementor-widget-wrap elementor-element-populated\">\n\t\t\t\t\t\t\t\t<div class=\"elementor-element elementor-element-b1028d3 elementor-widget elementor-widget-text-editor\" data-id=\"b1028d3\" data-element_type=\"widget\" data-widget_type=\"text-editor.default\">\n\t\t\t\t<div class=\"elementor-widget-container\">\n\t\t\t\t\t\t\t<p><strong><img loading=\"lazy\" decoding=\"async\" class=\"alignleft size-full wp-image-1755\" src=\"https:\/\/zoukwroclove.pl\/wp-content\/uploads\/2022\/04\/Michal_Ola_572x434.jpg\" alt=\"\" width=\"572\" height=\"434\" srcset=\"http:\/\/zoukwroclove.pl\/wp-content\/uploads\/2022\/04\/Michal_Ola_572x434.jpg 572w, http:\/\/zoukwroclove.pl\/wp-content\/uploads\/2022\/04\/Michal_Ola_572x434-300x228.jpg 300w\" sizes=\"(max-width: 572px) 100vw, 572px\" \/><\/strong><\/p><p><strong>Micha\u0142 Wysocza\u0144ski<\/strong><\/p><p>W swojej ponad 11-letniej karierze zoukowej wsp\u00f3lnie z innymi zapale\u0144cami zapocz\u0105tkowa\u0142 budowanie warszawskiej i polskiej sceny zoukowej, uczy\u0142 w prawie ka\u017cdym wi\u0119kszym polskim mie\u015bcie, uczy\u0142 na licznych festiwalach w Polsce i za granic\u0105, oraz wyszkoli\u0142 wiele &#8220;pokole\u0144&#8221; tancerzy Zouka.<\/p><p>Ucz\u0105c Zouka Micha\u0142 przede wszystkim dba o weso\u0142\u0105 atmosfer\u0119 na zaj\u0119ciach i dobr\u0105 zabaw\u0119, jednocze\u015bnie pilnuj\u0105c, aby taniec by\u0142 bezpieczny dla partnerek.<br \/>Jako osoba bez mocnych korzeni tanecznych, Micha\u0142 \u015bwietnie rozumie wyzwania staj\u0105ce przed nowymi kursantami i dzi\u0119ki do\u015bwiadczeniu i analitycznymemu podej\u015bciu umie wyt\u0142umaczy\u0107 nawet skomplikowane ruchy w prosty, przejrzysty spos\u00f3b.<\/p><p>Jest certyfikowanym instruktorem MAC (Method Alex de Carvalho).<\/p><p><strong>Ola Zdeb<\/strong><\/p><p>Pierwsze kroki na sali tanecznej postawi\u0142a maj\u0105c 10 lat -zacz\u0119\u0142o si\u0119 od ta\u0144ca towarzyskiego, a potem poprzez sals\u0119 i bachat\u0119 pozna\u0142a zouka, ktory sta\u0142 si\u0119 jej najwi\u0119ksza mi\u0142o\u015bci\u0105.<\/p><p>Zouka ta\u0144czy intensywnie od czterech lat. Uwielbia ci\u0105gle rozwija\u0107 sw\u00f3j taniec czerpi\u0105c i szkol\u0105c si\u0119 z r\u00f3\u017cnorodnych styl\u00f3w tanecznych, a tak\u017ce podejmowa\u0107 nowe wyzwania, takie jak np. udzia\u0142 w konkursach typu Jack&amp;Jill. Od 2021 roku jest certyfikowanym instruktorem wg metodologii Alexa de Carvalho. Z wykszta\u0142cenia jest fizjoterapeutk\u0105, dlatego te\u017c zwraca uwag\u0119 na \u015bwiadom\u0105 i bezpieczn\u0105 prac\u0119 z cia\u0142em.<\/p><p>To, co najbardziej ceni w zouku to r\u00f3\u017cnorodno\u015b\u0107 kreowanych w nim emocji, wolno\u015b\u0107 i musicality. Uwa\u017ca taniec za sztuk\u0119, kt\u00f3ra jest dialogiem mi\u0119dzy tancerzami oraz muzyk\u0105.<\/p>\t\t\t\t\t\t<\/div>\n\t\t\t\t<\/div>\n\t\t\t\t\t<\/div>\n\t\t<\/div>\n\t\t\t\t\t\t\t<\/div>\n\t\t<\/section>\n\t\t\t\t<section class=\"elementor-section elementor-top-section elementor-element elementor-element-c51b75e elementor-section-boxed elementor-section-height-default elementor-section-height-default\" data-id=\"c51b75e\" data-element_type=\"section\">\n\t\t\t\t\t\t<div class=\"elementor-container elementor-column-gap-default\">\n\t\t\t\t\t<div class=\"elementor-column elementor-col-100 elementor-top-column elementor-element elementor-element-e860c63\" data-id=\"e860c63\" data-element_type=\"column\">\n\t\t\t<div class=\"elementor-widget-wrap elementor-element-populated\">\n\t\t\t\t\t\t\t\t<div class=\"elementor-element elementor-element-db0371e elementor-widget elementor-widget-video\" data-id=\"db0371e\" data-element_type=\"widget\" data-settings=\"{&quot;youtube_url&quot;:&quot;https:\\\/\\\/www.youtube.com\\\/embed\\\/ce4feTPG_Dc&quot;,&quot;video_type&quot;:&quot;youtube&quot;,&quot;controls&quot;:&quot;yes&quot;}\" data-widget_type=\"video.default\">\n\t\t\t\t<div class=\"elementor-widget-container\">\n\t\t\t\t\t<div class=\"elementor-wrapper elementor-open-inline\">\n\t\t\t<div class=\"elementor-video\"><\/div>\t\t<\/div>\n\t\t\t\t<\/div>\n\t\t\t\t<\/div>\n\t\t\t\t\t<\/div>\n\t\t<\/div>\n\t\t\t\t\t\t\t<\/div>\n\t\t<\/section>\n\t\t\t\t\t\t\t<\/div>\n\t\t","protected":false},"excerpt":{"rendered":"<p>Micha\u00c5\u201a &#038; Ola Micha\u00c5\u201a Wysocza\u00c5\u201eski W swojej ponad 11-letniej karierze zoukowej wsp\u00c3\u00b3lnie z innymi zapale\u00c5\u201ecami zapocz\u00c4\u2026tkowa\u00c5\u201a budowanie warszawskiej i polskiej sceny zoukowej, uczy\u00c5\u201a w prawie ka\u00c5\u00bcdym wi\u00c4\u2122kszym polskim mie\u00c5\u203acie, uczy\u00c5\u201a na licznych festiwalach w Polsce i za granic\u00c4\u2026, oraz wyszkoli\u00c5\u201a wiele &#8220;pokole\u00c5\u201e&#8221; tancerzy Zouka. Ucz\u00c4\u2026c Zouka Micha\u00c5\u201a przede wszystkim dba o weso\u00c5\u201a\u00c4\u2026 atmosfer\u00c4\u2122 na zaj\u00c4\u2122ciach [&hellip;]<\/p>\n","protected":false},"author":1,"featured_media":0,"parent":119,"menu_order":0,"comment_status":"closed","ping_status":"closed","template":"elementor_header_footer","meta":{"footnotes":""},"_links":{"self":[{"href":"http:\/\/zoukwroclove.pl\/en\/wp-json\/wp\/v2\/pages\/2013"}],"collection":[{"href":"http:\/\/zoukwroclove.pl\/en\/wp-json\/wp\/v2\/pages"}],"about":[{"href":"http:\/\/zoukwroclove.pl\/en\/wp-json\/wp\/v2\/types\/page"}],"author":[{"embeddable":true,"href":"http:\/\/zoukwroclove.pl\/en\/wp-json\/wp\/v2\/users\/1"}],"replies":[{"embeddable":true,"href":"http:\/\/zoukwroclove.pl\/en\/wp-json\/wp\/v2\/comments?post=2013"}],"version-history":[{"count":17,"href":"http:\/\/zoukwroclove.pl\/en\/wp-json\/wp\/v2\/pages\/2013\/revisions"}],"predecessor-version":[{"id":2032,"href":"http:\/\/zoukwroclove.pl\/en\/wp-json\/wp\/v2\/pages\/2013\/revisions\/2032"}],"up":[{"embeddable":true,"href":"http:\/\/zoukwroclove.pl\/en\/wp-json\/wp\/v2\/pages\/119"}],"wp:attachment":[{"href":"http:\/\/zoukwroclove.pl\/en\/wp-json\/wp\/v2\/media?parent=2013"}],"curies":[{"name":"wp","href":"https:\/\/api.w.org\/{rel}","templated":true}]}}