{"id":17,"date":"2020-08-16T14:19:10","date_gmt":"2020-08-16T12:19:10","guid":{"rendered":"http:\/\/2021.zoukpasion.pl\/?page_id=17"},"modified":"2024-01-28T19:34:25","modified_gmt":"2024-01-28T18:34:25","slug":"jak-zdobyc-t-shirt-zouk-wroclove-festival","status":"publish","type":"page","link":"http:\/\/zoukwroclove.pl\/pl\/jak-zdobyc-t-shirt-zouk-wroclove-festival\/","title":{"rendered":"Jak zdoby\u0107 T-shirt Zouk Wroclove Festival?"},"content":{"rendered":"\t\t<div data-elementor-type=\"wp-page\" data-elementor-id=\"17\" class=\"elementor elementor-17\">\n\t\t\t\t\t\t\t\t\t<section class=\"elementor-section elementor-top-section elementor-element elementor-element-bb729f4 elementor-section-boxed elementor-section-height-default elementor-section-height-default\" data-id=\"bb729f4\" data-element_type=\"section\">\n\t\t\t\t\t\t<div class=\"elementor-container elementor-column-gap-default\">\n\t\t\t\t\t<div class=\"elementor-column elementor-col-33 elementor-top-column elementor-element elementor-element-f639ecf\" data-id=\"f639ecf\" data-element_type=\"column\">\n\t\t\t<div class=\"elementor-widget-wrap\">\n\t\t\t\t\t\t\t\t\t<\/div>\n\t\t<\/div>\n\t\t\t\t<div class=\"elementor-column elementor-col-33 elementor-top-column elementor-element elementor-element-c8f50b0\" data-id=\"c8f50b0\" data-element_type=\"column\">\n\t\t\t<div class=\"elementor-widget-wrap elementor-element-populated\">\n\t\t\t\t\t\t\t\t<div class=\"elementor-element elementor-element-2bb9e632 elementor-widget elementor-widget-text-editor\" data-id=\"2bb9e632\" data-element_type=\"widget\" data-widget_type=\"text-editor.default\">\n\t\t\t\t<div class=\"elementor-widget-container\">\n\t\t\t\t\t\t\t<div class=\"Normal\"><p>Pragniemy zaprezentowa\u0107 nasz nowy\u00a0T-shirt! Zouk Wroclove Festival!\u00a0<img decoding=\"async\" class=\"emoji\" role=\"img\" draggable=\"false\" src=\"https:\/\/s.w.org\/images\/core\/emoji\/13.1.0\/svg\/1f455.svg\" alt=\"\ud83d\udc55\" \/><\/p><p>Niesamowy, zdumiewaj\u0105co wspania\u0142y i&#8230; super sexy! <img decoding=\"async\" class=\"emoji\" role=\"img\" draggable=\"false\" src=\"https:\/\/s.w.org\/images\/core\/emoji\/13.1.0\/svg\/1f525.svg\" alt=\"\ud83d\udd25\" \/><\/p><p>Nasi niezykli modele: <strong>Larissa Thayane<\/strong>, <strong>Paloma Alves<\/strong> oraz <strong>Kadu Pires<\/strong> poka\u017c\u0105 Ci jak nosi\u0107 go z klas\u0105<img decoding=\"async\" class=\"emoji\" role=\"img\" draggable=\"false\" src=\"https:\/\/s.w.org\/images\/core\/emoji\/13.1.0\/svg\/2757.svg\" alt=\"\u2757\" \/><\/p><p>Czy wiesz, \u017ce T-shirt ZWF mo\u017ce by\u0107 Tw\u00f3j?<\/p><p>Wystarczy \u017ce zarekomendujesz festiwal jednemu z Twoich znajomych, aby m\u00f3c otrzyma\u0107 T-shirt za darmo! <img decoding=\"async\" class=\"emoji\" role=\"img\" draggable=\"false\" src=\"https:\/\/s.w.org\/images\/core\/emoji\/13.1.0\/svg\/1f193.svg\" alt=\"\ud83c\udd93\" \/><\/p><p><strong>Jak go zdoby\u0107<img decoding=\"async\" class=\"emoji\" role=\"img\" draggable=\"false\" src=\"https:\/\/s.w.org\/images\/core\/emoji\/13.1.0\/svg\/2753.svg\" alt=\"\u2753\" \/><\/strong><\/p><p><img decoding=\"async\" class=\"emoji\" role=\"img\" draggable=\"false\" src=\"https:\/\/s.w.org\/images\/core\/emoji\/13.1.0\/svg\/31-20e3.svg\" alt=\"1\ufe0f\u20e3\" \/> Zarejestruj si\u0119 na wydarzenie. Po op\u0142aceniu biletu otrzymasz e-mail z unikalnym Linkiem Rekomendacyjnym.<br \/><img decoding=\"async\" class=\"emoji\" role=\"img\" draggable=\"false\" src=\"https:\/\/s.w.org\/images\/core\/emoji\/13.1.0\/svg\/32-20e3.svg\" alt=\"2\ufe0f\u20e3\" \/> Podziel si\u0119 swoim linkiem ze znajomymi lub stw\u00f3rz w\u0142asn\u0105 grup\u0119 zni\u017ckow\u0105.<br \/><img decoding=\"async\" class=\"emoji\" role=\"img\" draggable=\"false\" src=\"https:\/\/s.w.org\/images\/core\/emoji\/13.1.0\/svg\/33-20e3.svg\" alt=\"3\ufe0f\u20e3\" \/> Kiedy zauwa\u017cymy, \u017ce nowa osoba op\u0142aci\u0142a rejestracj\u0119 z u\u017cyciem Twojego linku rekomendacyjnego wy\u015blemy do Ciebie zwiadomo\u015b\u0107 e-mail. W zale\u017cno\u015bci od liczby os\u00f3b zarejestrowanych z Twojego polecenia mo\u017cesz otrzyma\u0107 nast\u0119puj\u0105ce nagrody:<\/p><table class=\"table\"><thead class=\"thead-dark\"><tr><th scope=\"col\">Liczba rekomendacji<\/th><th scope=\"col\">Nagroda<\/th><\/tr><\/thead><tbody><tr><td>1<\/td><td><strong>Darmowy T-shirt<\/strong> Zouk Wroclove Festival<\/td><\/tr><tr><td>3<\/td><td><strong>Specjalny Personalizowany T-shirt<\/strong> Zouk Wroclove Festival z Twoim imieniem na plecach<\/td><\/tr><tr><td>6<\/td><td><strong>50% zni\u017cki<\/strong> na nast\u0119pny Zouk Wroclove Festival (obecny lub przysz\u0142y)<\/td><\/tr><tr><td>10<\/td><td><strong>100% zni\u017cki<\/strong> na nast\u0119pny Zouk Wroclove Festival (obecny lub przysz\u0142y)<\/td><\/tr><tr><td colspan=\"2\">\u00a0<\/td><\/tr><\/tbody><\/table><p><img decoding=\"async\" src=\"\/wp-content\/uploads\/2020\/08\/recommendations.png\" \/><\/p><\/div>\t\t\t\t\t\t<\/div>\n\t\t\t\t<\/div>\n\t\t\t\t<div class=\"elementor-element elementor-element-61f2e2a elementor-widget elementor-widget-video\" data-id=\"61f2e2a\" data-element_type=\"widget\" data-settings=\"{&quot;youtube_url&quot;:&quot;https:\\\/\\\/www.youtube.com\\\/embed\\\/O6uGWzofv-Y&quot;,&quot;video_type&quot;:&quot;youtube&quot;,&quot;controls&quot;:&quot;yes&quot;}\" data-widget_type=\"video.default\">\n\t\t\t\t<div class=\"elementor-widget-container\">\n\t\t\t\t\t<div class=\"elementor-wrapper elementor-open-inline\">\n\t\t\t<div class=\"elementor-video\"><\/div>\t\t<\/div>\n\t\t\t\t<\/div>\n\t\t\t\t<\/div>\n\t\t\t\t\t<\/div>\n\t\t<\/div>\n\t\t\t\t<div class=\"elementor-column elementor-col-33 elementor-top-column elementor-element elementor-element-13a72c5\" data-id=\"13a72c5\" data-element_type=\"column\">\n\t\t\t<div class=\"elementor-widget-wrap\">\n\t\t\t\t\t\t\t\t\t<\/div>\n\t\t<\/div>\n\t\t\t\t\t\t\t<\/div>\n\t\t<\/section>\n\t\t\t\t\t\t\t<\/div>\n\t\t","protected":false},"excerpt":{"rendered":"<p>Pragniemy zaprezentowa\u00c4\u2021 nasz nowy\u00c2\u00a0T-shirt! Zouk Wroclove Festival!\u00c2\u00a0 Niesamowy, zdumiewaj\u00c4\u2026co wspania\u00c5\u201ay i&#8230; super sexy! Nasi niezykli modele: Larissa Thayane, Paloma Alves oraz Kadu Pires poka\u00c5\u00bc\u00c4\u2026 Ci jak nosi\u00c4\u2021 go z klas\u00c4\u2026 Czy wiesz, \u00c5\u00bce T-shirt ZWF mo\u00c5\u00bce by\u00c4\u2021 Tw\u00c3\u00b3j? Wystarczy \u00c5\u00bce zarekomendujesz festiwal jednemu z Twoich znajomych, aby m\u00c3\u00b3c otrzyma\u00c4\u2021 T-shirt za darmo! Jak go zdoby\u00c4\u2021 [&hellip;]<\/p>\n","protected":false},"author":1,"featured_media":0,"parent":0,"menu_order":0,"comment_status":"closed","ping_status":"closed","template":"elementor_header_footer","meta":{"footnotes":""},"_links":{"self":[{"href":"http:\/\/zoukwroclove.pl\/pl\/wp-json\/wp\/v2\/pages\/17"}],"collection":[{"href":"http:\/\/zoukwroclove.pl\/pl\/wp-json\/wp\/v2\/pages"}],"about":[{"href":"http:\/\/zoukwroclove.pl\/pl\/wp-json\/wp\/v2\/types\/page"}],"author":[{"embeddable":true,"href":"http:\/\/zoukwroclove.pl\/pl\/wp-json\/wp\/v2\/users\/1"}],"replies":[{"embeddable":true,"href":"http:\/\/zoukwroclove.pl\/pl\/wp-json\/wp\/v2\/comments?post=17"}],"version-history":[{"count":18,"href":"http:\/\/zoukwroclove.pl\/pl\/wp-json\/wp\/v2\/pages\/17\/revisions"}],"predecessor-version":[{"id":3943,"href":"http:\/\/zoukwroclove.pl\/pl\/wp-json\/wp\/v2\/pages\/17\/revisions\/3943"}],"wp:attachment":[{"href":"http:\/\/zoukwroclove.pl\/pl\/wp-json\/wp\/v2\/media?parent=17"}],"curies":[{"name":"wp","href":"https:\/\/api.w.org\/{rel}","templated":true}]}}