{"id":183,"date":"2020-08-16T17:02:26","date_gmt":"2020-08-16T15:02:26","guid":{"rendered":"http:\/\/2021.zoukpasion.pl\/?page_id=183"},"modified":"2024-03-17T10:22:54","modified_gmt":"2024-03-17T09:22:54","slug":"info","status":"publish","type":"page","link":"http:\/\/zoukwroclove.pl\/pl\/","title":{"rendered":"Info"},"content":{"rendered":"\t\t<div data-elementor-type=\"wp-page\" data-elementor-id=\"183\" class=\"elementor elementor-183 elementor-180\">\n\t\t\t\t\t\t\t\t\t<section class=\"elementor-section elementor-top-section elementor-element elementor-element-1bf7e3b elementor-section-boxed elementor-section-height-default elementor-section-height-default\" data-id=\"1bf7e3b\" data-element_type=\"section\">\n\t\t\t\t\t\t<div class=\"elementor-container elementor-column-gap-default\">\n\t\t\t\t\t<div class=\"elementor-column elementor-col-100 elementor-top-column elementor-element elementor-element-741670f\" data-id=\"741670f\" data-element_type=\"column\">\n\t\t\t<div class=\"elementor-widget-wrap elementor-element-populated\">\n\t\t\t\t\t\t\t\t<div class=\"elementor-element elementor-element-cd72874 elementor-widget elementor-widget-image\" data-id=\"cd72874\" data-element_type=\"widget\" data-widget_type=\"image.default\">\n\t\t\t\t<div class=\"elementor-widget-container\">\n\t\t\t\t\t\t\t\t\t\t\t\t\t\t\t<img decoding=\"async\" src=\"http:\/\/zoukwroclove.pl\/wp-content\/uploads\/2024\/01\/zwf2024_cover_1.jpg\" title=\"zwf2024_cover_1\" alt=\"zwf2024_cover_1\" loading=\"lazy\" \/>\t\t\t\t\t\t\t\t\t\t\t\t\t\t\t<\/div>\n\t\t\t\t<\/div>\n\t\t\t\t\t<\/div>\n\t\t<\/div>\n\t\t\t\t\t\t\t<\/div>\n\t\t<\/section>\n\t\t\t\t<section class=\"elementor-section elementor-top-section elementor-element elementor-element-a837063 elementor-section-boxed elementor-section-height-default elementor-section-height-default elementor-invisible\" data-id=\"a837063\" data-element_type=\"section\" data-settings=\"{&quot;animation&quot;:&quot;fadeIn&quot;}\">\n\t\t\t\t\t\t<div class=\"elementor-container elementor-column-gap-default\">\n\t\t\t\t\t<div class=\"elementor-column elementor-col-33 elementor-top-column elementor-element elementor-element-0829321\" data-id=\"0829321\" data-element_type=\"column\">\n\t\t\t<div class=\"elementor-widget-wrap elementor-element-populated\">\n\t\t\t\t\t\t\t\t<div class=\"elementor-element elementor-element-6b8d8a5 elementor-view-default elementor-position-top elementor-mobile-position-top elementor-widget elementor-widget-icon-box\" data-id=\"6b8d8a5\" data-element_type=\"widget\" data-widget_type=\"icon-box.default\">\n\t\t\t\t<div class=\"elementor-widget-container\">\n\t\t\t\t\t<div class=\"elementor-icon-box-wrapper\">\n\t\t\t\t\t\t<div class=\"elementor-icon-box-icon\">\n\t\t\t\t<span  class=\"elementor-icon elementor-animation-\">\n\t\t\t\t<i aria-hidden=\"true\" class=\"fas fa-user-graduate\"><\/i>\t\t\t\t<\/span>\n\t\t\t<\/div>\n\t\t\t\t\t\t<div class=\"elementor-icon-box-content\">\n\t\t\t\t<h3 class=\"elementor-icon-box-title\">\n\t\t\t\t\t<span  >\n\t\t\t\t\t\t3 dni Warsztat\u00f3w\t\t\t\t\t<\/span>\n\t\t\t\t<\/h3>\n\t\t\t\t\t\t\t\t\t<p class=\"elementor-icon-box-description\">\n\t\t\t\t\t\t<br>Przygotuj si\u0119 na ogromn\u0105 dawk\u0119 wiedzy i nowych umiej\u0119tno\u015bci! Mo\u017cesz wybra\u0107 r\u00f3\u017cne \u015acie\u017cki nauczania. Ka\u017cda z nich zapewnia do 24h warsztat\u00f3w z profesjonalnym i do\u015bwiadczonym artyst\u0105!\t\t\t\t\t<\/p>\n\t\t\t\t\t\t\t<\/div>\n\t\t<\/div>\n\t\t\t\t<\/div>\n\t\t\t\t<\/div>\n\t\t\t\t\t<\/div>\n\t\t<\/div>\n\t\t\t\t<div class=\"elementor-column elementor-col-33 elementor-top-column elementor-element elementor-element-4926cb5\" data-id=\"4926cb5\" data-element_type=\"column\">\n\t\t\t<div class=\"elementor-widget-wrap elementor-element-populated\">\n\t\t\t\t\t\t\t\t<div class=\"elementor-element elementor-element-6ebd3fb elementor-view-default elementor-position-top elementor-mobile-position-top elementor-widget elementor-widget-icon-box\" data-id=\"6ebd3fb\" data-element_type=\"widget\" data-widget_type=\"icon-box.default\">\n\t\t\t\t<div class=\"elementor-widget-container\">\n\t\t\t\t\t<div class=\"elementor-icon-box-wrapper\">\n\t\t\t\t\t\t<div class=\"elementor-icon-box-icon\">\n\t\t\t\t<span  class=\"elementor-icon elementor-animation-\">\n\t\t\t\t<i aria-hidden=\"true\" class=\"fas fa-music\"><\/i>\t\t\t\t<\/span>\n\t\t\t<\/div>\n\t\t\t\t\t\t<div class=\"elementor-icon-box-content\">\n\t\t\t\t<h3 class=\"elementor-icon-box-title\">\n\t\t\t\t\t<span  >\n\t\t\t\t\t\t4 noce Praktis\u00f3w\t\t\t\t\t<\/span>\n\t\t\t\t<\/h3>\n\t\t\t\t\t\t\t\t\t<p class=\"elementor-icon-box-description\">\n\t\t\t\t\t\t<br><span style=\"font-size: 20.8px; letter-spacing: -0.288px; text-align: left; white-space: normal;\">B\u0119dziesz ta\u0144czy\u0107 ca\u0142\u0105 noc podczas czterech niesamowitych imprez. Co wi\u0119cej, b\u0119dziesz m\u00f3g\u0142 wybra\u0107 swoj\u0105 ulubion\u0105 muzyk\u0119 pomi\u0119dzy dwoma parkietami. Dostarczymy&nbsp;<\/span><span style=\"font-size: 20.8px; letter-spacing: -0.288px; text-align: left; white-space: normal;\">100% zoukow\u0105 muzyk\u0119 z najlepsz\u0105 mi\u0119dzynarodow\u0105 DJ-e!<\/span><br>\t\t\t\t\t<\/p>\n\t\t\t\t\t\t\t<\/div>\n\t\t<\/div>\n\t\t\t\t<\/div>\n\t\t\t\t<\/div>\n\t\t\t\t\t<\/div>\n\t\t<\/div>\n\t\t\t\t<div class=\"elementor-column elementor-col-33 elementor-top-column elementor-element elementor-element-4d66c80\" data-id=\"4d66c80\" data-element_type=\"column\">\n\t\t\t<div class=\"elementor-widget-wrap elementor-element-populated\">\n\t\t\t\t\t\t\t\t<div class=\"elementor-element elementor-element-09fed18 elementor-view-default elementor-position-top elementor-mobile-position-top elementor-widget elementor-widget-icon-box\" data-id=\"09fed18\" data-element_type=\"widget\" data-widget_type=\"icon-box.default\">\n\t\t\t\t<div class=\"elementor-widget-container\">\n\t\t\t\t\t<div class=\"elementor-icon-box-wrapper\">\n\t\t\t\t\t\t<div class=\"elementor-icon-box-icon\">\n\t\t\t\t<span  class=\"elementor-icon elementor-animation-\">\n\t\t\t\t<i aria-hidden=\"true\" class=\"fas fa-users\"><\/i>\t\t\t\t<\/span>\n\t\t\t<\/div>\n\t\t\t\t\t\t<div class=\"elementor-icon-box-content\">\n\t\t\t\t<h3 class=\"elementor-icon-box-title\">\n\t\t\t\t\t<span  >\n\t\t\t\t\t\tCa\u0142odzienny\nMaraton \t\t\t\t\t<\/span>\n\t\t\t\t<\/h3>\n\t\t\t\t\t\t\t\t\t<p class=\"elementor-icon-box-description\">\n\t\t\t\t\t\t<br>Je\u015bli nie chcesz bra\u0107 udzia\u0142u w warsztatach - zawsze mo\u017cesz wybra\u0107 parkiet chillout! Social Dance w ci\u0105gu dnia brzmi dla Ciebie dobrze? Do\u0142\u0105cz do nas dzisiaj! \t\t\t\t\t<\/p>\n\t\t\t\t\t\t\t<\/div>\n\t\t<\/div>\n\t\t\t\t<\/div>\n\t\t\t\t<\/div>\n\t\t\t\t\t<\/div>\n\t\t<\/div>\n\t\t\t\t\t\t\t<\/div>\n\t\t<\/section>\n\t\t\t\t<section class=\"elementor-section elementor-top-section elementor-element elementor-element-c2333df elementor-section-boxed elementor-section-height-default elementor-section-height-default\" data-id=\"c2333df\" data-element_type=\"section\">\n\t\t\t\t\t\t<div class=\"elementor-container elementor-column-gap-default\">\n\t\t\t\t\t<div class=\"elementor-column elementor-col-100 elementor-top-column elementor-element elementor-element-7bc3206\" data-id=\"7bc3206\" data-element_type=\"column\">\n\t\t\t<div class=\"elementor-widget-wrap elementor-element-populated\">\n\t\t\t\t\t\t\t\t<div class=\"elementor-element elementor-element-492b6be elementor-widget elementor-widget-heading\" data-id=\"492b6be\" data-element_type=\"widget\" data-widget_type=\"heading.default\">\n\t\t\t\t<div class=\"elementor-widget-container\">\n\t\t\t<h2 class=\"elementor-heading-title elementor-size-default\">Arty\u015bci<\/h2>\t\t<\/div>\n\t\t\t\t<\/div>\n\t\t\t\t\t<\/div>\n\t\t<\/div>\n\t\t\t\t\t\t\t<\/div>\n\t\t<\/section>\n\t\t\t\t<section class=\"elementor-section elementor-top-section elementor-element elementor-element-3450df1 elementor-section-boxed elementor-section-height-default elementor-section-height-default\" data-id=\"3450df1\" data-element_type=\"section\">\n\t\t\t\t\t\t<div class=\"elementor-container elementor-column-gap-default\">\n\t\t\t\t\t<div class=\"elementor-column elementor-col-100 elementor-top-column elementor-element elementor-element-e92b944\" data-id=\"e92b944\" data-element_type=\"column\">\n\t\t\t<div class=\"elementor-widget-wrap elementor-element-populated\">\n\t\t\t\t\t\t\t\t<div class=\"elementor-element elementor-element-9eab5e8 elementor-widget elementor-widget-toggle\" data-id=\"9eab5e8\" data-element_type=\"widget\" data-widget_type=\"toggle.default\">\n\t\t\t\t<div class=\"elementor-widget-container\">\n\t\t\t\t\t<div class=\"elementor-toggle\">\n\t\t\t\t\t\t\t<div class=\"elementor-toggle-item\">\n\t\t\t\t\t<div id=\"elementor-tab-title-1661\" class=\"elementor-tab-title\" data-tab=\"1\" role=\"button\" aria-controls=\"elementor-tab-content-1661\" aria-expanded=\"false\">\n\t\t\t\t\t\t\t\t\t\t\t\t<span class=\"elementor-toggle-icon elementor-toggle-icon-left\" aria-hidden=\"true\">\n\t\t\t\t\t\t\t\t\t\t\t\t\t\t\t<span class=\"elementor-toggle-icon-closed\"><i class=\"fas fa-caret-right\"><\/i><\/span>\n\t\t\t\t\t\t\t\t<span class=\"elementor-toggle-icon-opened\"><i class=\"elementor-toggle-icon-opened fas fa-caret-up\"><\/i><\/span>\n\t\t\t\t\t\t\t\t\t\t\t\t\t<\/span>\n\t\t\t\t\t\t\t\t\t\t\t\t<a class=\"elementor-toggle-title\" tabindex=\"0\">Anderson &amp; Branda<\/a>\n\t\t\t\t\t<\/div>\n\n\t\t\t\t\t<div id=\"elementor-tab-content-1661\" class=\"elementor-tab-content elementor-clearfix\" data-tab=\"1\" role=\"region\" aria-labelledby=\"elementor-tab-title-1661\"><p><img loading=\"lazy\" decoding=\"async\" class=\"alignnone size-medium wp-image-1362\" src=\"https:\/\/zoukwroclove.pl\/wp-content\/uploads\/2021\/12\/Anderson_Brenda_572x434-1-300x228.jpg\" alt=\"\" width=\"300\" height=\"228\" srcset=\"http:\/\/zoukwroclove.pl\/wp-content\/uploads\/2021\/12\/Anderson_Brenda_572x434-1-300x228.jpg 300w, http:\/\/zoukwroclove.pl\/wp-content\/uploads\/2021\/12\/Anderson_Brenda_572x434-1.jpg 572w\" sizes=\"(max-width: 300px) 100vw, 300px\" \/><\/p>\n<\/div>\n\t\t\t\t<\/div>\n\t\t\t\t\t\t\t<div class=\"elementor-toggle-item\">\n\t\t\t\t\t<div id=\"elementor-tab-title-1662\" class=\"elementor-tab-title\" data-tab=\"2\" role=\"button\" aria-controls=\"elementor-tab-content-1662\" aria-expanded=\"false\">\n\t\t\t\t\t\t\t\t\t\t\t\t<span class=\"elementor-toggle-icon elementor-toggle-icon-left\" aria-hidden=\"true\">\n\t\t\t\t\t\t\t\t\t\t\t\t\t\t\t<span class=\"elementor-toggle-icon-closed\"><i class=\"fas fa-caret-right\"><\/i><\/span>\n\t\t\t\t\t\t\t\t<span class=\"elementor-toggle-icon-opened\"><i class=\"elementor-toggle-icon-opened fas fa-caret-up\"><\/i><\/span>\n\t\t\t\t\t\t\t\t\t\t\t\t\t<\/span>\n\t\t\t\t\t\t\t\t\t\t\t\t<a class=\"elementor-toggle-title\" tabindex=\"0\">Lucas &amp; Thayna<\/a>\n\t\t\t\t\t<\/div>\n\n\t\t\t\t\t<div id=\"elementor-tab-content-1662\" class=\"elementor-tab-content elementor-clearfix\" data-tab=\"2\" role=\"region\" aria-labelledby=\"elementor-tab-title-1662\"><p><img loading=\"lazy\" decoding=\"async\" class=\"aligncenter size-medium wp-image-3888\" src=\"http:\/\/zoukwroclove.pl\/wp-content\/uploads\/2023\/06\/Lucas_Thayna_572x434-300x228.jpg\" alt=\"\" width=\"300\" height=\"228\" srcset=\"http:\/\/zoukwroclove.pl\/wp-content\/uploads\/2023\/06\/Lucas_Thayna_572x434-300x228.jpg 300w, http:\/\/zoukwroclove.pl\/wp-content\/uploads\/2023\/06\/Lucas_Thayna_572x434.jpg 572w\" sizes=\"(max-width: 300px) 100vw, 300px\" \/><\/p><\/div>\n\t\t\t\t<\/div>\n\t\t\t\t\t\t\t<div class=\"elementor-toggle-item\">\n\t\t\t\t\t<div id=\"elementor-tab-title-1663\" class=\"elementor-tab-title\" data-tab=\"3\" role=\"button\" aria-controls=\"elementor-tab-content-1663\" aria-expanded=\"false\">\n\t\t\t\t\t\t\t\t\t\t\t\t<span class=\"elementor-toggle-icon elementor-toggle-icon-left\" aria-hidden=\"true\">\n\t\t\t\t\t\t\t\t\t\t\t\t\t\t\t<span class=\"elementor-toggle-icon-closed\"><i class=\"fas fa-caret-right\"><\/i><\/span>\n\t\t\t\t\t\t\t\t<span class=\"elementor-toggle-icon-opened\"><i class=\"elementor-toggle-icon-opened fas fa-caret-up\"><\/i><\/span>\n\t\t\t\t\t\t\t\t\t\t\t\t\t<\/span>\n\t\t\t\t\t\t\t\t\t\t\t\t<a class=\"elementor-toggle-title\" tabindex=\"0\">Akash &amp; Julia<\/a>\n\t\t\t\t\t<\/div>\n\n\t\t\t\t\t<div id=\"elementor-tab-content-1663\" class=\"elementor-tab-content elementor-clearfix\" data-tab=\"3\" role=\"region\" aria-labelledby=\"elementor-tab-title-1663\"><p><img loading=\"lazy\" decoding=\"async\" class=\"alignnone size-medium wp-image-306\" src=\"https:\/\/zoukwroclove.pl\/wp-content\/uploads\/2020\/08\/Akash_Julia_572x434-300x228.jpg\" alt=\"\" width=\"300\" height=\"228\" srcset=\"http:\/\/zoukwroclove.pl\/wp-content\/uploads\/2020\/08\/Akash_Julia_572x434-300x228.jpg 300w, http:\/\/zoukwroclove.pl\/wp-content\/uploads\/2020\/08\/Akash_Julia_572x434.jpg 572w\" sizes=\"(max-width: 300px) 100vw, 300px\" \/><\/p>\n<\/div>\n\t\t\t\t<\/div>\n\t\t\t\t\t\t\t<div class=\"elementor-toggle-item\">\n\t\t\t\t\t<div id=\"elementor-tab-title-1664\" class=\"elementor-tab-title\" data-tab=\"4\" role=\"button\" aria-controls=\"elementor-tab-content-1664\" aria-expanded=\"false\">\n\t\t\t\t\t\t\t\t\t\t\t\t<span class=\"elementor-toggle-icon elementor-toggle-icon-left\" aria-hidden=\"true\">\n\t\t\t\t\t\t\t\t\t\t\t\t\t\t\t<span class=\"elementor-toggle-icon-closed\"><i class=\"fas fa-caret-right\"><\/i><\/span>\n\t\t\t\t\t\t\t\t<span class=\"elementor-toggle-icon-opened\"><i class=\"elementor-toggle-icon-opened fas fa-caret-up\"><\/i><\/span>\n\t\t\t\t\t\t\t\t\t\t\t\t\t<\/span>\n\t\t\t\t\t\t\t\t\t\t\t\t<a class=\"elementor-toggle-title\" tabindex=\"0\">Zuzanna Sadowska<\/a>\n\t\t\t\t\t<\/div>\n\n\t\t\t\t\t<div id=\"elementor-tab-content-1664\" class=\"elementor-tab-content elementor-clearfix\" data-tab=\"4\" role=\"region\" aria-labelledby=\"elementor-tab-title-1664\"><\/div>\n\t\t\t\t<\/div>\n\t\t\t\t\t\t\t<div class=\"elementor-toggle-item\">\n\t\t\t\t\t<div id=\"elementor-tab-title-1665\" class=\"elementor-tab-title\" data-tab=\"5\" role=\"button\" aria-controls=\"elementor-tab-content-1665\" aria-expanded=\"false\">\n\t\t\t\t\t\t\t\t\t\t\t\t<span class=\"elementor-toggle-icon elementor-toggle-icon-left\" aria-hidden=\"true\">\n\t\t\t\t\t\t\t\t\t\t\t\t\t\t\t<span class=\"elementor-toggle-icon-closed\"><i class=\"fas fa-caret-right\"><\/i><\/span>\n\t\t\t\t\t\t\t\t<span class=\"elementor-toggle-icon-opened\"><i class=\"elementor-toggle-icon-opened fas fa-caret-up\"><\/i><\/span>\n\t\t\t\t\t\t\t\t\t\t\t\t\t<\/span>\n\t\t\t\t\t\t\t\t\t\t\t\t<a class=\"elementor-toggle-title\" tabindex=\"0\">Dominik &amp; Monika<\/a>\n\t\t\t\t\t<\/div>\n\n\t\t\t\t\t<div id=\"elementor-tab-content-1665\" class=\"elementor-tab-content elementor-clearfix\" data-tab=\"5\" role=\"region\" aria-labelledby=\"elementor-tab-title-1665\"><p><img loading=\"lazy\" decoding=\"async\" class=\"alignnone size-medium wp-image-1366\" src=\"https:\/\/zoukwroclove.pl\/wp-content\/uploads\/2021\/12\/Dominik_Monika_572x434-300x228.jpg\" alt=\"\" width=\"300\" height=\"228\" srcset=\"http:\/\/zoukwroclove.pl\/wp-content\/uploads\/2021\/12\/Dominik_Monika_572x434-300x228.jpg 300w, http:\/\/zoukwroclove.pl\/wp-content\/uploads\/2021\/12\/Dominik_Monika_572x434.jpg 572w\" sizes=\"(max-width: 300px) 100vw, 300px\" \/><\/p>\n<\/div>\n\t\t\t\t<\/div>\n\t\t\t\t\t\t\t<div class=\"elementor-toggle-item\">\n\t\t\t\t\t<div id=\"elementor-tab-title-1666\" class=\"elementor-tab-title\" data-tab=\"6\" role=\"button\" aria-controls=\"elementor-tab-content-1666\" aria-expanded=\"false\">\n\t\t\t\t\t\t\t\t\t\t\t\t<span class=\"elementor-toggle-icon elementor-toggle-icon-left\" aria-hidden=\"true\">\n\t\t\t\t\t\t\t\t\t\t\t\t\t\t\t<span class=\"elementor-toggle-icon-closed\"><i class=\"fas fa-caret-right\"><\/i><\/span>\n\t\t\t\t\t\t\t\t<span class=\"elementor-toggle-icon-opened\"><i class=\"elementor-toggle-icon-opened fas fa-caret-up\"><\/i><\/span>\n\t\t\t\t\t\t\t\t\t\t\t\t\t<\/span>\n\t\t\t\t\t\t\t\t\t\t\t\t<a class=\"elementor-toggle-title\" tabindex=\"0\">Micha\u0142 &amp; Dorota<\/a>\n\t\t\t\t\t<\/div>\n\n\t\t\t\t\t<div id=\"elementor-tab-content-1666\" class=\"elementor-tab-content elementor-clearfix\" data-tab=\"6\" role=\"region\" aria-labelledby=\"elementor-tab-title-1666\"><p><img loading=\"lazy\" decoding=\"async\" class=\"aligncenter wp-image-3467 size-medium\" src=\"https:\/\/zoukwroclove.pl\/wp-content\/uploads\/2022\/12\/Michal_Dorota_572x434-300x228.jpg\" alt=\"\" width=\"300\" height=\"228\" srcset=\"http:\/\/zoukwroclove.pl\/wp-content\/uploads\/2022\/12\/Michal_Dorota_572x434-300x228.jpg 300w, http:\/\/zoukwroclove.pl\/wp-content\/uploads\/2022\/12\/Michal_Dorota_572x434.jpg 572w\" sizes=\"(max-width: 300px) 100vw, 300px\" \/><\/p>\n<\/div>\n\t\t\t\t<\/div>\n\t\t\t\t\t\t\t\t<\/div>\n\t\t\t\t<\/div>\n\t\t\t\t<\/div>\n\t\t\t\t\t<\/div>\n\t\t<\/div>\n\t\t\t\t\t\t\t<\/div>\n\t\t<\/section>\n\t\t\t\t<section class=\"elementor-section elementor-top-section elementor-element elementor-element-14f018e elementor-section-boxed elementor-section-height-default elementor-section-height-default\" data-id=\"14f018e\" data-element_type=\"section\">\n\t\t\t\t\t\t<div class=\"elementor-container elementor-column-gap-default\">\n\t\t\t\t\t<div class=\"elementor-column elementor-col-100 elementor-top-column elementor-element elementor-element-11680d6\" data-id=\"11680d6\" data-element_type=\"column\">\n\t\t\t<div class=\"elementor-widget-wrap\">\n\t\t\t\t\t\t\t\t\t<\/div>\n\t\t<\/div>\n\t\t\t\t\t\t\t<\/div>\n\t\t<\/section>\n\t\t\t\t<section class=\"elementor-section elementor-top-section elementor-element elementor-element-44a269b8 elementor-section-boxed elementor-section-height-default elementor-section-height-default\" data-id=\"44a269b8\" data-element_type=\"section\">\n\t\t\t\t\t\t<div class=\"elementor-container elementor-column-gap-default\">\n\t\t\t\t\t<div class=\"elementor-column elementor-col-100 elementor-top-column elementor-element elementor-element-67ff6e4b\" data-id=\"67ff6e4b\" data-element_type=\"column\">\n\t\t\t<div class=\"elementor-widget-wrap elementor-element-populated\">\n\t\t\t\t\t\t\t\t<div class=\"elementor-element elementor-element-33ce811 elementor-widget elementor-widget-heading\" data-id=\"33ce811\" data-element_type=\"widget\" data-widget_type=\"heading.default\">\n\t\t\t\t<div class=\"elementor-widget-container\">\n\t\t\t<h3 class=\"elementor-heading-title elementor-size-default\">Jak si\u0119 zarejestrowa\u0107?<\/h3>\t\t<\/div>\n\t\t\t\t<\/div>\n\t\t\t\t<div class=\"elementor-element elementor-element-7501361c elementor-widget elementor-widget-text-editor\" data-id=\"7501361c\" data-element_type=\"widget\" data-widget_type=\"text-editor.default\">\n\t\t\t\t<div class=\"elementor-widget-container\">\n\t\t\t\t\t\t\t<figure><img decoding=\"async\" src=\"http:\/\/2021.zoukpasion.pl\/wp-content\/uploads\/2020\/08\/cover_photo_www_2021-2.jpg\" alt=\"\" \/><\/figure><p>Data: 23-26.05.2026<\/p><p>Miejsce: Wroc\u0142aw, ul. Braniborska 14, <span style=\"font-size: inherit; text-align: inherit; color: var( --e-global-color-text ); font-family: var( --e-global-typography-text-font-family ); font-weight: var( --e-global-typography-text-font-weight ); letter-spacing: -0.015em;\">La Rosa Negra<\/span><\/p><p>1. Wype\u0142nij formularz w zak\u0142adce \u201e<a href=\"https:\/\/zoukwroclove.pl\/pl\/kup-bilet\/\">Bilety\/Kup Bilet<\/a>\u201e<br \/>2. Po otrzymaniu potwierdzenia (wy\u015blemy wiadomo\u015b\u0107 z potwierdzeniem), wp\u0142a\u0107 kwot\u0119 za bilet zgodnie z <a href=\"https:\/\/zoukwroclove.pl\/pl\/cennik\/\">cennikiem<\/a>.<br \/>3. To wszystko! Potwierdzenie przelewu stanowi dow\u00f3d zakupu (mo\u017cna zrezygnowa\u0107 z zakupu w ci\u0105gu 14 dni z pe\u0142nym zwrotem kosztu biletu).<\/p><p>4. Istnieje mo\u017cliwo\u015b\u0107, \u017ce <span style=\"letter-spacing: -0.288px; color: var( --e-global-color-text ); font-family: var( --e-global-typography-text-font-family ), Sans-serif; font-weight: var( --e-global-typography-text-font-weight ); font-size: 1.3rem;\">liczba dost\u0119pnych miejsc zostanie ograniczona<\/span> w celu zapewnienia optymalnych warunk\u00f3w pracy podczas zaj\u0119\u0107 \u2013 w takim wypadku <span style=\"font-size: 20.8px; letter-spacing: -0.312px;\">o mo\u017cliwo\u015bci uczestnictwa decyduje kolejno\u015b\u0107 rejestracji<\/span>.<\/p>\t\t\t\t\t\t<\/div>\n\t\t\t\t<\/div>\n\t\t\t\t\t<\/div>\n\t\t<\/div>\n\t\t\t\t\t\t\t<\/div>\n\t\t<\/section>\n\t\t\t\t<section class=\"elementor-section elementor-top-section elementor-element elementor-element-7f131fa elementor-section-boxed elementor-section-height-default elementor-section-height-default\" data-id=\"7f131fa\" data-element_type=\"section\">\n\t\t\t\t\t\t<div class=\"elementor-container elementor-column-gap-default\">\n\t\t\t\t\t<div class=\"elementor-column elementor-col-100 elementor-top-column elementor-element elementor-element-14c4eda\" data-id=\"14c4eda\" data-element_type=\"column\">\n\t\t\t<div class=\"elementor-widget-wrap elementor-element-populated\">\n\t\t\t\t\t\t\t\t<div class=\"elementor-element elementor-element-e2930d1 elementor-align-center elementor-invisible elementor-widget elementor-widget-button\" data-id=\"e2930d1\" data-element_type=\"widget\" data-settings=\"{&quot;_animation&quot;:&quot;zoomIn&quot;}\" data-widget_type=\"button.default\">\n\t\t\t\t<div class=\"elementor-widget-container\">\n\t\t\t\t\t<div class=\"elementor-button-wrapper\">\n\t\t\t<a class=\"elementor-button elementor-button-link elementor-size-xl elementor-animation-shrink\" href=\"\/en\/buy-ticket\">\n\t\t\t\t\t\t<span class=\"elementor-button-content-wrapper\">\n\t\t\t\t\t\t<span class=\"elementor-button-icon elementor-align-icon-right\">\n\t\t\t\t<i aria-hidden=\"true\" class=\"far fa-arrow-alt-circle-right\"><\/i>\t\t\t<\/span>\n\t\t\t\t\t\t<span class=\"elementor-button-text\">Kup BIlet<\/span>\n\t\t<\/span>\n\t\t\t\t\t<\/a>\n\t\t<\/div>\n\t\t\t\t<\/div>\n\t\t\t\t<\/div>\n\t\t\t\t\t<\/div>\n\t\t<\/div>\n\t\t\t\t\t\t\t<\/div>\n\t\t<\/section>\n\t\t\t\t\t\t\t<\/div>\n\t\t","protected":false},"excerpt":{"rendered":"<p>3 dni Warsztat\u00f3w Przygotuj si\u0119 na ogromn\u0105 dawk\u0119 wiedzy i nowych umiej\u0119tno\u015bci! Mo\u017cesz wybra\u0107 r\u00f3\u017cne \u015acie\u017cki nauczania. Ka\u017cda z nich zapewnia do 24h warsztat\u00f3w z profesjonalnym i do\u015bwiadczonym artyst\u0105! 4 noce Praktis\u00f3w B\u0119dziesz ta\u0144czy\u0107 ca\u0142\u0105 noc podczas czterech niesamowitych imprez. Co wi\u0119cej, b\u0119dziesz m\u00f3g\u0142 wybra\u0107 swoj\u0105 ulubion\u0105 muzyk\u0119 pomi\u0119dzy dwoma parkietami. Dostarczymy&nbsp;100% zoukow\u0105 muzyk\u0119 z [&hellip;]<\/p>\n","protected":false},"author":1,"featured_media":0,"parent":0,"menu_order":0,"comment_status":"closed","ping_status":"closed","template":"elementor_header_footer","meta":{"footnotes":""},"_links":{"self":[{"href":"http:\/\/zoukwroclove.pl\/pl\/wp-json\/wp\/v2\/pages\/183"}],"collection":[{"href":"http:\/\/zoukwroclove.pl\/pl\/wp-json\/wp\/v2\/pages"}],"about":[{"href":"http:\/\/zoukwroclove.pl\/pl\/wp-json\/wp\/v2\/types\/page"}],"author":[{"embeddable":true,"href":"http:\/\/zoukwroclove.pl\/pl\/wp-json\/wp\/v2\/users\/1"}],"replies":[{"embeddable":true,"href":"http:\/\/zoukwroclove.pl\/pl\/wp-json\/wp\/v2\/comments?post=183"}],"version-history":[{"count":135,"href":"http:\/\/zoukwroclove.pl\/pl\/wp-json\/wp\/v2\/pages\/183\/revisions"}],"predecessor-version":[{"id":4015,"href":"http:\/\/zoukwroclove.pl\/pl\/wp-json\/wp\/v2\/pages\/183\/revisions\/4015"}],"wp:attachment":[{"href":"http:\/\/zoukwroclove.pl\/pl\/wp-json\/wp\/v2\/media?parent=183"}],"curies":[{"name":"wp","href":"https:\/\/api.w.org\/{rel}","templated":true}]}}