{"id":1880,"date":"2022-04-23T13:10:56","date_gmt":"2022-04-23T11:10:56","guid":{"rendered":"https:\/\/zoukwroclove.pl\/michael-aline\/"},"modified":"2022-04-23T22:28:58","modified_gmt":"2022-04-23T20:28:58","slug":"michael-aline","status":"publish","type":"page","link":"http:\/\/zoukwroclove.pl\/pl\/artysci\/michael-aline\/","title":{"rendered":"Michael &amp; Aline"},"content":{"rendered":"\t\t<div data-elementor-type=\"wp-page\" data-elementor-id=\"1880\" class=\"elementor elementor-1880 elementor-1875\">\n\t\t\t\t\t\t\t\t\t<section class=\"elementor-section elementor-top-section elementor-element elementor-element-fa376d4 elementor-section-boxed elementor-section-height-default elementor-section-height-default\" data-id=\"fa376d4\" data-element_type=\"section\">\n\t\t\t\t\t\t<div class=\"elementor-container elementor-column-gap-default\">\n\t\t\t\t\t<div class=\"elementor-column elementor-col-100 elementor-top-column elementor-element elementor-element-f54c4b3\" data-id=\"f54c4b3\" data-element_type=\"column\">\n\t\t\t<div class=\"elementor-widget-wrap elementor-element-populated\">\n\t\t\t\t\t\t\t\t<div class=\"elementor-element elementor-element-a65b815 elementor-widget elementor-widget-heading\" data-id=\"a65b815\" data-element_type=\"widget\" data-widget_type=\"heading.default\">\n\t\t\t\t<div class=\"elementor-widget-container\">\n\t\t\t<h2 class=\"elementor-heading-title elementor-size-default\"><span style=\"font-family:Impact; letter-spacing: 0.5rem;\">Michael &amp; Aline<\/span><\/h2>\t\t<\/div>\n\t\t\t\t<\/div>\n\t\t\t\t\t<\/div>\n\t\t<\/div>\n\t\t\t\t\t\t\t<\/div>\n\t\t<\/section>\n\t\t\t\t<section class=\"elementor-section elementor-top-section elementor-element elementor-element-a882cdf elementor-section-boxed elementor-section-height-default elementor-section-height-default\" data-id=\"a882cdf\" data-element_type=\"section\">\n\t\t\t\t\t\t<div class=\"elementor-container elementor-column-gap-default\">\n\t\t\t\t\t<div class=\"elementor-column elementor-col-100 elementor-top-column elementor-element elementor-element-871184c\" data-id=\"871184c\" data-element_type=\"column\">\n\t\t\t<div class=\"elementor-widget-wrap elementor-element-populated\">\n\t\t\t\t\t\t\t\t<div class=\"elementor-element elementor-element-b1028d3 elementor-widget elementor-widget-text-editor\" data-id=\"b1028d3\" data-element_type=\"widget\" data-widget_type=\"text-editor.default\">\n\t\t\t\t<div class=\"elementor-widget-container\">\n\t\t\t\t\t\t\t<p><img loading=\"lazy\" decoding=\"async\" class=\"alignleft wp-image-841 size-full\" src=\"https:\/\/zoukwroclove.pl\/wp-content\/uploads\/2021\/03\/Michael_Aline_572x434.jpg\" alt=\"\" width=\"572\" height=\"434\" srcset=\"http:\/\/zoukwroclove.pl\/wp-content\/uploads\/2021\/03\/Michael_Aline_572x434.jpg 572w, http:\/\/zoukwroclove.pl\/wp-content\/uploads\/2021\/03\/Michael_Aline_572x434-300x228.jpg 300w\" sizes=\"(max-width: 572px) 100vw, 572px\" \/><strong>Michael &amp; Aline<\/strong><\/p><p>Czy wiesz ,\u017ce Michael &amp; Aline to pi\u0119ciokrotni mistrzowie zawod\u00f3w w zouku brazylijskim? S\u0105 zaanga\u017cowani w rozw\u00f3j tego ta\u0144ca od 17 lat w roli nauczycieli, choreograf\u00f3w i s\u0119dzi\u00f3w. S\u0105 szczeg\u00f3lnie rozpoznawalni dzi\u0119ki swojej perfekcyjnej technice i czysto\u015bci ruchu po\u0142\u0105czonej ze zmys\u0142owo\u015bci\u0105 i elementami akrobatycznymi. Ich spos\u00f3b poruszania si\u0119 jest bardzo innowacyjny. W trakcie swojej kariery tanecznej uczestniczyli w wielu pokazach tanecznych, brali udzia\u0142 w zawodach oraz nauczali w wielu r\u00f3\u017cnych krajach.<\/p><p>Od 2012 roku rozwijaj\u0105 swoj\u0105 unikatow\u0105 technik\u0119 &#8222;Universal Lead &amp; Follow System&#8221;, kt\u00f3ra opiera si\u0119 na obserwacji, inspiracji od innych instruktor\u00f3w oraz rozumieniu biomechaniki ruchu, kt\u00f3ra mo\u017ce by\u0107 wykorzystana te\u017c w innych stylach tanecznych.<\/p>\t\t\t\t\t\t<\/div>\n\t\t\t\t<\/div>\n\t\t\t\t\t<\/div>\n\t\t<\/div>\n\t\t\t\t\t\t\t<\/div>\n\t\t<\/section>\n\t\t\t\t<section class=\"elementor-section elementor-top-section elementor-element elementor-element-c51b75e elementor-section-boxed elementor-section-height-default elementor-section-height-default\" data-id=\"c51b75e\" data-element_type=\"section\">\n\t\t\t\t\t\t<div class=\"elementor-container elementor-column-gap-default\">\n\t\t\t\t\t<div class=\"elementor-column elementor-col-100 elementor-top-column elementor-element elementor-element-e860c63\" data-id=\"e860c63\" data-element_type=\"column\">\n\t\t\t<div class=\"elementor-widget-wrap elementor-element-populated\">\n\t\t\t\t\t\t\t\t<div class=\"elementor-element elementor-element-db0371e elementor-widget elementor-widget-video\" data-id=\"db0371e\" data-element_type=\"widget\" data-settings=\"{&quot;youtube_url&quot;:&quot;https:\\\/\\\/www.youtube.com\\\/embed\\\/8qrJcP5tU4k&quot;,&quot;video_type&quot;:&quot;youtube&quot;,&quot;controls&quot;:&quot;yes&quot;}\" data-widget_type=\"video.default\">\n\t\t\t\t<div class=\"elementor-widget-container\">\n\t\t\t\t\t<div class=\"elementor-wrapper elementor-open-inline\">\n\t\t\t<div class=\"elementor-video\"><\/div>\t\t<\/div>\n\t\t\t\t<\/div>\n\t\t\t\t<\/div>\n\t\t\t\t\t<\/div>\n\t\t<\/div>\n\t\t\t\t\t\t\t<\/div>\n\t\t<\/section>\n\t\t\t\t\t\t\t<\/div>\n\t\t","protected":false},"excerpt":{"rendered":"<p>Michael &amp; Aline Michael &amp; Aline Czy wiesz ,\u00c5\u00bce Michael &amp; Aline to pi\u00c4\u2122ciokrotni mistrzowie zawod\u00c3\u00b3w w zouku brazylijskim? S\u00c4\u2026 zaanga\u00c5\u00bcowani w rozw\u00c3\u00b3j tego ta\u00c5\u201eca od 17 lat w roli nauczycieli, choreograf\u00c3\u00b3w i s\u00c4\u2122dzi\u00c3\u00b3w. S\u00c4\u2026 szczeg\u00c3\u00b3lnie rozpoznawalni dzi\u00c4\u2122ki swojej perfekcyjnej technice i czysto\u00c5\u203aci ruchu po\u00c5\u201a\u00c4\u2026czonej ze zmys\u00c5\u201aowo\u00c5\u203aci\u00c4\u2026 i elementami akrobatycznymi. Ich spos\u00c3\u00b3b poruszania si\u00c4\u2122 jest [&hellip;]<\/p>\n","protected":false},"author":1,"featured_media":0,"parent":14,"menu_order":0,"comment_status":"closed","ping_status":"closed","template":"elementor_header_footer","meta":{"footnotes":""},"_links":{"self":[{"href":"http:\/\/zoukwroclove.pl\/pl\/wp-json\/wp\/v2\/pages\/1880"}],"collection":[{"href":"http:\/\/zoukwroclove.pl\/pl\/wp-json\/wp\/v2\/pages"}],"about":[{"href":"http:\/\/zoukwroclove.pl\/pl\/wp-json\/wp\/v2\/types\/page"}],"author":[{"embeddable":true,"href":"http:\/\/zoukwroclove.pl\/pl\/wp-json\/wp\/v2\/users\/1"}],"replies":[{"embeddable":true,"href":"http:\/\/zoukwroclove.pl\/pl\/wp-json\/wp\/v2\/comments?post=1880"}],"version-history":[{"count":15,"href":"http:\/\/zoukwroclove.pl\/pl\/wp-json\/wp\/v2\/pages\/1880\/revisions"}],"predecessor-version":[{"id":2168,"href":"http:\/\/zoukwroclove.pl\/pl\/wp-json\/wp\/v2\/pages\/1880\/revisions\/2168"}],"up":[{"embeddable":true,"href":"http:\/\/zoukwroclove.pl\/pl\/wp-json\/wp\/v2\/pages\/14"}],"wp:attachment":[{"href":"http:\/\/zoukwroclove.pl\/pl\/wp-json\/wp\/v2\/media?parent=1880"}],"curies":[{"name":"wp","href":"https:\/\/api.w.org\/{rel}","templated":true}]}}