{"id":1912,"date":"2022-04-23T13:45:24","date_gmt":"2022-04-23T11:45:24","guid":{"rendered":"https:\/\/zoukwroclove.pl\/artysci\/marti-natalia\/"},"modified":"2022-04-23T14:12:34","modified_gmt":"2022-04-23T12:12:34","slug":"marti-natalia","status":"publish","type":"page","link":"http:\/\/zoukwroclove.pl\/pl\/artysci\/marti-natalia\/","title":{"rendered":"Marti &amp; Natalia"},"content":{"rendered":"\t\t<div data-elementor-type=\"wp-page\" data-elementor-id=\"1912\" class=\"elementor elementor-1912 elementor-1906\">\n\t\t\t\t\t\t\t\t\t<section class=\"elementor-section elementor-top-section elementor-element elementor-element-fa376d4 elementor-section-boxed elementor-section-height-default elementor-section-height-default\" data-id=\"fa376d4\" data-element_type=\"section\">\n\t\t\t\t\t\t<div class=\"elementor-container elementor-column-gap-default\">\n\t\t\t\t\t<div class=\"elementor-column elementor-col-100 elementor-top-column elementor-element elementor-element-f54c4b3\" data-id=\"f54c4b3\" data-element_type=\"column\">\n\t\t\t<div class=\"elementor-widget-wrap elementor-element-populated\">\n\t\t\t\t\t\t\t\t<div class=\"elementor-element elementor-element-a65b815 elementor-widget elementor-widget-heading\" data-id=\"a65b815\" data-element_type=\"widget\" data-widget_type=\"heading.default\">\n\t\t\t\t<div class=\"elementor-widget-container\">\n\t\t\t<h2 class=\"elementor-heading-title elementor-size-default\"><span style=\"font-family:Impact; letter-spacing: 0.5rem;\">Marti &amp; Natalia<\/span><\/h2>\t\t<\/div>\n\t\t\t\t<\/div>\n\t\t\t\t\t<\/div>\n\t\t<\/div>\n\t\t\t\t\t\t\t<\/div>\n\t\t<\/section>\n\t\t\t\t<section class=\"elementor-section elementor-top-section elementor-element elementor-element-a882cdf elementor-section-boxed elementor-section-height-default elementor-section-height-default\" data-id=\"a882cdf\" data-element_type=\"section\">\n\t\t\t\t\t\t<div class=\"elementor-container elementor-column-gap-default\">\n\t\t\t\t\t<div class=\"elementor-column elementor-col-100 elementor-top-column elementor-element elementor-element-871184c\" data-id=\"871184c\" data-element_type=\"column\">\n\t\t\t<div class=\"elementor-widget-wrap elementor-element-populated\">\n\t\t\t\t\t\t\t\t<div class=\"elementor-element elementor-element-b1028d3 elementor-widget elementor-widget-text-editor\" data-id=\"b1028d3\" data-element_type=\"widget\" data-widget_type=\"text-editor.default\">\n\t\t\t\t<div class=\"elementor-widget-container\">\n\t\t\t\t\t\t\t<p><strong><img loading=\"lazy\" decoding=\"async\" class=\"alignleft wp-image-1751 size-full\" src=\"https:\/\/zoukwroclove.pl\/wp-content\/uploads\/2022\/04\/Marti_Natalia_572x434.jpg\" alt=\"\" width=\"572\" height=\"434\" srcset=\"http:\/\/zoukwroclove.pl\/wp-content\/uploads\/2022\/04\/Marti_Natalia_572x434.jpg 572w, http:\/\/zoukwroclove.pl\/wp-content\/uploads\/2022\/04\/Marti_Natalia_572x434-300x228.jpg 300w\" sizes=\"(max-width: 572px) 100vw, 572px\" \/><\/strong><\/p><p><strong>Marti<\/strong><\/p><p><span style=\"font-weight: 400;\">Tancerz, choreograf i performer. Organizator i wsp\u00f3\u0142organizator krajowych i mi\u0119dzynarodowych festiwali tanecznych oraz wydarze\u0144 kulturalnych. W palecie styl\u00f3w tanecznych, kt\u00f3re uprawia\u0142 w ci\u0105gu swojej kariery mo\u017cna znale\u017a\u0107 bardzo r\u00f3\u017cnorodne formy, poczynaj\u0105c od klasyki i baletu nowoczesnego, przez taniec ludowy, latynoameryka\u0144ski, standardowy, Jazz, Sals\u0119, Bachat\u0119, Kizomb\u0119, Tango Argentino, West Coast Swing i oczywi\u015bcie Zouk.<\/span><\/p><p><span style=\"font-weight: 400;\">Umiej\u0119tno\u015bci taneczne rozwija od jedenastego roku \u017cycia. W ci\u0105gu tego czasu treningi taneczne przerwa\u0142 pi\u0119cioletni okres kiedy jego pasj\u0105 sta\u0142 si\u0119 teatr. W okresie tym, Marti by\u0142 mocno zaanga\u017cowany w amatorski ruch teatralny z naciskiem na teatr poezji, ale jego czas wype\u0142nia\u0142y r\u00f3wnie\u017c inne dziedziny sztuki jak literatura, muzyka, grafika komputerowa czy rze\u017aba. Po powrocie do ta\u0144ca, ta forma sztuki sta\u0142a si\u0119 dominuj\u0105ca w jego \u017cyciu, a intensywne treningi zaowocowa\u0142y licznymi zwyci\u0119stwami na zawodach i turniejach o zasi\u0119gu krajowym i mi\u0119dzynarodowym.<\/span><\/p><p><span style=\"font-weight: 400;\">Do\u015bwiadczenie aktorskie i zami\u0142owanie do r\u00f3\u017cnorodnych form sztuki sprawiaj\u0105, \u017ce tworzone przez niego choreografie i widowiska nabieraj\u0105 niezwyk\u0142ej g\u0142\u0119bi i odwo\u0142uj\u0105 si\u0119 do odbiorcy na poziomie nie tylko jego \u015bwiadomo\u015bci, ale r\u00f3wnie\u017c pod\u015bwiadomo\u015bci. Warto\u015bciowe informacje i wyj\u0105tkowa przejrzysto\u015b\u0107 przekazu podczas jego warsztat\u00f3w s\u0105 owocem zainteresowanie psychologi\u0105 oraz do\u015bwiadczeniem w nauczaniu doros\u0142ych i dzieci. <\/span><\/p><p><strong>Natalia Gajcy<\/strong><\/p><p>Tancerka, kt\u00f3ra w swoim podej\u015bciu stawia na holistyczny rozw\u00f3j oraz rownowage pomiedzy sfera fizyczna mentalna i duchowa. <br \/>Taniec traktuje jako swobodny przep\u0142yw energii, w kt\u00f3rej cz\u0142owiek ma mo\u017cliwo\u015b\u0107 pe\u0142nego wyra\u017cenia siebie, jako jednostki wyj\u0105tkowej i autentycznej.<\/p><p>Jej unikalny styl ta\u0144ca jest przede wszystkim owocem indywidualnej drogi rozwoju umiej\u0119tno\u015bci w\u0142asnych, ale tak\u017ce wynikiem wsp\u00f3\u0142pracy z wieloma nauczycielami ta\u0144ca z r\u00f3\u017cnych cz\u0119\u015bci \u015bwiata. Liczne podr\u00f3\u017ce pozwalaj\u0105 jej ci\u0105gle poszerza\u0107 wachlarz swoich umiej\u0119tno\u015bci tanecznych.<br \/>Szkoli\u0142a si\u0119 nie tylko w wielu stylach tanecznych lecz tak\u017ce rozwija \u015bwiadomo\u015b\u0107 poprzez liczne warsztaty i zaj\u0119cia terapeutyczne tj. analiza bioenergetyczna Lowen\u2019a, Somatic Experiencing, \u0107wiczenia uwalniaj\u0105ce napi\u0119cia i stres &#8211; TRE oraz techniki oddechowe i jog\u0119.<\/p><p>W 2020 roku rozpocz\u0119\u0142a sta\u0142\u0105 wsp\u00f3\u0142prac\u0119 z Martim i razem prowadzili wielokrotnie warsztaty zar\u00f3wno dla lokalnej spo\u0142eczno\u015bci tanecznej Wroc\u0142awia, jaki i tancerzy z ca\u0142ego \u015awiata w tym podczas najwi\u0119kszego festiwalu Zouka Brazylijskiego Warsaw Zouk Festival. W 2021 roku rozpocz\u0119\u0142a wsp\u00f3\u0142prac\u0119 w fundacj\u0105 Dance Wroclove Foundation, aby m\u00f3c wspiera\u0107 rozw\u00f3j spo\u0142eczno\u015bci tanecznej Wroc\u0142awia, a obecnie prowadzi r\u00f3wnie\u017c regularne zaj\u0119cia w najwi\u0119kszej szkole ta\u0144ca w Polsce La Rosa Negra.<\/p><p>Natalia bardzo ch\u0119tnie dzieli si\u0119 swoim do\u015bwiadczeniem i umiej\u0119tno\u015bciami ze studentami. Ka\u017cde zaj\u0119cia traktuje nie tylko jako lekcj\u0119 dla jej uczestnik\u00f3w, ale r\u00f3wnie\u017c jako okazj\u0119 to w\u0142asnego rozwoju zar\u00f3wno mentalnego jak i duchowego.<br \/>Z jednej strony ukierunkowuje Energi\u0119 na \u015bwiadom\u0105 prac\u0119 z cia\u0142em i <br \/>obserwacje sygna\u0142\u00f3w z niej pochodz\u0105cych a z drugiej nie zapomina o konfrontacji z r\u00f3\u017cnymi emocjami.<br \/>Pozwalaj\u0105c na uwolnienie uczu\u0107 w ta\u0144cu, u\u015bwiadamia innym jak cialo odzyskuje swoja naturalnosc, plynnosc oraz mi\u0119kko\u015b\u0107 ruchu.<\/p>\t\t\t\t\t\t<\/div>\n\t\t\t\t<\/div>\n\t\t\t\t\t<\/div>\n\t\t<\/div>\n\t\t\t\t\t\t\t<\/div>\n\t\t<\/section>\n\t\t\t\t<section class=\"elementor-section elementor-top-section elementor-element elementor-element-c51b75e elementor-section-boxed elementor-section-height-default elementor-section-height-default\" data-id=\"c51b75e\" data-element_type=\"section\">\n\t\t\t\t\t\t<div class=\"elementor-container elementor-column-gap-default\">\n\t\t\t\t\t<div class=\"elementor-column elementor-col-100 elementor-top-column elementor-element elementor-element-e860c63\" data-id=\"e860c63\" data-element_type=\"column\">\n\t\t\t<div class=\"elementor-widget-wrap elementor-element-populated\">\n\t\t\t\t\t\t\t\t<div class=\"elementor-element elementor-element-db0371e elementor-widget elementor-widget-video\" data-id=\"db0371e\" data-element_type=\"widget\" data-settings=\"{&quot;youtube_url&quot;:&quot;https:\\\/\\\/www.youtube.com\\\/embed\\\/SO7Sz02gBtY&quot;,&quot;video_type&quot;:&quot;youtube&quot;,&quot;controls&quot;:&quot;yes&quot;}\" data-widget_type=\"video.default\">\n\t\t\t\t<div class=\"elementor-widget-container\">\n\t\t\t\t\t<div class=\"elementor-wrapper elementor-open-inline\">\n\t\t\t<div class=\"elementor-video\"><\/div>\t\t<\/div>\n\t\t\t\t<\/div>\n\t\t\t\t<\/div>\n\t\t\t\t\t<\/div>\n\t\t<\/div>\n\t\t\t\t\t\t\t<\/div>\n\t\t<\/section>\n\t\t\t\t\t\t\t<\/div>\n\t\t","protected":false},"excerpt":{"rendered":"<p>Marti &amp; Natalia Marti Tancerz, choreograf i performer. Organizator i wsp\u00c3\u00b3\u00c5\u201aorganizator krajowych i mi\u00c4\u2122dzynarodowych festiwali tanecznych oraz wydarze\u00c5\u201e kulturalnych. W palecie styl\u00c3\u00b3w tanecznych, kt\u00c3\u00b3re uprawia\u00c5\u201a w ci\u00c4\u2026gu swojej kariery mo\u00c5\u00bcna znale\u00c5\u00ba\u00c4\u2021 bardzo r\u00c3\u00b3\u00c5\u00bcnorodne formy, poczynaj\u00c4\u2026c od klasyki i baletu nowoczesnego, przez taniec ludowy, latynoameryka\u00c5\u201eski, standardowy, Jazz, Sals\u00c4\u2122, Bachat\u00c4\u2122, Kizomb\u00c4\u2122, Tango Argentino, West Coast Swing i [&hellip;]<\/p>\n","protected":false},"author":1,"featured_media":0,"parent":14,"menu_order":0,"comment_status":"closed","ping_status":"closed","template":"elementor_header_footer","meta":{"footnotes":""},"_links":{"self":[{"href":"http:\/\/zoukwroclove.pl\/pl\/wp-json\/wp\/v2\/pages\/1912"}],"collection":[{"href":"http:\/\/zoukwroclove.pl\/pl\/wp-json\/wp\/v2\/pages"}],"about":[{"href":"http:\/\/zoukwroclove.pl\/pl\/wp-json\/wp\/v2\/types\/page"}],"author":[{"embeddable":true,"href":"http:\/\/zoukwroclove.pl\/pl\/wp-json\/wp\/v2\/users\/1"}],"replies":[{"embeddable":true,"href":"http:\/\/zoukwroclove.pl\/pl\/wp-json\/wp\/v2\/comments?post=1912"}],"version-history":[{"count":7,"href":"http:\/\/zoukwroclove.pl\/pl\/wp-json\/wp\/v2\/pages\/1912\/revisions"}],"predecessor-version":[{"id":1939,"href":"http:\/\/zoukwroclove.pl\/pl\/wp-json\/wp\/v2\/pages\/1912\/revisions\/1939"}],"up":[{"embeddable":true,"href":"http:\/\/zoukwroclove.pl\/pl\/wp-json\/wp\/v2\/pages\/14"}],"wp:attachment":[{"href":"http:\/\/zoukwroclove.pl\/pl\/wp-json\/wp\/v2\/media?parent=1912"}],"curies":[{"name":"wp","href":"https:\/\/api.w.org\/{rel}","templated":true}]}}