{"id":1923,"date":"2022-04-23T14:02:46","date_gmt":"2022-04-23T12:02:46","guid":{"rendered":"https:\/\/zoukwroclove.pl\/artysci\/marti-anna\/"},"modified":"2022-04-23T14:07:22","modified_gmt":"2022-04-23T12:07:22","slug":"marti-anna","status":"publish","type":"page","link":"http:\/\/zoukwroclove.pl\/pl\/artysci\/marti-anna\/","title":{"rendered":"Marti &amp; Anna"},"content":{"rendered":"\t\t<div data-elementor-type=\"wp-page\" data-elementor-id=\"1923\" class=\"elementor elementor-1923 elementor-1917\">\n\t\t\t\t\t\t\t\t\t<section class=\"elementor-section elementor-top-section elementor-element elementor-element-fa376d4 elementor-section-boxed elementor-section-height-default elementor-section-height-default\" data-id=\"fa376d4\" data-element_type=\"section\">\n\t\t\t\t\t\t<div class=\"elementor-container elementor-column-gap-default\">\n\t\t\t\t\t<div class=\"elementor-column elementor-col-100 elementor-top-column elementor-element elementor-element-f54c4b3\" data-id=\"f54c4b3\" data-element_type=\"column\">\n\t\t\t<div class=\"elementor-widget-wrap elementor-element-populated\">\n\t\t\t\t\t\t\t\t<div class=\"elementor-element elementor-element-a65b815 elementor-widget elementor-widget-heading\" data-id=\"a65b815\" data-element_type=\"widget\" data-widget_type=\"heading.default\">\n\t\t\t\t<div class=\"elementor-widget-container\">\n\t\t\t<h2 class=\"elementor-heading-title elementor-size-default\"><span style=\"font-family:Impact; letter-spacing: 0.5rem;\">Marti &amp; Anna<\/span><\/h2>\t\t<\/div>\n\t\t\t\t<\/div>\n\t\t\t\t\t<\/div>\n\t\t<\/div>\n\t\t\t\t\t\t\t<\/div>\n\t\t<\/section>\n\t\t\t\t<section class=\"elementor-section elementor-top-section elementor-element elementor-element-a882cdf elementor-section-boxed elementor-section-height-default elementor-section-height-default\" data-id=\"a882cdf\" data-element_type=\"section\">\n\t\t\t\t\t\t<div class=\"elementor-container elementor-column-gap-default\">\n\t\t\t\t\t<div class=\"elementor-column elementor-col-100 elementor-top-column elementor-element elementor-element-871184c\" data-id=\"871184c\" data-element_type=\"column\">\n\t\t\t<div class=\"elementor-widget-wrap elementor-element-populated\">\n\t\t\t\t\t\t\t\t<div class=\"elementor-element elementor-element-b1028d3 elementor-widget elementor-widget-text-editor\" data-id=\"b1028d3\" data-element_type=\"widget\" data-widget_type=\"text-editor.default\">\n\t\t\t\t<div class=\"elementor-widget-container\">\n\t\t\t\t\t\t\t<p><img loading=\"lazy\" decoding=\"async\" class=\"alignleft wp-image-320 size-full\" src=\"https:\/\/zoukwroclove.pl\/wp-content\/uploads\/2020\/08\/Marti_Anna_572x434.jpg\" alt=\"\" width=\"572\" height=\"434\" srcset=\"http:\/\/zoukwroclove.pl\/wp-content\/uploads\/2020\/08\/Marti_Anna_572x434.jpg 572w, http:\/\/zoukwroclove.pl\/wp-content\/uploads\/2020\/08\/Marti_Anna_572x434-300x228.jpg 300w\" sizes=\"(max-width: 572px) 100vw, 572px\" \/><\/p><p><strong>Marti &amp; Anna<\/strong><\/p><p>Tw\u00f3rcy Zouk Wroclove Festival. Ich unikalny styl charakteryzuje niezwyk\u0142e po\u0142\u0105cznie w parze oraz p\u0142ynno\u015b\u0107 ruchu.<\/p><p>Oboje rozwijali swoje umiej\u0119tno\u015bci taneczne od wczesnego dzieci\u0144stwa. Intensywne treningi zaowocowa\u0142y licznymi nagr\u00f3d w turniejach ta\u0144ca sportowego. <br \/>Ich technika i muzykalno\u015b\u0107 maj\u0105 swe \u017ar\u00f3d\u0142o w r\u00f3\u017cnorodnych formach tanecznych takich jak balet, jazz, taniec latynoameryka\u0144ski i standardowy, salsa, bachata, kizomba i oczywi\u015bcie zouk.<\/p><p>Jako nauczyciele zawsze dziel\u0105 si\u0119 z wszystkimi ich pozytywn\u0105 energi\u0105 k\u0142ad\u0105c jednocze\u015bnie nacisk na ergonomi\u0119 ruchu w ta\u0144cu \u2013 chroni\u0105c od kontuzji cia\u0142a partner\u00f3w i partnerek (zw\u0142aszcza kiedy chodzi o Zouk).<\/p><p><strong>Marti<\/strong><\/p><p>Tancerz, choreograf i performer. Organizator i wsp\u00f3\u0142organizator krajowych i mi\u0119dzynarodowych festiwali tanecznych oraz wydarze\u0144 kulturalnych. W palecie styl\u00f3w tanecznych, kt\u00f3re uprawia\u0142 w ci\u0105gu swojej kariery mo\u017cna znale\u017a\u0107 bardzo r\u00f3\u017cnorodne formy, poczynaj\u0105c od klasyki i baletu nowoczesnego, przez taniec ludowy, latynoameryka\u0144ski, standardowy, Jazz, Sals\u0119, Bachat\u0119, Kizomb\u0119, Tango Argentino, West Coast Swing i oczywi\u015bcie Zouk.<\/p><p>Umiej\u0119tno\u015bci taneczne rozwija od jedenastego roku \u017cycia. W ci\u0105gu tego czasu treningi taneczne przerwa\u0142 pi\u0119cioletni okres kiedy jego pasj\u0105 sta\u0142 si\u0119 teatr. W okresie tym, Marti by\u0142 mocno zaanga\u017cowany w amatorski ruch teatralny z naciskiem na teatr poezji, ale jego czas wype\u0142nia\u0142y r\u00f3wnie\u017c inne dziedziny sztuki jak literatura, muzyka, grafika komputerowa czy rze\u017aba. Po powrocie do ta\u0144ca, ta forma sztuki sta\u0142a si\u0119 dominuj\u0105ca w jego \u017cyciu, a intensywne treningi zaowocowa\u0142y licznymi zwyci\u0119stwami na zawodach i turniejach o zasi\u0119gu krajowym i mi\u0119dzynarodowym.<\/p><p>Do\u015bwiadczenie aktorskie i zami\u0142owanie do r\u00f3\u017cnorodnych form sztuki sprawiaj\u0105, \u017ce tworzone przez niego choreografie i widowiska nabieraj\u0105 niezwyk\u0142ej g\u0142\u0119bi i odwo\u0142uj\u0105 si\u0119 do odbiorcy na poziomie nie tylko jego \u015bwiadomo\u015bci, ale r\u00f3wnie\u017c pod\u015bwiadomo\u015bci. Warto\u015bciowe informacje i wyj\u0105tkowa przejrzysto\u015b\u0107 przekazu podczas jego warsztat\u00f3w s\u0105 owocem zainteresowanie psychologi\u0105 oraz do\u015bwiadczeniem w nauczaniu doros\u0142ych i dzieci.<\/p><p><strong>Anna<\/strong><\/p><p>Od dzieci\u0119cych lat zwi\u0105zana z ta\u0144cem. Swoj\u0105 przygod\u0119 rozpocz\u0119\u0142a od baletu oraz od akrobatyki. W p\u00f3\u017aniejszym okresie zacz\u0119\u0142a ucz\u0119szcza\u0107 na zaj\u0119cia ta\u0144ca towarzyskiego. Bior\u0105c udzia\u0142 w licznych og\u00f3lnopolskich oraz mi\u0119dzynarodowych turniejach zdoby\u0142a klas\u0119 B w stylu latinoameryka\u0144skim oraz standardowym. Finalnie, znalaz\u0142a swoje powo\u0142anie w dziedzinie social dance. Podczas swojego pobytu w Hiszpanii pozna\u0142a takie style jak Bachata, Salsa, Kizomba oraz Zouk. Od tamtej pory stale szkoli si\u0119 i doskonali swoje umiej\u0119tno\u015bci podczas licznych festiwali oraz podczas mi\u0119dzynarodowych warsztat\u00f3w, ucz\u0105c si\u0119 od najlepszych na \u015bwiecie.<\/p><p>Posiada legitymacj\u0119 instruktora ta\u0144ca ze specjalizacj\u0105 ta\u0144ca towarzyskiego, kt\u00f3r\u0105 zdoby\u0142a na Wroc\u0142awskiej Akademii Wychowania Fizycznego. Jako instruktora zawsze dzieli si\u0119 swoj\u0105 pozytywn\u0105 energi\u0105 z kursantami oraz dba o radosn\u0105 atmosfer\u0119 na zaj\u0119ciach. Zwraca szczeg\u00f3ln\u0105 uwag\u0119 na wygod\u0119 i naturalno\u015b\u0107 w ta\u0144cu, preferuje styl ergonomiczny zapobiegaj\u0105cy wszelkim kontuzjom. Specjalizuje si\u0119 w zouku brazylijskim o czym \u015bwiadcz\u0105 liczne warsztaty oraz mi\u0119dzynarodowe festiwale ta\u0144ca, gdzie wyst\u0105pi\u0142a w roli artysty\/instruktora.<\/p><p>Uko\u0144czy\u0142a Politechnik\u0119 Wroc\u0142awsk\u0105 z tytu\u0142em mgr. in\u017c. na Wydziale Chemicznym. Dodatkowo, opr\u00f3cz ta\u0144ca interesuj\u0119 si\u0119 podr\u00f3\u017cami i nauk\u0105 j\u0119zyk\u00f3w obcych. Mi\u0119dzy innymi zami\u0142owanie do rytm\u00f3w latynoameryka\u0144skich wp\u0142yn\u0119\u0142o na nauk\u0119 j\u0119zyka hiszpa\u0144skiego. Opr\u00f3cz tego posiada uprawnienia animatorka czasu wolnego. Pracuj\u0105c podczas wakacyjnego okresu w hiszpa\u0144skich hotelach i kurortach nauczy\u0142a si\u0119 obycia ze scen\u0105 podczas r\u00f3\u017cnorodnych pokaz\u00f3w tanecznych, czy wyst\u0119p\u00f3w aktorskich. Podczas tworzenia show r\u00f3wnie\u017c mog\u0142a wykaza\u0107 si\u0119 jako choreograf. Praca zar\u00f3wno z doros\u0142ymi jak i z najm\u0142odszymi sprawia jej ogromn\u0105 przyjemno\u015b\u0107 \u2013 uwielbia si\u0119 dzieli\u0107 swoj\u0105 pasj\u0105 do ta\u0144ca oraz pozytywnym nastawieniem.<\/p>\t\t\t\t\t\t<\/div>\n\t\t\t\t<\/div>\n\t\t\t\t\t<\/div>\n\t\t<\/div>\n\t\t\t\t\t\t\t<\/div>\n\t\t<\/section>\n\t\t\t\t<section class=\"elementor-section elementor-top-section elementor-element elementor-element-c51b75e elementor-section-boxed elementor-section-height-default elementor-section-height-default\" data-id=\"c51b75e\" data-element_type=\"section\">\n\t\t\t\t\t\t<div class=\"elementor-container elementor-column-gap-default\">\n\t\t\t\t\t<div class=\"elementor-column elementor-col-100 elementor-top-column elementor-element elementor-element-e860c63\" data-id=\"e860c63\" data-element_type=\"column\">\n\t\t\t<div class=\"elementor-widget-wrap elementor-element-populated\">\n\t\t\t\t\t\t\t\t<div class=\"elementor-element elementor-element-db0371e elementor-widget elementor-widget-video\" data-id=\"db0371e\" data-element_type=\"widget\" data-settings=\"{&quot;youtube_url&quot;:&quot;https:\\\/\\\/www.youtube.com\\\/embed\\\/m70sCiGnfuE&quot;,&quot;video_type&quot;:&quot;youtube&quot;,&quot;controls&quot;:&quot;yes&quot;}\" data-widget_type=\"video.default\">\n\t\t\t\t<div class=\"elementor-widget-container\">\n\t\t\t\t\t<div class=\"elementor-wrapper elementor-open-inline\">\n\t\t\t<div class=\"elementor-video\"><\/div>\t\t<\/div>\n\t\t\t\t<\/div>\n\t\t\t\t<\/div>\n\t\t\t\t\t<\/div>\n\t\t<\/div>\n\t\t\t\t\t\t\t<\/div>\n\t\t<\/section>\n\t\t\t\t\t\t\t<\/div>\n\t\t","protected":false},"excerpt":{"rendered":"<p>Marti &amp; Anna Marti &amp; Anna Tw\u00c3\u00b3rcy Zouk Wroclove Festival. Ich unikalny styl charakteryzuje niezwyk\u00c5\u201ae po\u00c5\u201a\u00c4\u2026cznie w parze oraz p\u00c5\u201aynno\u00c5\u203a\u00c4\u2021 ruchu. Oboje rozwijali swoje umiej\u00c4\u2122tno\u00c5\u203aci taneczne od wczesnego dzieci\u00c5\u201estwa. Intensywne treningi zaowocowa\u00c5\u201ay licznymi nagr\u00c3\u00b3d w turniejach ta\u00c5\u201eca sportowego. Ich technika i muzykalno\u00c5\u203a\u00c4\u2021 maj\u00c4\u2026 swe \u00c5\u00bar\u00c3\u00b3d\u00c5\u201ao w r\u00c3\u00b3\u00c5\u00bcnorodnych formach tanecznych takich jak balet, jazz, taniec latynoameryka\u00c5\u201eski [&hellip;]<\/p>\n","protected":false},"author":1,"featured_media":0,"parent":14,"menu_order":0,"comment_status":"closed","ping_status":"closed","template":"elementor_header_footer","meta":{"footnotes":""},"_links":{"self":[{"href":"http:\/\/zoukwroclove.pl\/pl\/wp-json\/wp\/v2\/pages\/1923"}],"collection":[{"href":"http:\/\/zoukwroclove.pl\/pl\/wp-json\/wp\/v2\/pages"}],"about":[{"href":"http:\/\/zoukwroclove.pl\/pl\/wp-json\/wp\/v2\/types\/page"}],"author":[{"embeddable":true,"href":"http:\/\/zoukwroclove.pl\/pl\/wp-json\/wp\/v2\/users\/1"}],"replies":[{"embeddable":true,"href":"http:\/\/zoukwroclove.pl\/pl\/wp-json\/wp\/v2\/comments?post=1923"}],"version-history":[{"count":7,"href":"http:\/\/zoukwroclove.pl\/pl\/wp-json\/wp\/v2\/pages\/1923\/revisions"}],"predecessor-version":[{"id":1930,"href":"http:\/\/zoukwroclove.pl\/pl\/wp-json\/wp\/v2\/pages\/1923\/revisions\/1930"}],"up":[{"embeddable":true,"href":"http:\/\/zoukwroclove.pl\/pl\/wp-json\/wp\/v2\/pages\/14"}],"wp:attachment":[{"href":"http:\/\/zoukwroclove.pl\/pl\/wp-json\/wp\/v2\/media?parent=1923"}],"curies":[{"name":"wp","href":"https:\/\/api.w.org\/{rel}","templated":true}]}}