{"id":1989,"date":"2022-04-23T15:14:13","date_gmt":"2022-04-23T13:14:13","guid":{"rendered":"https:\/\/zoukwroclove.pl\/artysci\/piotr-patrycja\/"},"modified":"2022-04-23T15:22:03","modified_gmt":"2022-04-23T13:22:03","slug":"piotr-patrycja","status":"publish","type":"page","link":"http:\/\/zoukwroclove.pl\/pl\/artysci\/piotr-patrycja\/","title":{"rendered":"Piotr &amp; Patrycja"},"content":{"rendered":"\t\t<div data-elementor-type=\"wp-page\" data-elementor-id=\"1989\" class=\"elementor elementor-1989 elementor-1983\">\n\t\t\t\t\t\t\t\t\t<section class=\"elementor-section elementor-top-section elementor-element elementor-element-fa376d4 elementor-section-boxed elementor-section-height-default elementor-section-height-default\" data-id=\"fa376d4\" data-element_type=\"section\">\n\t\t\t\t\t\t<div class=\"elementor-container elementor-column-gap-default\">\n\t\t\t\t\t<div class=\"elementor-column elementor-col-100 elementor-top-column elementor-element elementor-element-f54c4b3\" data-id=\"f54c4b3\" data-element_type=\"column\">\n\t\t\t<div class=\"elementor-widget-wrap elementor-element-populated\">\n\t\t\t\t\t\t\t\t<div class=\"elementor-element elementor-element-a65b815 elementor-widget elementor-widget-heading\" data-id=\"a65b815\" data-element_type=\"widget\" data-widget_type=\"heading.default\">\n\t\t\t\t<div class=\"elementor-widget-container\">\n\t\t\t<h2 class=\"elementor-heading-title elementor-size-default\"><span style=\"font-family:Impact; letter-spacing: 0.5rem;\">Piotr &amp; Patrycja<\/span><\/h2>\t\t<\/div>\n\t\t\t\t<\/div>\n\t\t\t\t\t<\/div>\n\t\t<\/div>\n\t\t\t\t\t\t\t<\/div>\n\t\t<\/section>\n\t\t\t\t<section class=\"elementor-section elementor-top-section elementor-element elementor-element-a882cdf elementor-section-boxed elementor-section-height-default elementor-section-height-default\" data-id=\"a882cdf\" data-element_type=\"section\">\n\t\t\t\t\t\t<div class=\"elementor-container elementor-column-gap-default\">\n\t\t\t\t\t<div class=\"elementor-column elementor-col-100 elementor-top-column elementor-element elementor-element-871184c\" data-id=\"871184c\" data-element_type=\"column\">\n\t\t\t<div class=\"elementor-widget-wrap elementor-element-populated\">\n\t\t\t\t\t\t\t\t<div class=\"elementor-element elementor-element-b1028d3 elementor-widget elementor-widget-text-editor\" data-id=\"b1028d3\" data-element_type=\"widget\" data-widget_type=\"text-editor.default\">\n\t\t\t\t<div class=\"elementor-widget-container\">\n\t\t\t\t\t\t\t<p><strong><img loading=\"lazy\" decoding=\"async\" class=\"alignleft size-full wp-image-324\" src=\"https:\/\/zoukwroclove.pl\/wp-content\/uploads\/2020\/08\/Piotr_Patrycja_572x434.jpg\" alt=\"\" width=\"572\" height=\"434\" srcset=\"http:\/\/zoukwroclove.pl\/wp-content\/uploads\/2020\/08\/Piotr_Patrycja_572x434.jpg 572w, http:\/\/zoukwroclove.pl\/wp-content\/uploads\/2020\/08\/Piotr_Patrycja_572x434-300x228.jpg 300w\" sizes=\"(max-width: 572px) 100vw, 572px\" \/>Piotr &amp; Patrycja<br \/><\/strong><\/p><p>Kunio &amp; Pati ZouKuny tworz\u0105 par\u0119 taneczn\u0105 od ponad 5 lat.<br \/><br \/>W roku 2019 obydwoje uzyskali mi\u0119dzynarodow\u0105 certyfikacj\u0119 instruktor\u00f3w zouka brazylijskiego wedlug metodologii Alex de Carvalho. W roku 2021 uko\u0144czyli r\u00f3wnie\u017c pe\u0142ne szkolenie Brazilian Zouk Teachers Training by Larissa &amp; Kadu. S\u0105 wsp\u00f3\u0142organizatorami Abra Zouk Festival i tw\u00f3rcami konkursu Video Zouk On! Competition. Prowadz\u0105 grupy choreograficzne Team ZouKuny oraz grupa Patrycji &#8211; Lady Kuna.<br \/>Na co dzie\u0144 prowadz\u0105 zaj\u0119cia z zouka brazylijskiego w Abra Studio w Warszawie na ka\u017cdym poziomie zaawansowania w parach i solo. Ucz\u0105 r\u00f3wnie\u017c w ramach warsztat\u00f3w na festiwalach i wyjazdach zar\u00f3wno w Polsce jak i za granic\u0105.<br \/>Zaj\u0119cia prowadz\u0105 w lekki spos\u00f3b skutecznie odnajduj\u0105c balans pomi\u0119dzy technik\u0105, praktyk\u0105 taneczn\u0105, a po prostu dobr\u0105 zabaw\u0105.<br \/>ZouKuny wyr\u00f3\u017cnia niezwyk\u0142a umiej\u0119tno\u015b\u0107 przekazywania wiedzy w przyst\u0119pny spos\u00f3b nawet w najtrudniejszych elementach.<br \/>Piotr i Patrycja s\u0105 r\u00f3wnie\u017c mi\u0119dzynarodowymi trenerami Blackroll. Dostarczaj\u0105 swoim kursantom kompleksowe mo\u017cliwo\u015bci rozwoju tanecznego oraz ucz\u0105 jak dba\u0107 o cia\u0142o tancerza.<br \/><br \/><strong>Patrycja Wasiak<\/strong><br \/>Instruktorka contemporary jazz, modern jazz, zouka brazylijskiego, yogi, stretchingu, trener Blackroll Polska. Wielokrotna laureatka wielu, najwi\u0119kszych konkurs\u00f3w i festiwali tanecznych na \u015bwiecie m.in. w Kanadzie, Francji, Portugalii, Bu\u0142garii, Czechach, Wielkiej Brytanii. W ta\u0144cu i tworzeniu choreografii pomaga jej wykszta\u0142cenie muzyczne oraz do\u015bwiadczenia aktorskie. Interesuje si\u0119 r\u00f3wnie\u017c ta\u0144cem pod k\u0105tem teoretycznym, kompozycj\u0105 ta\u0144ca oraz wieloma obszarami dotycz\u0105cymi \u015bwiadomo\u015bci cia\u0142a (yoga, pilates, stetching, praca z obrazami mentalnymi, motoryka ruchu). Taniec jest dla niej odbiciem duszy, wspania\u0142\u0105 form\u0105 fizyczno\u015bci, niesko\u0144czonym \u017ar\u00f3d\u0142em inspiracji, pi\u0119knym spotkaniem z wra\u017cliwo\u015bci\u0105 drugiego cz\u0142owieka.<br \/><br \/><strong>Piotr Kuniewski<\/strong><br \/>W pe\u0142ni oddany rozwojowi i promocji zouk\u2019a. <br \/>Wprowadzi\u0142 ten styl taneczny do kilku kluczowych szk\u00f3\u0142 ta\u0144ca w stolicy, maj\u0105c jednocze\u015bnie realny wp\u0142yw na powi\u0119kszenie \u015brodowiska pasjonat\u00f3w tego pi\u0119knego ta\u0144ca. Wierzy, \u017ce ka\u017cdy mo\u017ce ta\u0144czy\u0107 i osi\u0105gn\u0105\u0107 wymarzon\u0105 sprawno\u015b\u0107 taneczn\u0105, potrafi przekaza\u0107 wiedz\u0119 w prosty, zrozumia\u0142y spos\u00f3b. Piotr jest r\u00f3wnie\u017c mi\u0119dzynarodowym instruktorem Blackroll &#8211; ma \u015bwiadomo\u015b\u0107 potrzeby odpowiedniej regeneracji oraz zach\u0119ca kursant\u00f3w do wychodzenia poza ramy zouk\u2019a w inne style taneczne (r\u00f3wnie\u017c solo) by r\u00f3\u017cnorodny zouk m\u00f3g\u0142 w nich rozkwita\u0107. W latach m\u0142odzie\u0144czych uprawia\u0142 r\u00f3\u017cnorodne sporty, szczeg\u00f3lnie wybitne osi\u0105gni\u0119cia uzyskiwa\u0142 jako wychowanek dru\u017cyny pi\u0142ki r\u0119cznej UKS Wilanowia. Kunio kocha taniec od dziecka. Dotkn\u0105\u0142 na przestrzeni lat r\u00f3\u017cnorodnych styl\u00f3w tanecznych, przy czym jego najwa\u017cniejszy rozw\u00f3j trwa od roku 2013, gdy odkry\u0142 \u015bwiat latino. Szczeg\u00f3lnym szacunkiem darzy taniec wsp\u00f3\u0142czesny, popping, rolowanie oraz stretching. Salsa i bachata da\u0142a mu mocne podstawy ta\u0144ca w parach. W tym drugim stylu wyst\u0119powa\u0142 wielokrotnie w kraju i za granic\u0105 na scenie w ramach formacji Ambassada Matys Inspiracje.<br \/>Piotr w ramach @Moffy Digital Productions wraz z Mateuszem Wawrzyniakiem realizuje nagrania produkcji tanecznych &#8211; w ten spos\u00f3b rozwija \u015brodowisko taneczne.<\/p>\t\t\t\t\t\t<\/div>\n\t\t\t\t<\/div>\n\t\t\t\t\t<\/div>\n\t\t<\/div>\n\t\t\t\t\t\t\t<\/div>\n\t\t<\/section>\n\t\t\t\t<section class=\"elementor-section elementor-top-section elementor-element elementor-element-c51b75e elementor-section-boxed elementor-section-height-default elementor-section-height-default\" data-id=\"c51b75e\" data-element_type=\"section\">\n\t\t\t\t\t\t<div class=\"elementor-container elementor-column-gap-default\">\n\t\t\t\t\t<div class=\"elementor-column elementor-col-100 elementor-top-column elementor-element elementor-element-e860c63\" data-id=\"e860c63\" data-element_type=\"column\">\n\t\t\t<div class=\"elementor-widget-wrap elementor-element-populated\">\n\t\t\t\t\t\t\t\t<div class=\"elementor-element elementor-element-db0371e elementor-widget elementor-widget-video\" data-id=\"db0371e\" data-element_type=\"widget\" data-settings=\"{&quot;youtube_url&quot;:&quot;https:\\\/\\\/www.youtube.com\\\/embed\\\/bVCTWSlnzyk&quot;,&quot;video_type&quot;:&quot;youtube&quot;,&quot;controls&quot;:&quot;yes&quot;}\" data-widget_type=\"video.default\">\n\t\t\t\t<div class=\"elementor-widget-container\">\n\t\t\t\t\t<div class=\"elementor-wrapper elementor-open-inline\">\n\t\t\t<div class=\"elementor-video\"><\/div>\t\t<\/div>\n\t\t\t\t<\/div>\n\t\t\t\t<\/div>\n\t\t\t\t\t<\/div>\n\t\t<\/div>\n\t\t\t\t\t\t\t<\/div>\n\t\t<\/section>\n\t\t\t\t\t\t\t<\/div>\n\t\t","protected":false},"excerpt":{"rendered":"<p>Piotr &amp; Patrycja Piotr &amp; Patrycja Kunio &amp; Pati ZouKuny tworz\u00c4\u2026 par\u00c4\u2122 taneczn\u00c4\u2026 od ponad 5 lat. W roku 2019 obydwoje uzyskali mi\u00c4\u2122dzynarodow\u00c4\u2026 certyfikacj\u00c4\u2122 instruktor\u00c3\u00b3w zouka brazylijskiego wedlug metodologii Alex de Carvalho. W roku 2021 uko\u00c5\u201eczyli r\u00c3\u00b3wnie\u00c5\u00bc pe\u00c5\u201ane szkolenie Brazilian Zouk Teachers Training by Larissa &amp; Kadu. S\u00c4\u2026 wsp\u00c3\u00b3\u00c5\u201aorganizatorami Abra Zouk Festival i tw\u00c3\u00b3rcami konkursu [&hellip;]<\/p>\n","protected":false},"author":1,"featured_media":0,"parent":14,"menu_order":0,"comment_status":"closed","ping_status":"closed","template":"elementor_header_footer","meta":{"footnotes":""},"_links":{"self":[{"href":"http:\/\/zoukwroclove.pl\/pl\/wp-json\/wp\/v2\/pages\/1989"}],"collection":[{"href":"http:\/\/zoukwroclove.pl\/pl\/wp-json\/wp\/v2\/pages"}],"about":[{"href":"http:\/\/zoukwroclove.pl\/pl\/wp-json\/wp\/v2\/types\/page"}],"author":[{"embeddable":true,"href":"http:\/\/zoukwroclove.pl\/pl\/wp-json\/wp\/v2\/users\/1"}],"replies":[{"embeddable":true,"href":"http:\/\/zoukwroclove.pl\/pl\/wp-json\/wp\/v2\/comments?post=1989"}],"version-history":[{"count":7,"href":"http:\/\/zoukwroclove.pl\/pl\/wp-json\/wp\/v2\/pages\/1989\/revisions"}],"predecessor-version":[{"id":1999,"href":"http:\/\/zoukwroclove.pl\/pl\/wp-json\/wp\/v2\/pages\/1989\/revisions\/1999"}],"up":[{"embeddable":true,"href":"http:\/\/zoukwroclove.pl\/pl\/wp-json\/wp\/v2\/pages\/14"}],"wp:attachment":[{"href":"http:\/\/zoukwroclove.pl\/pl\/wp-json\/wp\/v2\/media?parent=1989"}],"curies":[{"name":"wp","href":"https:\/\/api.w.org\/{rel}","templated":true}]}}