{"id":120,"date":"2020-08-16T16:01:34","date_gmt":"2020-08-16T14:01:34","guid":{"rendered":"http:\/\/2021.zoukpasion.pl\/?page_id=120"},"modified":"2022-06-01T00:27:07","modified_gmt":"2022-05-31T22:27:07","slug":"contact","status":"publish","type":"page","link":"https:\/\/zoukwroclove.pl\/en\/contact\/","title":{"rendered":"Contact"},"content":{"rendered":"\t\t<div data-elementor-type=\"wp-page\" data-elementor-id=\"120\" class=\"elementor elementor-120 elementor-8\">\n\t\t\t\t\t\t\t\t\t<section class=\"elementor-section elementor-top-section elementor-element elementor-element-27ffbf29 elementor-section-boxed elementor-section-height-default elementor-section-height-default\" data-id=\"27ffbf29\" data-element_type=\"section\">\n\t\t\t\t\t\t<div class=\"elementor-container elementor-column-gap-default\">\n\t\t\t\t\t<div class=\"elementor-column elementor-col-100 elementor-top-column elementor-element elementor-element-561f2440\" data-id=\"561f2440\" data-element_type=\"column\">\n\t\t\t<div class=\"elementor-widget-wrap elementor-element-populated\">\n\t\t\t\t\t\t\t\t<div class=\"elementor-element elementor-element-45a2b9f elementor-widget elementor-widget-text-editor\" data-id=\"45a2b9f\" data-element_type=\"widget\" data-widget_type=\"text-editor.default\">\n\t\t\t\t<div class=\"elementor-widget-container\">\n\t\t\t\t\t\t\t<p><\/p>\n\n\n<\/p>\n<p>Hello!<br><br>Interested in any specific part of the event? Having questions regarding registration process or other formalities?&nbsp;<\/p><p>Contact us without hesitation! Our team will be glad to help &#8211; get in touch either via e-mail or by simply sending us a message on Facebook.<br><br>See you soon in Wroc\u0142aw!<br><br>E-mail: <a href=\"mailto:info@zoukwroclove.pl\">info@zoukwroclove.pl<\/a><\/p>\n<p>\n\n\n<p><\/p>\n<p><\/p>\n\n\n<\/p>\n<p>Facebook: <a href=\"https:\/\/www.facebook.com\/Zouk-Wroclove-Festival-1987214578195945\" target=\"_blank\" rel=\"noreferrer noopener\">www.facebook.com\/Zouk-Wroclove-Festival-1987214578195945<\/a><\/p>\n<p>\n\n\n<p><\/p>\t\t\t\t\t\t<\/div>\n\t\t\t\t<\/div>\n\t\t\t\t\t<\/div>\n\t\t<\/div>\n\t\t\t\t\t\t\t<\/div>\n\t\t<\/section>\n\t\t\t\t<section class=\"elementor-section elementor-top-section elementor-element elementor-element-f496c0a elementor-section-boxed elementor-section-height-default elementor-section-height-default\" data-id=\"f496c0a\" data-element_type=\"section\">\n\t\t\t\t\t\t<div class=\"elementor-container elementor-column-gap-default\">\n\t\t\t\t\t<div class=\"elementor-column elementor-col-100 elementor-top-column elementor-element elementor-element-aed33ad\" data-id=\"aed33ad\" data-element_type=\"column\">\n\t\t\t<div class=\"elementor-widget-wrap elementor-element-populated\">\n\t\t\t\t\t\t\t\t<div class=\"elementor-element elementor-element-ec2dcd6 elementor-widget elementor-widget-text-editor\" data-id=\"ec2dcd6\" data-element_type=\"widget\" data-widget_type=\"text-editor.default\">\n\t\t\t\t<div class=\"elementor-widget-container\">\n\t\t\t\t\t\t\t<p>Legal entity data (personal data administrator):<\/p><p>Fundacja Dance Wroclove Foundation<br \/>Wroc\u0142aw 50-244, Pl. \u015aw. Macieja 10\/8<br \/>Numer KRS: 0000950472<br \/>REGON: 521147352, NIP: 8982273375<\/p><p><a style=\"background-color: #ffffff; font-size: 20.8px; letter-spacing: -0.288px;\" href=\"https:\/\/zoukwroclove.pl\/wp-content\/uploads\/2022\/03\/Statut-Fundacji-DWF-20220128.pdf\">Statut Fundacji Dance Wroclove Foundation<\/a><\/p><p><span style=\"font-size: 20.8px; letter-spacing: -0.288px;\">Kompeks sp\u00f3\u0142ka z ograniczon\u0105 odpowiedzialno\u015bci\u0105<\/span><br style=\"font-size: 20.8px; letter-spacing: -0.288px;\" \/><span style=\"font-size: 20.8px; letter-spacing: -0.288px;\">Bielsko-Bia\u0142a 43-300, G\u0142owackiego 8\/14<\/span><br style=\"font-size: 20.8px; letter-spacing: -0.288px;\" \/><span style=\"font-size: 20.8px; letter-spacing: -0.288px;\">Numer KRS:\u00a0<\/span><span style=\"font-size: 20.8px; letter-spacing: -0.288px;\">0000936667<\/span><br style=\"font-size: 20.8px; letter-spacing: -0.288px;\" \/><span style=\"font-size: 20.8px; letter-spacing: -0.288px;\">REGON:\u00a0<\/span><span style=\"font-size: 20.8px; letter-spacing: -0.288px;\">520722908<\/span><span style=\"font-size: 20.8px; letter-spacing: -0.288px;\">, NIP:\u00a0<\/span><span style=\"font-size: 20.8px; letter-spacing: -0.288px;\">5472228753<\/span><\/p>\t\t\t\t\t\t<\/div>\n\t\t\t\t<\/div>\n\t\t\t\t\t<\/div>\n\t\t<\/div>\n\t\t\t\t\t\t\t<\/div>\n\t\t<\/section>\n\t\t\t\t\t\t\t<\/div>\n\t\t","protected":false},"excerpt":{"rendered":"<p>Hello! Interested in any specific part of the event? Having questions regarding registration process or other formalities?&nbsp; Contact us without hesitation! Our team will be glad to help &#8211; get in touch either via e-mail or by simply sending us a message on Facebook. See you soon in Wroc\u00c5\u201aaw! E-mail: info@zoukwroclove.pl Facebook: www.facebook.com\/Zouk-Wroclove-Festival-1987214578195945 Legal entity [&hellip;]<\/p>\n","protected":false},"author":1,"featured_media":0,"parent":0,"menu_order":0,"comment_status":"closed","ping_status":"closed","template":"templates\/template-full-width.php","meta":{"footnotes":""},"_links":{"self":[{"href":"https:\/\/zoukwroclove.pl\/en\/wp-json\/wp\/v2\/pages\/120"}],"collection":[{"href":"https:\/\/zoukwroclove.pl\/en\/wp-json\/wp\/v2\/pages"}],"about":[{"href":"https:\/\/zoukwroclove.pl\/en\/wp-json\/wp\/v2\/types\/page"}],"author":[{"embeddable":true,"href":"https:\/\/zoukwroclove.pl\/en\/wp-json\/wp\/v2\/users\/1"}],"replies":[{"embeddable":true,"href":"https:\/\/zoukwroclove.pl\/en\/wp-json\/wp\/v2\/comments?post=120"}],"version-history":[{"count":23,"href":"https:\/\/zoukwroclove.pl\/en\/wp-json\/wp\/v2\/pages\/120\/revisions"}],"predecessor-version":[{"id":3274,"href":"https:\/\/zoukwroclove.pl\/en\/wp-json\/wp\/v2\/pages\/120\/revisions\/3274"}],"wp:attachment":[{"href":"https:\/\/zoukwroclove.pl\/en\/wp-json\/wp\/v2\/media?parent=120"}],"curies":[{"name":"wp","href":"https:\/\/api.w.org\/{rel}","templated":true}]}}