{"id":1236,"date":"2021-08-09T19:57:41","date_gmt":"2021-08-09T17:57:41","guid":{"rendered":"https:\/\/zoukwroclove.pl\/zouk-island-marathon-2021\/"},"modified":"2021-08-09T20:03:32","modified_gmt":"2021-08-09T18:03:32","slug":"zouk-island-marathon-2021","status":"publish","type":"page","link":"https:\/\/zoukwroclove.pl\/pl\/zouk-island-marathon-2021\/","title":{"rendered":"Zouk Island Marathon 2021"},"content":{"rendered":"\t\t<div data-elementor-type=\"wp-page\" data-elementor-id=\"1236\" class=\"elementor elementor-1236 elementor-1215\">\n\t\t\t\t\t\t\t\t\t<section class=\"elementor-section elementor-top-section elementor-element elementor-element-78c61a8 elementor-section-boxed elementor-section-height-default elementor-section-height-default\" data-id=\"78c61a8\" data-element_type=\"section\">\n\t\t\t\t\t\t<div class=\"elementor-container elementor-column-gap-default\">\n\t\t\t\t\t<div class=\"elementor-column elementor-col-100 elementor-top-column elementor-element elementor-element-34ffa48\" data-id=\"34ffa48\" data-element_type=\"column\">\n\t\t\t<div class=\"elementor-widget-wrap elementor-element-populated\">\n\t\t\t\t\t\t\t\t<div class=\"elementor-element elementor-element-7ee88e6 elementor-widget elementor-widget-wpml-language-switcher\" data-id=\"7ee88e6\" data-element_type=\"widget\" data-widget_type=\"wpml-language-switcher.default\">\n\t\t\t\t<div class=\"elementor-widget-container\">\n\t\t\t<div class=\"wpml-elementor-ls\">\n<div class=\"wpml-ls-statics-shortcode_actions wpml-ls wpml-ls-legacy-list-horizontal\">\n\t<ul><li class=\"wpml-ls-slot-shortcode_actions wpml-ls-item wpml-ls-item-en wpml-ls-first-item wpml-ls-item-legacy-list-horizontal\">\n\t\t\t\t<a href=\"http:\/\/zoukwroclove.pl\/en\/\" class=\"wpml-ls-link\">\n                                                        <img decoding=\"async\"\n            class=\"wpml-ls-flag\"\n            src=\"https:\/\/zoukwroclove.pl\/wp-content\/plugins\/sitepress-multilingual-cms\/res\/flags\/en.png\"\n            alt=\"\"\n            width=18\n            height=12\n    \/><span class=\"wpml-ls-native\" lang=\"en\">English<\/span><span class=\"wpml-ls-display\"><span class=\"wpml-ls-bracket\"> (<\/span>angielski<span class=\"wpml-ls-bracket\">)<\/span><\/span><\/a>\n\t\t\t<\/li><li class=\"wpml-ls-slot-shortcode_actions wpml-ls-item wpml-ls-item-pl wpml-ls-current-language wpml-ls-last-item wpml-ls-item-legacy-list-horizontal\">\n\t\t\t\t<a href=\"http:\/\/zoukwroclove.pl\/pl\/\" class=\"wpml-ls-link\">\n                                                        <img decoding=\"async\"\n            class=\"wpml-ls-flag\"\n            src=\"https:\/\/zoukwroclove.pl\/wp-content\/plugins\/sitepress-multilingual-cms\/res\/flags\/pl.png\"\n            alt=\"\"\n            width=18\n            height=12\n    \/><span class=\"wpml-ls-native\">polski<\/span><\/a>\n\t\t\t<\/li><\/ul>\n<\/div>\n<\/div>\t\t<\/div>\n\t\t\t\t<\/div>\n\t\t\t\t\t<\/div>\n\t\t<\/div>\n\t\t\t\t\t\t\t<\/div>\n\t\t<\/section>\n\t\t\t\t<section class=\"elementor-section elementor-top-section elementor-element elementor-element-e977e74 elementor-section-boxed elementor-section-height-default elementor-section-height-default\" data-id=\"e977e74\" data-element_type=\"section\">\n\t\t\t\t\t\t<div class=\"elementor-container elementor-column-gap-default\">\n\t\t\t\t\t<div class=\"elementor-column elementor-col-100 elementor-top-column elementor-element elementor-element-3a98555\" data-id=\"3a98555\" data-element_type=\"column\">\n\t\t\t<div class=\"elementor-widget-wrap\">\n\t\t\t\t\t\t\t\t\t<\/div>\n\t\t<\/div>\n\t\t\t\t\t\t\t<\/div>\n\t\t<\/section>\n\t\t\t\t<section class=\"elementor-section elementor-top-section elementor-element elementor-element-45a2264 elementor-section-boxed elementor-section-height-default elementor-section-height-default\" data-id=\"45a2264\" data-element_type=\"section\">\n\t\t\t\t\t\t<div class=\"elementor-container elementor-column-gap-default\">\n\t\t\t\t\t<div class=\"elementor-column elementor-col-100 elementor-top-column elementor-element elementor-element-e5e3f1f\" data-id=\"e5e3f1f\" data-element_type=\"column\">\n\t\t\t<div class=\"elementor-widget-wrap elementor-element-populated\">\n\t\t\t\t\t\t\t\t<div class=\"elementor-element elementor-element-19a68b7 elementor-widget elementor-widget-image\" data-id=\"19a68b7\" data-element_type=\"widget\" data-widget_type=\"image.default\">\n\t\t\t\t<div class=\"elementor-widget-container\">\n\t\t\t\t\t\t\t\t\t\t\t\t\t\t\t<img loading=\"lazy\" decoding=\"async\" width=\"960\" height=\"498\" src=\"https:\/\/zoukwroclove.pl\/wp-content\/uploads\/2021\/08\/Facebook-cover-photo-small.jpg\" class=\"attachment-full size-full wp-image-1208\" alt=\"\" srcset=\"https:\/\/zoukwroclove.pl\/wp-content\/uploads\/2021\/08\/Facebook-cover-photo-small.jpg 960w, https:\/\/zoukwroclove.pl\/wp-content\/uploads\/2021\/08\/Facebook-cover-photo-small-300x156.jpg 300w, https:\/\/zoukwroclove.pl\/wp-content\/uploads\/2021\/08\/Facebook-cover-photo-small-768x398.jpg 768w, https:\/\/zoukwroclove.pl\/wp-content\/uploads\/2021\/08\/Facebook-cover-photo-small-600x311.jpg 600w\" sizes=\"(max-width: 960px) 100vw, 960px\" \/>\t\t\t\t\t\t\t\t\t\t\t\t\t\t\t<\/div>\n\t\t\t\t<\/div>\n\t\t\t\t\t<\/div>\n\t\t<\/div>\n\t\t\t\t\t\t\t<\/div>\n\t\t<\/section>\n\t\t\t\t<section class=\"elementor-section elementor-top-section elementor-element elementor-element-3242c95 elementor-section-boxed elementor-section-height-default elementor-section-height-default\" data-id=\"3242c95\" data-element_type=\"section\">\n\t\t\t\t\t\t<div class=\"elementor-container elementor-column-gap-default\">\n\t\t\t\t\t<div class=\"elementor-column elementor-col-100 elementor-top-column elementor-element elementor-element-30441ac\" data-id=\"30441ac\" data-element_type=\"column\">\n\t\t\t<div class=\"elementor-widget-wrap elementor-element-populated\">\n\t\t\t\t\t\t\t\t<div class=\"elementor-element elementor-element-8cc90f1 elementor-widget elementor-widget-text-editor\" data-id=\"8cc90f1\" data-element_type=\"widget\" data-widget_type=\"text-editor.default\">\n\t\t\t\t<div class=\"elementor-widget-container\">\n\t\t\t\t\t\t\t<div class=\"kvgmc6g5 cxmmr5t8 oygrvhab hcukyx3x c1et5uql\"><div class=\"o9v6fnle cxmmr5t8 oygrvhab hcukyx3x c1et5uql\">Mamy przyjemno\u015b\u0107 zaprosi\u0107 Ci\u0119 na niezwyk\u0142e, 4 dni pe\u0142ne Zouka do Wroc\u0142awia! 100% Social dancing przez ca\u0142e wydarzenia. Imprezy ze sprawdzonymi DJami, niesamowite mijsce w samym sercu Wroc\u0142awia, cudowna atmosfera i du\u017co mi\u0142o\u015bnik\u00f3w Zouka. Nie mo\u017ce Ci\u0119 zabrakn\u0105\u0107<span class=\"pq6dq46d tbxw36s4 knj5qynh kvgmc6g5 ditlmg2l oygrvhab nvdbi5me sf5mxxl7 gl3lb2sf hhz5lgdu\" style=\"display: inline-block;\"><img loading=\"lazy\" decoding=\"async\" src=\"https:\/\/www.facebook.com\/images\/emoji.php\/v9\/t6c\/1\/16\/2764.png\" alt=\"\u2764\" width=\"16\" height=\"16\" \/><\/span><span class=\"pq6dq46d tbxw36s4 knj5qynh kvgmc6g5 ditlmg2l oygrvhab nvdbi5me sf5mxxl7 gl3lb2sf hhz5lgdu\" style=\"display: inline-block;\"><img loading=\"lazy\" decoding=\"async\" src=\"https:\/\/www.facebook.com\/images\/emoji.php\/v9\/t6c\/1\/16\/2764.png\" alt=\"\u2764\" width=\"16\" height=\"16\" \/><\/span><span class=\"pq6dq46d tbxw36s4 knj5qynh kvgmc6g5 ditlmg2l oygrvhab nvdbi5me sf5mxxl7 gl3lb2sf hhz5lgdu\" style=\"display: inline-block;\"><img loading=\"lazy\" decoding=\"async\" src=\"https:\/\/www.facebook.com\/images\/emoji.php\/v9\/t6c\/1\/16\/2764.png\" alt=\"\u2764\" width=\"16\" height=\"16\" \/><\/span><\/div><div>\u00a0<\/div><div class=\"o9v6fnle cxmmr5t8 oygrvhab hcukyx3x c1et5uql\">CO ZAPEWNIAMY:<br \/><span class=\"pq6dq46d tbxw36s4 knj5qynh kvgmc6g5 ditlmg2l oygrvhab nvdbi5me sf5mxxl7 gl3lb2sf hhz5lgdu\" style=\"display: inline-block;\"><img loading=\"lazy\" decoding=\"async\" src=\"https:\/\/www.facebook.com\/images\/emoji.php\/v9\/t33\/1\/16\/2705.png\" alt=\"\u2705\" width=\"16\" height=\"16\" \/><\/span>4 dni ta\u0144czenia na parkietach w niezwyk\u0142ym otoczeniu<br \/><span class=\"pq6dq46d tbxw36s4 knj5qynh kvgmc6g5 ditlmg2l oygrvhab nvdbi5me sf5mxxl7 gl3lb2sf hhz5lgdu\" style=\"display: inline-block;\"><img loading=\"lazy\" decoding=\"async\" src=\"https:\/\/www.facebook.com\/images\/emoji.php\/v9\/t33\/1\/16\/2705.png\" alt=\"\u2705\" width=\"16\" height=\"16\" \/><\/span>Niesamowit\u0105 muzyk\u0119 od sprawdzonch DJ\u00f3w<br \/><span class=\"pq6dq46d tbxw36s4 knj5qynh kvgmc6g5 ditlmg2l oygrvhab nvdbi5me sf5mxxl7 gl3lb2sf hhz5lgdu\" style=\"display: inline-block;\"><img loading=\"lazy\" decoding=\"async\" src=\"https:\/\/www.facebook.com\/images\/emoji.php\/v9\/t33\/1\/16\/2705.png\" alt=\"\u2705\" width=\"16\" height=\"16\" \/><\/span>Wy\u015bmienite jedzenie podczas ca\u0142ego wydarzenia<br \/><span class=\"pq6dq46d tbxw36s4 knj5qynh kvgmc6g5 ditlmg2l oygrvhab nvdbi5me sf5mxxl7 gl3lb2sf hhz5lgdu\" style=\"display: inline-block;\"><img loading=\"lazy\" decoding=\"async\" src=\"https:\/\/www.facebook.com\/images\/emoji.php\/v9\/t33\/1\/16\/2705.png\" alt=\"\u2705\" width=\"16\" height=\"16\" \/><\/span>Nielimitowany dost\u0119p do wody podczas ca\u0142ego wydarzenia<\/div><div>\u00a0<\/div><div class=\"o9v6fnle cxmmr5t8 oygrvhab hcukyx3x c1et5uql\"><span class=\"pq6dq46d tbxw36s4 knj5qynh kvgmc6g5 ditlmg2l oygrvhab nvdbi5me sf5mxxl7 gl3lb2sf hhz5lgdu\" style=\"display: inline-block;\"><img loading=\"lazy\" decoding=\"async\" src=\"https:\/\/www.facebook.com\/images\/emoji.php\/v9\/tff\/1\/16\/1f4c6.png\" alt=\"\ud83d\udcc6\" width=\"16\" height=\"16\" \/><\/span>\u00a0Data: 12-15.08.2021 (czwartek &#8211; niedziela)<br \/><span class=\"pq6dq46d tbxw36s4 knj5qynh kvgmc6g5 ditlmg2l oygrvhab nvdbi5me sf5mxxl7 gl3lb2sf hhz5lgdu\" style=\"display: inline-block;\"><img loading=\"lazy\" decoding=\"async\" src=\"https:\/\/www.facebook.com\/images\/emoji.php\/v9\/tf6\/1\/16\/1f3e0.png\" alt=\"\ud83c\udfe0\" width=\"16\" height=\"16\" \/><\/span>\u00a0Miejsce: Studio Ta\u0144ca La Rosa Negra, Braniborska 14, Wroc\u0142aw<\/div><div class=\"o9v6fnle cxmmr5t8 oygrvhab hcukyx3x c1et5uql\">\u00a0<\/div><div class=\"o9v6fnle cxmmr5t8 oygrvhab hcukyx3x c1et5uql\"><span class=\"pq6dq46d tbxw36s4 knj5qynh kvgmc6g5 ditlmg2l oygrvhab nvdbi5me sf5mxxl7 gl3lb2sf hhz5lgdu\" style=\"display: inline-block;\"><img loading=\"lazy\" decoding=\"async\" src=\"https:\/\/www.facebook.com\/images\/emoji.php\/v9\/tac\/1\/16\/1f4cc.png\" alt=\"\ud83d\udccc\" width=\"16\" height=\"16\" \/><\/span>DJ&#8217;s:<br \/><span class=\"pq6dq46d tbxw36s4 knj5qynh kvgmc6g5 ditlmg2l oygrvhab nvdbi5me sf5mxxl7 gl3lb2sf hhz5lgdu\" style=\"display: inline-block;\"><img loading=\"lazy\" decoding=\"async\" src=\"https:\/\/www.facebook.com\/images\/emoji.php\/v9\/t1\/1\/16\/1f3a7.png\" alt=\"\ud83c\udfa7\" width=\"16\" height=\"16\" \/><\/span>DJ Zeal<br \/><span class=\"pq6dq46d tbxw36s4 knj5qynh kvgmc6g5 ditlmg2l oygrvhab nvdbi5me sf5mxxl7 gl3lb2sf hhz5lgdu\" style=\"display: inline-block;\"><img loading=\"lazy\" decoding=\"async\" src=\"https:\/\/www.facebook.com\/images\/emoji.php\/v9\/t1\/1\/16\/1f3a7.png\" alt=\"\ud83c\udfa7\" width=\"16\" height=\"16\" \/><\/span>DJ Dunaj<br \/><span class=\"pq6dq46d tbxw36s4 knj5qynh kvgmc6g5 ditlmg2l oygrvhab nvdbi5me sf5mxxl7 gl3lb2sf hhz5lgdu\" style=\"display: inline-block;\"><img loading=\"lazy\" decoding=\"async\" src=\"https:\/\/www.facebook.com\/images\/emoji.php\/v9\/t1\/1\/16\/1f3a7.png\" alt=\"\ud83c\udfa7\" width=\"16\" height=\"16\" \/><\/span>DJ HushZ<br \/><span class=\"pq6dq46d tbxw36s4 knj5qynh kvgmc6g5 ditlmg2l oygrvhab nvdbi5me sf5mxxl7 gl3lb2sf hhz5lgdu\" style=\"display: inline-block;\"><img loading=\"lazy\" decoding=\"async\" src=\"https:\/\/www.facebook.com\/images\/emoji.php\/v9\/t1\/1\/16\/1f3a7.png\" alt=\"\ud83c\udfa7\" width=\"16\" height=\"16\" \/><\/span>DJ Zensy<br \/><span class=\"pq6dq46d tbxw36s4 knj5qynh kvgmc6g5 ditlmg2l oygrvhab nvdbi5me sf5mxxl7 gl3lb2sf hhz5lgdu\" style=\"display: inline-block;\"><img loading=\"lazy\" decoding=\"async\" src=\"https:\/\/www.facebook.com\/images\/emoji.php\/v9\/t1\/1\/16\/1f3a7.png\" alt=\"\ud83c\udfa7\" width=\"16\" height=\"16\" \/><\/span>DJ Xaero<br \/><span class=\"pq6dq46d tbxw36s4 knj5qynh kvgmc6g5 ditlmg2l oygrvhab nvdbi5me sf5mxxl7 gl3lb2sf hhz5lgdu\" style=\"display: inline-block;\"><img loading=\"lazy\" decoding=\"async\" src=\"https:\/\/www.facebook.com\/images\/emoji.php\/v9\/t1\/1\/16\/1f3a7.png\" alt=\"\ud83c\udfa7\" width=\"16\" height=\"16\" \/><\/span>DJ Howi<br \/><span class=\"pq6dq46d tbxw36s4 knj5qynh kvgmc6g5 ditlmg2l oygrvhab nvdbi5me sf5mxxl7 gl3lb2sf hhz5lgdu\" style=\"display: inline-block;\"><img loading=\"lazy\" decoding=\"async\" src=\"https:\/\/www.facebook.com\/images\/emoji.php\/v9\/t1\/1\/16\/1f3a7.png\" alt=\"\ud83c\udfa7\" width=\"16\" height=\"16\" \/><\/span>DJ Sens<\/div><div class=\"o9v6fnle cxmmr5t8 oygrvhab hcukyx3x c1et5uql\">\u00a0<\/div><div class=\"o9v6fnle cxmmr5t8 oygrvhab hcukyx3x c1et5uql\"><span class=\"pq6dq46d tbxw36s4 knj5qynh kvgmc6g5 ditlmg2l oygrvhab nvdbi5me sf5mxxl7 gl3lb2sf hhz5lgdu\" style=\"display: inline-block;\"><img loading=\"lazy\" decoding=\"async\" src=\"https:\/\/www.facebook.com\/images\/emoji.php\/v9\/tac\/1\/16\/1f4cc.png\" alt=\"\ud83d\udccc\" width=\"16\" height=\"16\" \/><\/span>\u00a0REJESTRACJA:<br \/>Rejestracji on-line jest zamkni\u0119ta. Mo\u017cliwy jest zakup Day Pass &#8211; wy\u0142\u0105cznie w biurze wydarzenia (150 PLN p\u0142atno\u015b\u0107 wy\u0142\u0105cznie got\u00f3wk\u0105)<\/div><div class=\"o9v6fnle cxmmr5t8 oygrvhab hcukyx3x c1et5uql\">\u00a0<\/div><div class=\"o9v6fnle cxmmr5t8 oygrvhab hcukyx3x c1et5uql\"><span class=\"pq6dq46d tbxw36s4 knj5qynh kvgmc6g5 ditlmg2l oygrvhab nvdbi5me sf5mxxl7 gl3lb2sf hhz5lgdu\" style=\"display: inline-block;\"><img loading=\"lazy\" decoding=\"async\" src=\"https:\/\/www.facebook.com\/images\/emoji.php\/v9\/tac\/1\/16\/1f4cc.png\" alt=\"\ud83d\udccc\" width=\"16\" height=\"16\" \/><\/span>\u00a0PROGRAM:<br \/>12.08 CZWARTEK:<br \/><span class=\"pq6dq46d tbxw36s4 knj5qynh kvgmc6g5 ditlmg2l oygrvhab nvdbi5me sf5mxxl7 gl3lb2sf hhz5lgdu\" style=\"display: inline-block;\"><img loading=\"lazy\" decoding=\"async\" src=\"https:\/\/www.facebook.com\/images\/emoji.php\/v9\/tf3\/1\/16\/1f539.png\" alt=\"\ud83d\udd39\" width=\"16\" height=\"16\" \/><\/span>21:00 &#8211; 24:00 REJESTRACJA<br \/><span class=\"pq6dq46d tbxw36s4 knj5qynh kvgmc6g5 ditlmg2l oygrvhab nvdbi5me sf5mxxl7 gl3lb2sf hhz5lgdu\" style=\"display: inline-block;\"><img loading=\"lazy\" decoding=\"async\" src=\"https:\/\/www.facebook.com\/images\/emoji.php\/v9\/tf3\/1\/16\/1f539.png\" alt=\"\ud83d\udd39\" width=\"16\" height=\"16\" \/><\/span>22:00 &#8211; 06:00 Welcome Party<br \/>13.08 PI\u0104TEK:<br \/><span class=\"pq6dq46d tbxw36s4 knj5qynh kvgmc6g5 ditlmg2l oygrvhab nvdbi5me sf5mxxl7 gl3lb2sf hhz5lgdu\" style=\"display: inline-block;\"><img loading=\"lazy\" decoding=\"async\" src=\"https:\/\/www.facebook.com\/images\/emoji.php\/v9\/tf3\/1\/16\/1f539.png\" alt=\"\ud83d\udd39\" width=\"16\" height=\"16\" \/><\/span>13:00 &#8211; 14:00 REJECTRACJA<br \/><span class=\"pq6dq46d tbxw36s4 knj5qynh kvgmc6g5 ditlmg2l oygrvhab nvdbi5me sf5mxxl7 gl3lb2sf hhz5lgdu\" style=\"display: inline-block;\"><img loading=\"lazy\" decoding=\"async\" src=\"https:\/\/www.facebook.com\/images\/emoji.php\/v9\/tf3\/1\/16\/1f539.png\" alt=\"\ud83d\udd39\" width=\"16\" height=\"16\" \/><\/span>13:00 &#8211; 06:00 Zouk Marathon<br \/>14.08 SOBOTA:<br \/><span class=\"pq6dq46d tbxw36s4 knj5qynh kvgmc6g5 ditlmg2l oygrvhab nvdbi5me sf5mxxl7 gl3lb2sf hhz5lgdu\" style=\"display: inline-block;\"><img loading=\"lazy\" decoding=\"async\" src=\"https:\/\/www.facebook.com\/images\/emoji.php\/v9\/tf3\/1\/16\/1f539.png\" alt=\"\ud83d\udd39\" width=\"16\" height=\"16\" \/><\/span>13:00 &#8211; 06:00 Zouk Marathon<br \/>15.08 NIEDZIELA:<br \/><span class=\"pq6dq46d tbxw36s4 knj5qynh kvgmc6g5 ditlmg2l oygrvhab nvdbi5me sf5mxxl7 gl3lb2sf hhz5lgdu\" style=\"display: inline-block;\"><img loading=\"lazy\" decoding=\"async\" src=\"https:\/\/www.facebook.com\/images\/emoji.php\/v9\/tf3\/1\/16\/1f539.png\" alt=\"\ud83d\udd39\" width=\"16\" height=\"16\" \/><\/span>13:00 &#8211; 18:00 Zouk Marathon<br \/><span class=\"pq6dq46d tbxw36s4 knj5qynh kvgmc6g5 ditlmg2l oygrvhab nvdbi5me sf5mxxl7 gl3lb2sf hhz5lgdu\" style=\"display: inline-block;\"><img loading=\"lazy\" decoding=\"async\" src=\"https:\/\/www.facebook.com\/images\/emoji.php\/v9\/tf3\/1\/16\/1f539.png\" alt=\"\ud83d\udd39\" width=\"16\" height=\"16\" \/><\/span>22:00 &#8211; Goodbye Party<br \/>16.08 PONIEDZIA\u0141EK:<br \/><span class=\"pq6dq46d tbxw36s4 knj5qynh kvgmc6g5 ditlmg2l oygrvhab nvdbi5me sf5mxxl7 gl3lb2sf hhz5lgdu\" style=\"display: inline-block;\"><img loading=\"lazy\" decoding=\"async\" src=\"https:\/\/www.facebook.com\/images\/emoji.php\/v9\/tf3\/1\/16\/1f539.png\" alt=\"\ud83d\udd39\" width=\"16\" height=\"16\" \/><\/span>18:00 &#8211; Open Air After Party<\/div><div class=\"o9v6fnle cxmmr5t8 oygrvhab hcukyx3x c1et5uql\">\u00a0<\/div><div class=\"o9v6fnle cxmmr5t8 oygrvhab hcukyx3x c1et5uql\"><span class=\"pq6dq46d tbxw36s4 knj5qynh kvgmc6g5 ditlmg2l oygrvhab nvdbi5me sf5mxxl7 gl3lb2sf hhz5lgdu\" style=\"display: inline-block;\"><img loading=\"lazy\" decoding=\"async\" src=\"https:\/\/www.facebook.com\/images\/emoji.php\/v9\/tac\/1\/16\/1f4cc.png\" alt=\"\ud83d\udccc\" width=\"16\" height=\"16\" \/><\/span>\u00a0ZAKWATEROWANIE:<br \/>Polecane przez nas hotele znajduj\u0105 si\u0119 niedaleko budynku wydarzenia!<br \/>1. Citi Hotel&#8217;s Wroc\u0142aw &#8211;\u00a0<a class=\"oajrlxb2 g5ia77u1 qu0x051f esr5mh6w e9989ue4 r7d6kgcz rq0escxv nhd2j8a9 nc684nl6 p7hjln8o kvgmc6g5 cxmmr5t8 oygrvhab hcukyx3x jb3vyjys rz4wbd8a qt6c0cv9 a8nywdso i1ao9s8h esuyzwwr f1sip0of lzcic4wl py34i1dx gpro0wi8\" tabindex=\"0\" role=\"link\" href=\"https:\/\/l.facebook.com\/l.php?u=https%3A%2F%2Fwww.cfihotels.pl%2Fnasze-hotele%2Fciti-hotels-wroclaw%3Ffbclid%3DIwAR0LMVbRvJt4KC83oI486GtZTO_GjONXFsq2rxjTEOpfRKPIXp-7nXes6GE&amp;h=AT1GuBHEcuSj3HWpjKhBQ5BGk2Zagsdb7rSMtUbxidAUMtK2w7be4KzC51CcEehhAUzPs3z3RLcml63XSot3mCBgRgK7JeVFoMJOmazIk76x3ILeVb5sPEpl8lJjzmepn0bI&amp;__tn__=q&amp;c[0]=AT0GklW5_b1GfG4veweOe6BuXdzoe1XV6UO-7HjPGR0-h3rugVnxKdmQY_-_ru9CEQv-5bsaloYmZz0SOCogDKuHGNvNoXZrA-r4k5hmyzjfGNk5SwQtm2pejFOWU4Sd8vy80WDsIpy59julB4La-bWyeVeGqPs9KIijJiwh68mIHRjjow\" target=\"_blank\" rel=\"nofollow noopener\">https:\/\/www.cfihotels.pl\/nasze-hotele\/citi-hotels-wroclaw<\/a><br \/>Przy rezerwacji mailowej na has\u0142o &#8222;Zouk Island Marathon 2021&#8221; obowi\u0105zuj\u0105 nast\u0119puj\u0105ce ceny zni\u017ckowe:<\/div><div class=\"o9v6fnle cxmmr5t8 oygrvhab hcukyx3x c1et5uql\"><span class=\"sf5mxxl7 nvdbi5me oygrvhab ditlmg2l kvgmc6g5 knj5qynh tbxw36s4 pq6dq46d\">\ud83e\uddcd\u200d<\/span>Pok\u00f3j jednoosobowy typu SGL bez \u015bniadania \u2013 200 PLN\/doba<br \/><span class=\"pq6dq46d tbxw36s4 knj5qynh kvgmc6g5 ditlmg2l oygrvhab nvdbi5me sf5mxxl7 gl3lb2sf hhz5lgdu\" style=\"display: inline-block;\"><img loading=\"lazy\" decoding=\"async\" src=\"https:\/\/www.facebook.com\/images\/emoji.php\/v9\/t38\/1\/16\/1f46b.png\" alt=\"\ud83d\udc6b\" width=\"16\" height=\"16\" \/><\/span>Pok\u00f3j dwuosobowy typu TWIN\/DBL bez \u015bniadania \u2013 220 PLN\/doba<\/div><div class=\"o9v6fnle cxmmr5t8 oygrvhab hcukyx3x c1et5uql\"><span class=\"pq6dq46d tbxw36s4 knj5qynh kvgmc6g5 ditlmg2l oygrvhab nvdbi5me sf5mxxl7 gl3lb2sf hhz5lgdu\" style=\"display: inline-block;\"><img loading=\"lazy\" decoding=\"async\" src=\"https:\/\/www.facebook.com\/images\/emoji.php\/v9\/t72\/1\/16\/1f9cd.png\" alt=\"\ud83e\uddcd\" width=\"16\" height=\"16\" \/><\/span>Pok\u00f3j jednoosobowy typu SGL ze \u015bniadaniami \u2013 230 PLN\/doba<br \/><span class=\"pq6dq46d tbxw36s4 knj5qynh kvgmc6g5 ditlmg2l oygrvhab nvdbi5me sf5mxxl7 gl3lb2sf hhz5lgdu\" style=\"display: inline-block;\"><img loading=\"lazy\" decoding=\"async\" src=\"https:\/\/www.facebook.com\/images\/emoji.php\/v9\/t38\/1\/16\/1f46b.png\" alt=\"\ud83d\udc6b\" width=\"16\" height=\"16\" \/><\/span>Pok\u00f3j dwuosobowy typu TWIN\/DBL ze \u015bniadaniami \u2013 280 PLN\/doba<\/div><div class=\"o9v6fnle cxmmr5t8 oygrvhab hcukyx3x c1et5uql\">\u00a0<\/div><div class=\"o9v6fnle cxmmr5t8 oygrvhab hcukyx3x c1et5uql\">\u00a0<\/div><div class=\"o9v6fnle cxmmr5t8 oygrvhab hcukyx3x c1et5uql\"><span class=\"pq6dq46d tbxw36s4 knj5qynh kvgmc6g5 ditlmg2l oygrvhab nvdbi5me sf5mxxl7 gl3lb2sf hhz5lgdu\" style=\"display: inline-block;\"><img loading=\"lazy\" decoding=\"async\" src=\"https:\/\/www.facebook.com\/images\/emoji.php\/v9\/tac\/1\/16\/1f4cc.png\" alt=\"\ud83d\udccc\" width=\"16\" height=\"16\" \/><\/span>LUNCH:<br \/>Posi\u0142ki b\u0119dzie mo\u017cna zam\u00f3wi\u0107 oraz op\u0142aci\u0107 na miejscu.<br \/>Bezp\u0142atny dost\u0119p do nielimitowanej wody podczas ca\u0142ego wydarzenia jest gwarantowany.<\/div><\/div>\t\t\t\t\t\t<\/div>\n\t\t\t\t<\/div>\n\t\t\t\t\t<\/div>\n\t\t<\/div>\n\t\t\t\t\t\t\t<\/div>\n\t\t<\/section>\n\t\t\t\t\t\t\t<\/div>\n\t\t","protected":false},"excerpt":{"rendered":"<p>English (angielski) polski Mamy przyjemno\u00c5\u203a\u00c4\u2021 zaprosi\u00c4\u2021 Ci\u00c4\u2122 na niezwyk\u00c5\u201ae, 4 dni pe\u00c5\u201ane Zouka do Wroc\u00c5\u201aawia! 100% Social dancing przez ca\u00c5\u201ae wydarzenia. Imprezy ze sprawdzonymi DJami, niesamowite mijsce w samym sercu Wroc\u00c5\u201aawia, cudowna atmosfera i du\u00c5\u00bco mi\u00c5\u201ao\u00c5\u203anik\u00c3\u00b3w Zouka. Nie mo\u00c5\u00bce Ci\u00c4\u2122 zabrakn\u00c4\u2026\u00c4\u2021\u00c2\u00a0CO ZAPEWNIAMY:4 dni ta\u00c5\u201eczenia na parkietach w niezwyk\u00c5\u201aym otoczeniuNiesamowit\u00c4\u2026 muzyk\u00c4\u2122 od sprawdzonch DJ\u00c3\u00b3wWy\u00c5\u203amienite jedzenie podczas [&hellip;]<\/p>\n","protected":false},"author":1,"featured_media":0,"parent":0,"menu_order":0,"comment_status":"closed","ping_status":"closed","template":"elementor_canvas","meta":{"footnotes":""},"_links":{"self":[{"href":"https:\/\/zoukwroclove.pl\/pl\/wp-json\/wp\/v2\/pages\/1236"}],"collection":[{"href":"https:\/\/zoukwroclove.pl\/pl\/wp-json\/wp\/v2\/pages"}],"about":[{"href":"https:\/\/zoukwroclove.pl\/pl\/wp-json\/wp\/v2\/types\/page"}],"author":[{"embeddable":true,"href":"https:\/\/zoukwroclove.pl\/pl\/wp-json\/wp\/v2\/users\/1"}],"replies":[{"embeddable":true,"href":"https:\/\/zoukwroclove.pl\/pl\/wp-json\/wp\/v2\/comments?post=1236"}],"version-history":[{"count":8,"href":"https:\/\/zoukwroclove.pl\/pl\/wp-json\/wp\/v2\/pages\/1236\/revisions"}],"predecessor-version":[{"id":1244,"href":"https:\/\/zoukwroclove.pl\/pl\/wp-json\/wp\/v2\/pages\/1236\/revisions\/1244"}],"wp:attachment":[{"href":"https:\/\/zoukwroclove.pl\/pl\/wp-json\/wp\/v2\/media?parent=1236"}],"curies":[{"name":"wp","href":"https:\/\/api.w.org\/{rel}","templated":true}]}}