{"id":13,"date":"2020-08-16T14:19:08","date_gmt":"2020-08-16T12:19:08","guid":{"rendered":"http:\/\/2021.zoukpasion.pl\/?page_id=13"},"modified":"2023-11-20T12:29:18","modified_gmt":"2023-11-20T11:29:18","slug":"regulamin","status":"publish","type":"page","link":"https:\/\/zoukwroclove.pl\/pl\/regulamin\/","title":{"rendered":"Regulamin"},"content":{"rendered":"<h1>Regulamin Zouk Wroclove Festival 2024<\/h1>\n<p>\u00a7 1 POSTANOWIENIA OG\u00d3LNE<\/p>\n<p>1. Warunkiem uczestnictwa w imprezach i zaj\u0119ciach tanecznych podczas <strong>Zouk Wroclove Festival 2024<\/strong>\u00a0(zwanym dalej Wydarzeniem) jest akceptacja wszystkich punkt\u00f3w poni\u017cszego regulaminu przez Uczestnika.<\/p>\n<p>2. Uczestnictwo jest jednoznaczne z wyra\u017ceniem zgody Uczestnika na przyj\u0119cie warunk\u00f3w Regulaminu i zobowi\u0105zaniem si\u0119 do jego przestrzegania.<\/p>\n<p>3. Osoby niepe\u0142noletnie mog\u0105 by\u0107 uczestnikami Wydarzenia tylko za pisemn\u0105 zgod\u0105 rodzic\u00f3w\/opiekun\u00f3w.<\/p>\n<p>4. Zapisuj\u0105c si\u0119 na zaj\u0119cia podczas Wydarzenia, uczestnik jest \u015bwiadom w\u0142asnego stanu zdrowia oraz kondycji fizycznej, a w zaj\u0119ciach bierze udzia\u0142 na w\u0142asn\u0105 odpowiedzialno\u015b\u0107. Organizatorzy Wydarzenia nie odpowiadaj\u0105 za kontuzje Uczestnik\u00f3w zaj\u0119\u0107.<\/p>\n<p>5. Organizatorzy nie ponosz\u0105 odpowiedzialno\u015bci za uszkodzenie, zniszczenie lub utrat\u0119 rzeczy warto\u015bciowych pozostawionych w miejscu odbywania si\u0119 zaj\u0119\u0107 i imprez.<\/p>\n<p>6. Wszystkie osoby, poprzez uczestnictwo w imprezach, koncertach i wszystkich innych wydarzeniach organizowanych podczas <strong>Zouk Wroclove 2024<\/strong>\u00a0wyra\u017caj\u0105 zgod\u0119 na rejestrowanie i publikacj\u0119 materia\u0142\u00f3w ze swoim wizerunkiem.<\/p>\n<p>\u00a7 2 SZCZEG\u00d3\u0141OWE WARUNKI UCZESTNICTWA<\/p>\n<p>1. KARNETY &#8211; RODZAJE<br \/>Warunkiem uczestnictwa w zaj\u0119ciach tanecznych jest wykupienie karnetu np. Single Path, Master Path, Marathon Pass, Beginner Pass (zwanych dalej karnetami). Karnet ma form\u0119 bransoletki, kt\u00f3r\u0105 uczestnik ma obowi\u0105zek nosi\u0107 na wszystkich zaj\u0119ciach, imprezach i koncertach, kt\u00f3re obejmuje wybrana forma karnetu.<\/p>\n<p>2. KARNETY &#8211; FORMA IMIENNA<br \/>Wszystkie karnety s\u0105 imienne. Wymagane s\u0105 dane podane w formularzu. Dotyczy to r\u00f3wnie\u017c wej\u015bci\u00f3wek zakupionych w kasie w dniu imprezy.<\/p>\n<p>3. KARNET &#8211; UPRAWNIENIA<br \/>Karnet uprawnia tylko i wy\u0142\u0105cznie do uczestnictwa w zaj\u0119ciach i imprezach, na kt\u00f3re zosta\u0142 wykupiony.<\/p>\n<p>4. POLITYKA ZWROT\u00d3W<\/p>\n<p>4.1. PE\u0141EN ZWROT<br \/>Karnet mo\u017cna zwr\u00f3ci\u0107 do\u00a0<strong style=\"font-size: inherit; text-align: inherit; color: var( --e-global-color-text ); font-family: var( --e-global-typography-text-font-family ), Sans-serif; letter-spacing: -0.015em;\">19 lutego 2024<\/strong>. W takim przypadku dokonujemy zwrotu pe\u0142niej kwoty za zakupiony karnet.<\/p>\n<p>4.2. ZWROT PO 20 MARCA 2023 R.<br \/>W przypadku rezygnacji z zakupionego karnetu\u00a0<strong style=\"font-size: inherit; text-align: inherit; color: var( --e-global-color-text ); font-family: var( --e-global-typography-text-font-family ), Sans-serif; letter-spacing: -0.015em;\">po 19 lutego 2024 <\/strong>zwracane\u00a0b\u0119dzie\u00a0jedynie\u00a0<strong style=\"font-size: inherit; text-align: inherit; color: var( --e-global-color-text ); font-family: var( --e-global-typography-text-font-family ), Sans-serif; letter-spacing: -0.015em;\">50%<\/strong>\u00a0jego warto\u015bci. istnieje mo\u017cliwo\u015b\u0107 przekazania go w pe\u0142nej warto\u015bci innej osobie \u2013 nale\u017cy o tym poinformowa\u0107 Organizatora, wysy\u0142aj\u0105c nazwisko nowej osoby na adres mailowy: info@zoukwroclove.pl. W\u00f3wczas, po otrzymaniu wp\u0142aty pe\u0142nej kwoty od osoby zast\u0119puj\u0105cej, Organizator zwr\u00f3ci \u015brodki na konto osoby rezygnuj\u0105cej. W razie dalszych pyta\u0144 prosimy o kontakt z Organizatorem.<\/p>\n<p>4.3. ZWROT PO 1 KWIETNIA 2023 R.<br \/>Od <strong style=\"font-size: inherit; text-align: inherit; color: var( --e-global-color-text ); font-family: var( --e-global-typography-text-font-family ), Sans-serif; letter-spacing: -0.015em;\">1 kwietnia 2024<\/strong>\u00a0zwrot \u015brodk\u00f3w nie b\u0119dzie mo\u017cliwy, lecz od 1 kwietnia do\u00a0<strong style=\"font-size: inherit; text-align: inherit; color: var( --e-global-color-text ); font-family: var( --e-global-typography-text-font-family ), Sans-serif; letter-spacing: -0.015em;\">19 maja 2024<\/strong>\u00a0istnieje mo\u017cliwo\u015b\u0107 przepisania karnetu na inn\u0105 osob\u0119, za dop\u0142at\u0105 wyr\u00f3wnawcz\u0105 (r\u00f3\u017cnica mi\u0119dzy kwot\u0105 obowi\u0105zuj\u0105c\u0105 w terminie bie\u017c\u0105cym wzgl\u0119dem terminu zakupu) &#8211; nale\u017cy o tym poinformowa\u0107 Organizatora, wysy\u0142aj\u0105c nazwisko nowej osoby i potwierdzenie dokonanego wcze\u015bniej przelewu na adres mailowy: info@zoukwroclove.pl.\u00a0<\/p>\n<p>4.4. ZWROT PO 20 MAJA 2023 R.<br \/>Od\u00a0<strong style=\"font-size: inherit; text-align: inherit; color: var( --e-global-color-text ); font-family: var( --e-global-typography-text-font-family ), Sans-serif; letter-spacing: -0.015em;\">20 maja 2024<\/strong>\u00a0nie ma mo\u017cliwo\u015bci zwrotu pieni\u0119dzy za zakupiony karnet ani przepisania do na inn\u0105 osob\u0119.<\/p>\n<p>5. POTWIERDZENIE WP\u0141ATY<br \/>Organizator po otrzymaniu p\u0142atno\u015bci wysy\u0142a maila z potwierdzeniem wp\u0142ywu na konto wydarzenia dokonanej op\u0142aty.<\/p>\n<p>6. KARNET &#8211; ODBI\u00d3R W DNIU WYDARZENIA<br \/>W dniu odbioru karnetu nale\u017cy mie\u0107 ze sob\u0105 dow\u00f3d to\u017csamo\u015bci ze zdj\u0119ciem oraz dow\u00f3d wp\u0142aty.<\/p>\n<p>7. P\u0141ATNO\u015aCI<br \/>P\u0142atno\u015bci za zakupione karnety nale\u017cy dokona\u0107 w ci\u0105gu 48 godzin od wykonania rezerwacji przelewem lub poprzez dost\u0119pn\u0105 na stronie p\u0142atno\u015b\u0107 on-line. W przypadku rezerwacji karnetu w wyznaczonych przez organizatora, tzw. ta\u0144szych okresach (np. early bird), za termin rezerwacji uznaje si\u0119 dat\u0119 zaksi\u0119gowania przelewu na koncie organizatora. Po <strong style=\"font-size: inherit; text-align: inherit; color: var( --e-global-color-text ); font-family: var( --e-global-typography-text-font-family ), Sans-serif; letter-spacing: -0.015em;\">19 maja 2024<\/strong>\u00a0karnety zakupi\u0107 mo\u017cna tylko w kasie Wydarzenia.<\/p>\n<p>Podmiotami uprawnionymi do przyjmowania p\u0142atno\u015bci s\u0105:<\/p>\n<p>Fundacja Dance Wroclove Foundation<br \/>Wroc\u0142aw 50-244, Pl. \u015aw. Macieja 10\/8<br \/>Numer KRS: 0000950472<br \/>REGON: 521147352, NIP: 8982273375<\/p>\n<p>Kompeks sp\u00f3\u0142ka z ograniczon\u0105 odpowiedzialno\u015bci\u0105<br \/>Bielsko-Bia\u0142a 43-300, G\u0142owackiego 8\/14<br \/>Numer KRS: 0000936667<br \/>REGON: 520722908, NIP: 5472228753<\/p>\n<p>Podmiotem \u015bwiadcz\u0105cym obs\u0142ug\u0119 p\u0142atno\u015bci online w zakresie p\u0142atno\u015bci kartami s\u0105 Blue Media S.A. oraz PayU S. A.<\/p>\n<p>Dost\u0119pne formy p\u0142atno\u015bci: <br \/>Przelew on-line<br \/>Karty p\u0142atnicze: <br \/>* Visa <br \/>* Visa Electron <br \/>* Mastercard <br \/>* MasterCard Electronic <br \/>* Maestro<\/p>\n<p><img loading=\"lazy\" decoding=\"async\" src=\"https:\/\/zoukwroclove.pl\/wp-content\/uploads\/2022\/06\/baner-Visa-MasterCard.png\" alt=\"\" width=\"123\" height=\"123\" \/><\/p>\n<p>Sprzedawca dokonuje zwrotu p\u0142atno\u015bci przy u\u017cyciu takiego samego sposobu p\u0142atno\u015bci, jakiego u\u017cy\u0142 konsument, chyba \u017ce konsument wyra\u017anie zgodzi\u0142 si\u0119 na inny spos\u00f3b zwrotu, kt\u00f3ry nie wi\u0105\u017ce si\u0119 dla niego z \u017cadnymi kosztami.<\/p>\n<p>8. REZERWACJA<br \/>Rezerwacji na warsztaty mo\u017cna dokona\u0107 przez formularz na stronie internetowej lub w kasie podczas Wydarzenia, je\u015bli pozosta\u0142y jeszcze wolne miejsca.<\/p>\n<p>9. POLITYKA REKLAMACJI<\/p>\n<p>9.1. Reklamacje mo\u017cna sk\u0142ada\u0107 w formie pisemnej wysy\u0142aj\u0105c wiadomo\u015b\u0107 e-mail na adres info@zoukwroclove.pl.<\/p>\n<p>9.2. Reklamacja powinna by\u0107 wysy\u0142ana z adresu e-mail u\u017cytego podczas zakupu.<\/p>\n<p>9.3. Reklamacja b\u0119dzie rozpatrzona w maksymalnym czasie 30 dni.<\/p>\n<p>9.4. Odpowied\u017a na reklamacje b\u0119dzie wys\u0142ana drog\u0105 elektroniczn\u0105 na adres e-mail podany podczas zakupu.<\/p>\n<p>10. PRAWO DO ZMIAN W PROGRAMIE<br \/>Organizator zastrzega sobie prawo zmiany instruktor\u00f3w oraz zmian w programie (np. z wa\u017cnych powod\u00f3w losowych). Zmiana taka nie skutkuje prawem Uczestnika do wycofania wp\u0142aty za karnet.<\/p>\n<p>11. PRAWO DO ZMIAN W REGULAMINIE<br \/>Organizator zastrzega sobie prawo do zmiany regulaminu w dowolnym momencie, bez uprzedniego informowania o tym fakcie.<\/p>\n<p>\u00a7 3 ZASADY OBOWI\u0104ZUJ\u0104CE W OBIEKCIE PROWADZENIA ZAJ\u0118\u0106<\/p>\n<p>1. Na terenie obiektu, w kt\u00f3rym odbywaj\u0105 si\u0119 zaj\u0119cia obowi\u0105zuje ca\u0142kowity zakaz palenia tytoniu oraz spo\u017cywania alkoholu. W zaj\u0119ciach nie mog\u0105 uczestniczy\u0107 osoby b\u0119d\u0105ce pod wp\u0142ywem alkoholu i\/lub jakichkolwiek innych \u015brodk\u00f3w odurzaj\u0105cych.<\/p>\n<p>2. Na sal\u0119 taneczn\u0105 mo\u017cna wej\u015b\u0107 tylko w czystym obuwiu zamiennym, kt\u00f3re nie niszczy pod\u0142ogi (nie posiada metalowych element\u00f3w, mog\u0105cych mie\u0107 kontakt z pod\u0142o\u017cem oraz nie pozostawia innych \u015blad\u00f3w).<\/p>\n<p>3. O opuszczenie sali tanecznej mog\u0105 zosta\u0107 poproszone osoby, kt\u00f3re nie zastosuj\u0105 si\u0119 do niniejszego Regulaminu, ich zachowanie b\u0119dzie przeszkadza\u0142o innym Uczestnikom lub b\u0119dzie zagra\u017ca\u0142o bezpiecze\u0144stwu os\u00f3b i wyposa\u017ceniu obiektu, w kt\u00f3rym odbywaj\u0105 si\u0119 zaj\u0119cia.<\/p>\n<p>4. Uczestnik zobowi\u0105zuje si\u0119 do poszanowania praw i godno\u015bci pracownik\u00f3w i innych Uczestnik\u00f3w zaj\u0119\u0107.<\/p>\n<p>5. Uczestnicy zaj\u0119\u0107 proszeni s\u0105 o poszanowanie mienia nale\u017c\u0105cego do obiektu w kt\u00f3rym odbywaj\u0105 si\u0119 zaj\u0119cia i zobowi\u0105zani do pe\u0142nej rekompensaty strat materialnych, wynik\u0142ych z niew\u0142a\u015bciwego zachowania podczas przebywania na terenie obiektu. Za straty materialne spowodowane przez osoby niepe\u0142noletnie odpowiadaj\u0105 ich rodzice lub opiekunowie.<\/p>\n<p>6. Zabrania si\u0119 filmowania i robienia zdj\u0119\u0107 podczas warsztat\u00f3w i imprez towarzysz\u0105cych oraz publikowania wszelkich materia\u0142\u00f3w audio lub wizualnych bez zgody organizatora. Za zgod\u0105 instruktor\u00f3w oraz organizatora, po zako\u0144czeniu warsztat\u00f3w mo\u017cliwe jest wykonanie zdj\u0119\u0107 lub nagranie filmu.<\/p>\n<p>7. Organizator nie odpowiada za rzeczy pozostawione na terenie obiektu, w tym r\u00f3wnie\u017c w szatniach.<\/p>\n<p>8. Poprzez zg\u0142oszenie udzia\u0142u w Wydarzeniu wyra\u017cam zgod\u0119 na przetwarzanie moich danych osobowych zgodnie z ustaw\u0105 o ochronie danych osobowych w zwi\u0105zku z realizacj\u0105 zg\u0142oszenia. Podanie danych jest dobrowolne, ale niezb\u0119dne jego przetworzenia. Zosta\u0142em\/am poinformowany\/a, \u017ce przys\u0142uguje mi prawo dost\u0119pu do swoich danych, mo\u017cliwo\u015bci ich poprawiania oraz \u017c\u0105dania zaprzestania ich przetwarzania. Administratorem danych osobowych jest Marcin Giemza.<\/p>\n","protected":false},"excerpt":{"rendered":"<p>Regulamin Zouk Wroclove Festival 2024 \u00a7 1 POSTANOWIENIA OG\u00d3LNE 1. Warunkiem uczestnictwa w imprezach i zaj\u0119ciach tanecznych podczas Zouk Wroclove Festival 2024\u00a0(zwanym dalej Wydarzeniem) jest akceptacja wszystkich punkt\u00f3w poni\u017cszego regulaminu przez Uczestnika. 2. Uczestnictwo jest jednoznaczne z wyra\u017ceniem zgody Uczestnika na przyj\u0119cie warunk\u00f3w Regulaminu i zobowi\u0105zaniem si\u0119 do jego przestrzegania. 3. Osoby niepe\u0142noletnie mog\u0105 by\u0107 [&hellip;]<\/p>\n","protected":false},"author":1,"featured_media":0,"parent":0,"menu_order":0,"comment_status":"closed","ping_status":"closed","template":"templates\/template-full-width.php","meta":{"footnotes":""},"_links":{"self":[{"href":"https:\/\/zoukwroclove.pl\/pl\/wp-json\/wp\/v2\/pages\/13"}],"collection":[{"href":"https:\/\/zoukwroclove.pl\/pl\/wp-json\/wp\/v2\/pages"}],"about":[{"href":"https:\/\/zoukwroclove.pl\/pl\/wp-json\/wp\/v2\/types\/page"}],"author":[{"embeddable":true,"href":"https:\/\/zoukwroclove.pl\/pl\/wp-json\/wp\/v2\/users\/1"}],"replies":[{"embeddable":true,"href":"https:\/\/zoukwroclove.pl\/pl\/wp-json\/wp\/v2\/comments?post=13"}],"version-history":[{"count":34,"href":"https:\/\/zoukwroclove.pl\/pl\/wp-json\/wp\/v2\/pages\/13\/revisions"}],"predecessor-version":[{"id":3925,"href":"https:\/\/zoukwroclove.pl\/pl\/wp-json\/wp\/v2\/pages\/13\/revisions\/3925"}],"wp:attachment":[{"href":"https:\/\/zoukwroclove.pl\/pl\/wp-json\/wp\/v2\/media?parent=13"}],"curies":[{"name":"wp","href":"https:\/\/api.w.org\/{rel}","templated":true}]}}