{"id":16,"date":"2020-08-16T14:19:10","date_gmt":"2020-08-16T12:19:10","guid":{"rendered":"http:\/\/2021.zoukpasion.pl\/?page_id=16"},"modified":"2024-03-11T10:29:34","modified_gmt":"2024-03-11T09:29:34","slug":"hotele","status":"publish","type":"page","link":"https:\/\/zoukwroclove.pl\/pl\/hotele\/","title":{"rendered":"Hotele"},"content":{"rendered":"\t\t<div data-elementor-type=\"wp-page\" data-elementor-id=\"16\" class=\"elementor elementor-16\">\n\t\t\t\t\t\t\t\t\t<section class=\"elementor-section elementor-top-section elementor-element elementor-element-3321c8fe elementor-section-boxed elementor-section-height-default elementor-section-height-default\" data-id=\"3321c8fe\" data-element_type=\"section\">\n\t\t\t\t\t\t<div class=\"elementor-container elementor-column-gap-default\">\n\t\t\t\t\t<div class=\"elementor-column elementor-col-100 elementor-top-column elementor-element elementor-element-1bdc277\" data-id=\"1bdc277\" data-element_type=\"column\">\n\t\t\t<div class=\"elementor-widget-wrap elementor-element-populated\">\n\t\t\t\t\t\t\t\t<div class=\"elementor-element elementor-element-b4b1758 elementor-widget elementor-widget-text-editor\" data-id=\"b4b1758\" data-element_type=\"widget\" data-widget_type=\"text-editor.default\">\n\t\t\t\t<div class=\"elementor-widget-container\">\n\t\t\t\t\t\t\t<div><p><strong>Citi Hotel\u2019s Wroc\u0142aw ****<\/strong> &#8211; <a href=\"http:\/\/www.cfihotels.pl\/nasze-hotele\/citi-hotels-wroclaw\">http:\/\/www.cfihotels.pl\/nasze-hotele\/citi-hotels-wroclaw<\/a><\/p><table><tbody><tr><td>Pok\u00f3j dwuosobowy bez \u015bniadania<\/td><td>od 380 PLN\u00a0<\/td><\/tr><tr><td>Pok\u00f3j jednoosobowy bez \u015bniadania<\/td><td>od 350 PLN\u00a0<\/td><\/tr><tr><td colspan=\"2\">Aby skorysta\u0107 z ceny specjalnej, zr\u00f3b rezerwacj\u0119 przez telefon lub e-mail i podaj has\u0142o <b>&#8222;Zouk Wroclove Festival MAJ 2024&#8221;<br \/>Ceny obowi\u0105zuj\u0105 do dnia 2024-05-09!<\/b><br \/>Rezerwacje : tel.: <a href=\"tel:+48 718 890 015\">+48 718 890 015<\/a> | tel.kom.: <a href=\"tel:+48 603 209 908\">+48 603 209 908<\/a> | e-mail: <a href=\"citiwroclaw@cfihotels.pl\">citiwroclaw@cfihotels.pl<\/a><\/td><\/tr><\/tbody><\/table><p><img loading=\"lazy\" decoding=\"async\" style=\"width: 500px;\" src=\"\/wp-content\/uploads\/2020\/08\/room.jpg\" alt=\"\" width=\"500\" height=\"333\" \/><\/p><p>250 m \/ 3 min piechot\u0105 \/ Ceny od 380 z\u0142 \/ pok\u00f3j 2 os.<\/p><\/div>\t\t\t\t\t\t<\/div>\n\t\t\t\t<\/div>\n\t\t\t\t<div class=\"elementor-element elementor-element-5f840fc elementor-widget elementor-widget-image-gallery\" data-id=\"5f840fc\" data-element_type=\"widget\" data-widget_type=\"image-gallery.default\">\n\t\t\t\t<div class=\"elementor-widget-container\">\n\t\t\t\t\t<div class=\"elementor-image-gallery\">\n\t\t\t<div id='gallery-1' class='gallery galleryid-16 gallery-columns-4 gallery-size-thumbnail'><figure class='gallery-item'>\n\t\t\t<div class='gallery-icon landscape'>\n\t\t\t\t<a data-elementor-open-lightbox=\"yes\" data-elementor-lightbox-slideshow=\"5f840fc\" data-elementor-lightbox-title=\"room\" data-e-action-hash=\"#elementor-action%3Aaction%3Dlightbox%26settings%3DeyJpZCI6MjkwLCJ1cmwiOiJodHRwczpcL1wvem91a3dyb2Nsb3ZlLnBsXC93cC1jb250ZW50XC91cGxvYWRzXC8yMDIwXC8wOFwvcm9vbS5qcGciLCJzbGlkZXNob3ciOiI1Zjg0MGZjIn0%3D\" href='https:\/\/zoukwroclove.pl\/wp-content\/uploads\/2020\/08\/room.jpg'><img loading=\"lazy\" decoding=\"async\" width=\"150\" height=\"150\" src=\"https:\/\/zoukwroclove.pl\/wp-content\/uploads\/2020\/08\/room-150x150.jpg\" class=\"attachment-thumbnail size-thumbnail\" alt=\"\" srcset=\"https:\/\/zoukwroclove.pl\/wp-content\/uploads\/2020\/08\/room-150x150.jpg 150w, https:\/\/zoukwroclove.pl\/wp-content\/uploads\/2020\/08\/room-100x100.jpg 100w\" sizes=\"(max-width: 150px) 100vw, 150px\" \/><\/a>\n\t\t\t<\/div><\/figure><figure class='gallery-item'>\n\t\t\t<div class='gallery-icon landscape'>\n\t\t\t\t<a data-elementor-open-lightbox=\"yes\" data-elementor-lightbox-slideshow=\"5f840fc\" data-elementor-lightbox-title=\"kitchen\" data-e-action-hash=\"#elementor-action%3Aaction%3Dlightbox%26settings%3DeyJpZCI6MjkyLCJ1cmwiOiJodHRwczpcL1wvem91a3dyb2Nsb3ZlLnBsXC93cC1jb250ZW50XC91cGxvYWRzXC8yMDIwXC8wOFwva2l0Y2hlbi5qcGciLCJzbGlkZXNob3ciOiI1Zjg0MGZjIn0%3D\" href='https:\/\/zoukwroclove.pl\/wp-content\/uploads\/2020\/08\/kitchen.jpg'><img loading=\"lazy\" decoding=\"async\" width=\"150\" height=\"150\" src=\"https:\/\/zoukwroclove.pl\/wp-content\/uploads\/2020\/08\/kitchen-150x150.jpg\" class=\"attachment-thumbnail size-thumbnail\" alt=\"\" srcset=\"https:\/\/zoukwroclove.pl\/wp-content\/uploads\/2020\/08\/kitchen-150x150.jpg 150w, https:\/\/zoukwroclove.pl\/wp-content\/uploads\/2020\/08\/kitchen-100x100.jpg 100w\" sizes=\"(max-width: 150px) 100vw, 150px\" \/><\/a>\n\t\t\t<\/div><\/figure><figure class='gallery-item'>\n\t\t\t<div class='gallery-icon landscape'>\n\t\t\t\t<a data-elementor-open-lightbox=\"yes\" data-elementor-lightbox-slideshow=\"5f840fc\" data-elementor-lightbox-title=\"bathroom\" data-e-action-hash=\"#elementor-action%3Aaction%3Dlightbox%26settings%3DeyJpZCI6Mjk0LCJ1cmwiOiJodHRwczpcL1wvem91a3dyb2Nsb3ZlLnBsXC93cC1jb250ZW50XC91cGxvYWRzXC8yMDIwXC8wOFwvYmF0aHJvb20uanBnIiwic2xpZGVzaG93IjoiNWY4NDBmYyJ9\" href='https:\/\/zoukwroclove.pl\/wp-content\/uploads\/2020\/08\/bathroom.jpg'><img loading=\"lazy\" decoding=\"async\" width=\"150\" height=\"150\" src=\"https:\/\/zoukwroclove.pl\/wp-content\/uploads\/2020\/08\/bathroom-150x150.jpg\" class=\"attachment-thumbnail size-thumbnail\" alt=\"\" srcset=\"https:\/\/zoukwroclove.pl\/wp-content\/uploads\/2020\/08\/bathroom-150x150.jpg 150w, https:\/\/zoukwroclove.pl\/wp-content\/uploads\/2020\/08\/bathroom-100x100.jpg 100w\" sizes=\"(max-width: 150px) 100vw, 150px\" \/><\/a>\n\t\t\t<\/div><\/figure>\n\t\t<\/div>\n\t\t<\/div>\n\t\t\t\t<\/div>\n\t\t\t\t<\/div>\n\t\t\t\t<div class=\"elementor-element elementor-element-88d13cc elementor-widget elementor-widget-text-editor\" data-id=\"88d13cc\" data-element_type=\"widget\" data-widget_type=\"text-editor.default\">\n\t\t\t\t<div class=\"elementor-widget-container\">\n\t\t\t\t\t\t\t<div>\n<p><b>Boutique Hotels Wroc\u0142aw<\/b> &#8211; <a href=\"https:\/\/www.cfihotels.pl\/nasze-hotele\/boutique-hotels-wroclaw\/kontakt\">https:\/\/www.cfihotels.pl\/nasze-hotele\/boutique-hotels-wroclaw\/kontakt<\/a><\/p>\n<div>\n<p>3,2 km \/ 20 min tramwajem \/ Ceny od 290 PLN \/ pok\u00f3j 2 os.<\/p>\n<table>\n<tbody>\n<tr>\n<td>Pok\u00f3j dwuosobowy bez \u015bniadania<\/td>\n<td>od 290 PLN&nbsp;<\/td>\n<\/tr>\n<tr>\n<td>Pok\u00f3j jednoosobowy bez \u015bniadania<\/td>\n<td>od 240 PLN<\/td>\n<\/tr>\n<tr>\n<td colspan=\"2\">Aby skorzysta\u0107 z ceny specjalnej, zr\u00f3b rezerwacj\u0119 przez telefon lub e-mail i podaj has\u0142o <b>&#8222;Zouk Wroclove Festival MAJ 2024&#8221;<br><\/b> <span style=\"font-weight: bold; letter-spacing: -0.288px;\">Ceny obowi\u0105zuj\u0105 do dnia 2024-05-09!<\/span><br>Rezerwacje : tel.: <a href=\"tel:+48 713 517 011\">+48 713 517 011<\/a> | tel.kom.: <a href=\"tel:+48 512 208 040\">+48 512 208 040<\/a> | e-mail: <a href=\"kwiska@hotels24.com.pl\">kwiska@hotels24.com.pl<\/a><\/td>\n<\/tr>\n<\/tbody>\n<\/table>\n<p><strong>Park Hotel Diament Wroclaw ****<\/strong> &#8211; <a href=\"https:\/\/www.booking.com\/hotel\/pl\/diamentwroclaw.pl.html\">https:\/\/www.booking.com\/hotel\/pl\/diamentwroclaw.pl.html<\/a><\/p>\n<p>2,6 km \/ 30 min piechot\u0105 (7 min autem)<\/p>\n<p><strong>Campanile Wroclaw &#8211; Stare Miasto ***<\/strong> &#8211; <a href=\"http:\/\/webbooking.louvre-hotels.fr\/CA\/\">http:\/\/webbooking.louvre-hotels.fr\/CA\/<\/a><\/p>\n<p>2,6 km \/ 30 min piechot\u0105 (8 min autem)<\/p>\n<p><strong>Scandic Wroc\u0142aw ****<\/strong> &#8211; <a href=\"https:\/\/www.booking.com\/hotel\/pl\/holidayinnwroclaw.pl.html\">https:\/\/www.booking.com\/hotel\/pl\/holidayinnwroclaw.pl.html<\/a><\/p>\n<p>3,1 km \/ 30 min piechot\u0105 (10 min autem)<\/p>\n<\/div>\n<\/div>\t\t\t\t\t\t<\/div>\n\t\t\t\t<\/div>\n\t\t\t\t\t<\/div>\n\t\t<\/div>\n\t\t\t\t\t\t\t<\/div>\n\t\t<\/section>\n\t\t\t\t\t\t\t<\/div>\n\t\t","protected":false},"excerpt":{"rendered":"<p>Citi Hotel\u2019s Wroc\u0142aw **** &#8211; http:\/\/www.cfihotels.pl\/nasze-hotele\/citi-hotels-wroclaw Pok\u00f3j dwuosobowy bez \u015bniadania od 380 PLN\u00a0 Pok\u00f3j jednoosobowy bez \u015bniadania od 350 PLN\u00a0 Aby skorysta\u0107 z ceny specjalnej, zr\u00f3b rezerwacj\u0119 przez telefon lub e-mail i podaj has\u0142o &#8222;Zouk Wroclove Festival MAJ 2024&#8221;Ceny obowi\u0105zuj\u0105 do dnia 2024-05-09!Rezerwacje : tel.: +48 718 890 015 | tel.kom.: +48 603 209 908 [&hellip;]<\/p>\n","protected":false},"author":1,"featured_media":0,"parent":0,"menu_order":0,"comment_status":"closed","ping_status":"closed","template":"templates\/template-full-width.php","meta":{"footnotes":""},"_links":{"self":[{"href":"https:\/\/zoukwroclove.pl\/pl\/wp-json\/wp\/v2\/pages\/16"}],"collection":[{"href":"https:\/\/zoukwroclove.pl\/pl\/wp-json\/wp\/v2\/pages"}],"about":[{"href":"https:\/\/zoukwroclove.pl\/pl\/wp-json\/wp\/v2\/types\/page"}],"author":[{"embeddable":true,"href":"https:\/\/zoukwroclove.pl\/pl\/wp-json\/wp\/v2\/users\/1"}],"replies":[{"embeddable":true,"href":"https:\/\/zoukwroclove.pl\/pl\/wp-json\/wp\/v2\/comments?post=16"}],"version-history":[{"count":24,"href":"https:\/\/zoukwroclove.pl\/pl\/wp-json\/wp\/v2\/pages\/16\/revisions"}],"predecessor-version":[{"id":3999,"href":"https:\/\/zoukwroclove.pl\/pl\/wp-json\/wp\/v2\/pages\/16\/revisions\/3999"}],"wp:attachment":[{"href":"https:\/\/zoukwroclove.pl\/pl\/wp-json\/wp\/v2\/media?parent=16"}],"curies":[{"name":"wp","href":"https:\/\/api.w.org\/{rel}","templated":true}]}}