{"id":163,"date":"2020-08-16T16:34:11","date_gmt":"2020-08-16T14:34:11","guid":{"rendered":"http:\/\/2021.zoukpasion.pl\/?page_id=163"},"modified":"2024-05-09T12:41:43","modified_gmt":"2024-05-09T10:41:43","slug":"bilety","status":"publish","type":"page","link":"https:\/\/zoukwroclove.pl\/pl\/bilety\/","title":{"rendered":"Bilety"},"content":{"rendered":"\n<div class=\"Normal\">\n\t<p>Przed przyst\u0105pieniem do zakupu biletu nale\u017cy zapozna\u0107 si\u0119 z regulaminem i warunkami sprzeda\u017cy dost\u0119pnymi <a href=\"https:\/\/zoukwroclove.pl\/pl\/regulamin\/\">TUTAJ<\/a>. Zakup biletu jest jednoznaczny z akceptacj\u0105 poni\u017cszych warunk\u00f3w:<\/p>\n\n<p><b>ZWROT PASS\u00d3W<\/b><\/p>\n\n<p>Po zakupie biletu istnieje mo\u017cliwo\u015b\u0107 zwrotu do &nbsp;<b>do 20 marca 2024<\/b>. Po tym terminie zwroty b\u0119d\u0105 obci\u0105\u017cone dodatkowymi kosztami.<\/p>\n\n<p><b>ODSPRZEDA\u017b PASS\u00d3W<\/b><\/p>\n\n<p>Odsprzeda\u017c pass\u00f3w i zmiana nazwiska przypisanego do passa mo\u017ce zosta\u0107 dokonana tylko 1 raz. Po dokonaniu jednej zmiany nie mo\u017cna dokona\u0107 wi\u0119cej zmian dla danego passa.<\/p>\n\n<ul>\n <li>Odsprzeda\u017c pass\u00f3w i zmiana nazwiska przypisanego do passa mo\u017cliwa jest tylko do <strong>20 maja 2023<\/strong>. Po tym terminie nie dokonujemy ju\u017c zmian.<\/li>\n <li>Zmieniaj\u0105c nazwisko przypisane do passa nowy w\u0142a\u015bciciel passa dop\u0142aca r\u00f3\u017cnic\u0119 mi\u0119dzy jego cen\u0105 nominaln\u0105 (obowi\u0105zuj\u0105c\u0105 w dniu zakupu passa przez pierwotnego nabywc\u0119), a aktualnie obowi\u0105zuj\u0105c\u0105 cen\u0105 w dniu zmiany nazwiska \/ odsprzeda\u017cy passa przelewem na rachunek bankowy organizatora lub on-line <strong>w ci\u0105gu 48h<\/strong>.<\/li>\n<\/ul>\n\n\n<p><b>WYMIANA PASS\u00d3W<\/b><\/p>\n\n<ul>\n <li>Mo\u017cliwa jest wymiana typu passa na inny, o ile \u0142\u0105czy si\u0119 to z rozszerzeniem zakupionego pakietu festiwalowego. W tym celu nale\u017cy zg\u0142osi\u0107 ch\u0119\u0107 wymiany passa i dop\u0142aci\u0107 r\u00f3\u017cnic\u0119 w cenie mi\u0119dzy aktualn\u0105 cen\u0105 nowego passa (zgodnie z cennikiem na dzie\u0144 wymiany) a wcze\u015bniej zap\u0142acon\u0105 kwot\u0105, przelewem na rachunek bankowy organizatora lub w biurze festiwalowym.<\/li>\n <li>Zmniejszenie pakietu festiwalowego\/rodzaju passa traktujemy jako zwrot i obowi\u0105zuje przy tym polityka zwrotu.<\/li>\n<\/ul>\n\n<\/div>\n","protected":false},"excerpt":{"rendered":"<p>Przed przyst\u0105pieniem do zakupu biletu nale\u017cy zapozna\u0107 si\u0119 z regulaminem i warunkami sprzeda\u017cy dost\u0119pnymi TUTAJ. Zakup biletu jest jednoznaczny z akceptacj\u0105 poni\u017cszych warunk\u00f3w: ZWROT PASS\u00d3W Po zakupie biletu istnieje mo\u017cliwo\u015b\u0107 zwrotu do &nbsp;do 20 marca 2024. Po tym terminie zwroty b\u0119d\u0105 obci\u0105\u017cone dodatkowymi kosztami. ODSPRZEDA\u017b PASS\u00d3W Odsprzeda\u017c pass\u00f3w i zmiana nazwiska przypisanego do passa mo\u017ce [&hellip;]<\/p>\n","protected":false},"author":1,"featured_media":0,"parent":0,"menu_order":0,"comment_status":"closed","ping_status":"closed","template":"templates\/template-full-width.php","meta":{"footnotes":""},"_links":{"self":[{"href":"https:\/\/zoukwroclove.pl\/pl\/wp-json\/wp\/v2\/pages\/163"}],"collection":[{"href":"https:\/\/zoukwroclove.pl\/pl\/wp-json\/wp\/v2\/pages"}],"about":[{"href":"https:\/\/zoukwroclove.pl\/pl\/wp-json\/wp\/v2\/types\/page"}],"author":[{"embeddable":true,"href":"https:\/\/zoukwroclove.pl\/pl\/wp-json\/wp\/v2\/users\/1"}],"replies":[{"embeddable":true,"href":"https:\/\/zoukwroclove.pl\/pl\/wp-json\/wp\/v2\/comments?post=163"}],"version-history":[{"count":12,"href":"https:\/\/zoukwroclove.pl\/pl\/wp-json\/wp\/v2\/pages\/163\/revisions"}],"predecessor-version":[{"id":4084,"href":"https:\/\/zoukwroclove.pl\/pl\/wp-json\/wp\/v2\/pages\/163\/revisions\/4084"}],"wp:attachment":[{"href":"https:\/\/zoukwroclove.pl\/pl\/wp-json\/wp\/v2\/media?parent=163"}],"curies":[{"name":"wp","href":"https:\/\/api.w.org\/{rel}","templated":true}]}}