{"id":19,"date":"2020-08-16T14:19:11","date_gmt":"2020-08-16T12:19:11","guid":{"rendered":"http:\/\/2021.zoukpasion.pl\/?page_id=19"},"modified":"2024-05-16T13:45:40","modified_gmt":"2024-05-16T11:45:40","slug":"cennik","status":"publish","type":"page","link":"https:\/\/zoukwroclove.pl\/pl\/cennik\/","title":{"rendered":"Cennik"},"content":{"rendered":"\t\t<div data-elementor-type=\"wp-page\" data-elementor-id=\"19\" class=\"elementor elementor-19\">\n\t\t\t\t\t\t\t\t\t<section class=\"elementor-section elementor-top-section elementor-element elementor-element-235aa21c elementor-section-boxed elementor-section-height-default elementor-section-height-default\" data-id=\"235aa21c\" data-element_type=\"section\">\n\t\t\t\t\t\t<div class=\"elementor-container elementor-column-gap-default\">\n\t\t\t\t\t<div class=\"elementor-column elementor-col-100 elementor-top-column elementor-element elementor-element-193980ff\" data-id=\"193980ff\" data-element_type=\"column\">\n\t\t\t<div class=\"elementor-widget-wrap elementor-element-populated\">\n\t\t\t\t\t\t\t\t<section class=\"elementor-section elementor-inner-section elementor-element elementor-element-311ca100 elementor-section-boxed elementor-section-height-default elementor-section-height-default\" data-id=\"311ca100\" data-element_type=\"section\">\n\t\t\t\t\t\t<div class=\"elementor-container elementor-column-gap-default\">\n\t\t\t\t\t<div class=\"elementor-column elementor-col-16 elementor-inner-column elementor-element elementor-element-3fe2a055\" data-id=\"3fe2a055\" data-element_type=\"column\">\n\t\t\t<div class=\"elementor-widget-wrap\">\n\t\t\t\t\t\t\t\t\t<\/div>\n\t\t<\/div>\n\t\t\t\t<div class=\"elementor-column elementor-col-16 elementor-inner-column elementor-element elementor-element-18a7608\" data-id=\"18a7608\" data-element_type=\"column\">\n\t\t\t<div class=\"elementor-widget-wrap elementor-element-populated\">\n\t\t\t\t\t\t\t\t<div class=\"elementor-element elementor-element-1153229b eael-pricing-content-align-center eael-pricing-button-align-center elementor-widget elementor-widget-eael-pricing-table\" data-id=\"1153229b\" data-element_type=\"widget\" data-widget_type=\"eael-pricing-table.default\">\n\t\t\t\t<div class=\"elementor-widget-container\">\n\t\t\t                    <div class=\"eael-pricing style-1\"  style=\"overflow: hidden;\">\n                <div class=\"eael-pricing-item featured ribbon-4\">\n                    <div class=\"header\">\n                        <h2 class=\"title\">Single Path<\/h2>\n                    <\/div>\n                    <div class=\"eael-pricing-tag\">\n                        <span class=\"price-tag\"><span class=\"original-price\">370<span class=\"price-currency\">PLN<\/span>\n                    <\/span><\/span>\n                        <span class=\"price-period\"> <\/span>\n                    <\/div>\n                    <div class=\"body\">\n                                <ul>\n                            <li class=\"elementor-repeater-item-c9460ff\">\n                    \n                                \n            <span class=\"li-icon\" style=\"color:#00C853;fill:#00C853;\" >\n                                                            <i class=\"fas fa-check\"><\/i>\n                                                <\/span>\n\n        \n                    <span >6h z najlepszymi brazylijskimi parami<\/span>\n                    \n                     \n                <\/li>\n                            <li class=\"elementor-repeater-item-12df344\">\n                    \n                                \n            <span class=\"li-icon\" style=\"color:#00C853;fill:#00C853;\" >\n                                                            <i class=\"fas fa-check\"><\/i>\n                                                <\/span>\n\n        \n                    <span >34h zaj\u0119\u0107 typu Open Class<\/span>\n                    \n                     \n                <\/li>\n                            <li class=\"elementor-repeater-item-0ee9e7b\">\n                    \n                                \n            <span class=\"li-icon\" style=\"color:#00C853;fill:#00C853;\" >\n                                                            <i class=\"fas fa-check\"><\/i>\n                                                <\/span>\n\n        \n                    <span >Ponad 20h zaj\u0119\u0107 w bloku Body &amp; Soul<\/span>\n                    \n                     \n                <\/li>\n                            <li class=\"elementor-repeater-item-c3b24bb\">\n                    \n                                \n            <span class=\"li-icon\" style=\"color:#00C853;fill:#00C853;\" >\n                                                            <i class=\"fas fa-check\"><\/i>\n                                                <\/span>\n\n        \n                    <span >Grupy niewi\u0119ksze ni\u017c 50 par<\/span>\n                    \n                     \n                <\/li>\n                            <li class=\"elementor-repeater-item-60dff15\">\n                    \n                                \n            <span class=\"li-icon\" style=\"color:#00C853;fill:#00C853;\" >\n                                                            <i class=\"fas fa-check\"><\/i>\n                                                <\/span>\n\n        \n                    <span >Wygodne sale z lustrami<\/span>\n                    \n                     \n                <\/li>\n                            <li class=\"elementor-repeater-item-677d436\">\n                    \n                                \n            <span class=\"li-icon\" style=\"color:#00C853;fill:#00C853;\" >\n                                                            <i class=\"fas fa-check\"><\/i>\n                                                <\/span>\n\n        \n                    <span >Mo\u017cesz wybra\u0107 spo\u015br\u00f3d 2 \u015bcie\u017cek z  Anderson &amp; Brenda or Lucas &amp; Thayna<\/span>\n                    \n                     \n                <\/li>\n                    <\/ul>\n                        <\/div>\n\t                                    <div class=\"footer\">\n                        <a class=\"eael-pricing-button\" href=\"\/pl\/kup-bilet\" >\n                                                                                            KUP BILET                                                    <\/a>\n                    <\/div>\n                                    <\/div>\n            <\/div>\n                \t\t<\/div>\n\t\t\t\t<\/div>\n\t\t\t\t\t<\/div>\n\t\t<\/div>\n\t\t\t\t<div class=\"elementor-column elementor-col-16 elementor-inner-column elementor-element elementor-element-4391161d\" data-id=\"4391161d\" data-element_type=\"column\">\n\t\t\t<div class=\"elementor-widget-wrap elementor-element-populated\">\n\t\t\t\t\t\t\t\t<div class=\"elementor-element elementor-element-385e141a eael-pricing-content-align-center eael-pricing-button-align-center elementor-widget elementor-widget-eael-pricing-table\" data-id=\"385e141a\" data-element_type=\"widget\" data-widget_type=\"eael-pricing-table.default\">\n\t\t\t\t<div class=\"elementor-widget-container\">\n\t\t\t                    <div class=\"eael-pricing style-1\"  style=\"overflow: hidden;\">\n                <div class=\"eael-pricing-item featured ribbon-4\">\n                    <div class=\"header\">\n                        <h2 class=\"title\">Party Pass<\/h2>\n                    <\/div>\n                    <div class=\"eael-pricing-tag\">\n                        <span class=\"price-tag\"><span class=\"original-price\">370<span class=\"price-currency\">PLN<\/span>\n                    <\/span><\/span>\n                        <span class=\"price-period\"> <\/span>\n                    <\/div>\n                    <div class=\"body\">\n                                <ul>\n                            <li class=\"elementor-repeater-item-c9460ff\">\n                    \n                                \n            <span class=\"li-icon\" style=\"color:#00C853;fill:#00C853;\" >\n                                                            <i class=\"fas fa-check\"><\/i>\n                                                <\/span>\n\n        \n                    <span >4 imprezy nocne<\/span>\n                    \n                     \n                <\/li>\n                            <li class=\"elementor-repeater-item-12df344\">\n                    \n                                \n            <span class=\"li-icon\" style=\"color:#00C853;fill:#00C853;\" >\n                                                            <i class=\"fas fa-check\"><\/i>\n                                                <\/span>\n\n        \n                    <span >3 imprezy dzienne<\/span>\n                    \n                     \n                <\/li>\n                            <li class=\"elementor-repeater-item-0ee9e7b\">\n                    \n                                \n            <span class=\"li-icon\" style=\"color:#00C853;fill:#00C853;\" >\n                                                            <i class=\"fas fa-check\"><\/i>\n                                                <\/span>\n\n        \n                    <span >Oddzielne parkiety ze zr\u00f3\u017cnicowan\u0105 muzyk\u0105<\/span>\n                    \n                     \n                <\/li>\n                            <li class=\"elementor-repeater-item-c3b24bb\">\n                    \n                                \n            <span class=\"li-icon\" style=\"color:#00C853;fill:#00C853;\" >\n                                                            <i class=\"fas fa-check\"><\/i>\n                                                <\/span>\n\n        \n                    <span >Ponad 60 godzin ta\u0144ca<\/span>\n                    \n                     \n                <\/li>\n                            <li class=\"elementor-repeater-item-60dff15\">\n                    \n                                \n            <span class=\"li-icon\" style=\"color:#00C853;fill:#00C853;\" >\n                                                            <i class=\"fas fa-check\"><\/i>\n                                                <\/span>\n\n        \n                    <span class=\"tooltip\" title=\"I&#039;m a awesome tooltip!!\" id=\"385e141a4\" data-side=\"top\" data-trigger=\"hover\" data-animation=\"fade\" data-animation_duration=\"300\" data-arrow=\"yes\" data-theme=\"noir\">Muzyka od najlepszych DJ\u00f3w<\/span>\n                    \n                     \n                <\/li>\n                    <\/ul>\n                        <\/div>\n\t                                    <div class=\"footer\">\n                        <a class=\"eael-pricing-button\" href=\"\/pl\/kup-bilet\" >\n                                                                                            KUP BILET                                                    <\/a>\n                    <\/div>\n                                    <\/div>\n            <\/div>\n                \t\t<\/div>\n\t\t\t\t<\/div>\n\t\t\t\t\t<\/div>\n\t\t<\/div>\n\t\t\t\t<div class=\"elementor-column elementor-col-16 elementor-inner-column elementor-element elementor-element-1f4020a3\" data-id=\"1f4020a3\" data-element_type=\"column\">\n\t\t\t<div class=\"elementor-widget-wrap elementor-element-populated\">\n\t\t\t\t\t\t\t\t<div class=\"elementor-element elementor-element-4dbf2881 eael-pricing-content-align-center eael-pricing-button-align-center elementor-widget elementor-widget-eael-pricing-table\" data-id=\"4dbf2881\" data-element_type=\"widget\" data-widget_type=\"eael-pricing-table.default\">\n\t\t\t\t<div class=\"elementor-widget-container\">\n\t\t\t                    <div class=\"eael-pricing style-1\"  style=\"overflow: hidden;\">\n                <div class=\"eael-pricing-item featured ribbon-4\">\n                    <div class=\"header\">\n                        <h2 class=\"title\">Beginner Path<\/h2>\n                    <\/div>\n                    <div class=\"eael-pricing-tag\">\n                        <span class=\"price-tag\"><span class=\"original-price\">240<span class=\"price-currency\">PLN<\/span>\n                    <\/span><\/span>\n                        <span class=\"price-period\"> <\/span>\n                    <\/div>\n                    <div class=\"body\">\n                                <ul>\n                            <li class=\"elementor-repeater-item-c9460ff\">\n                    \n                                \n            <span class=\"li-icon\" style=\"color:#00C853;fill:#00C853;\" >\n                                                            <i class=\"fas fa-check\"><\/i>\n                                                <\/span>\n\n        \n                    <span >6h z polskoj\u0119zyczn\u0105 par\u0105 najlepszych nauczycieli<\/span>\n                    \n                     \n                <\/li>\n                            <li class=\"elementor-repeater-item-c3b24bb\">\n                    \n                                \n            <span class=\"li-icon\" style=\"color:#00C853;fill:#00C853;\" >\n                                                            <i class=\"fas fa-check\"><\/i>\n                                                <\/span>\n\n        \n                    <span >Grupa niewi\u0119ksza ni\u017c 25 par<\/span>\n                    \n                     \n                <\/li>\n                            <li class=\"elementor-repeater-item-60dff15\">\n                    \n                                \n            <span class=\"li-icon\" style=\"color:#00C853;fill:#00C853;\" >\n                                                            <i class=\"fas fa-check\"><\/i>\n                                                <\/span>\n\n        \n                    <span >Wygodne sale z lustrami<\/span>\n                    \n                     \n                <\/li>\n                    <\/ul>\n                        <\/div>\n\t                                    <div class=\"footer\">\n                        <a class=\"eael-pricing-button\" href=\"\/pl\/kup-bilet\" >\n                                                                                            KUP BILET                                                    <\/a>\n                    <\/div>\n                                    <\/div>\n            <\/div>\n                \t\t<\/div>\n\t\t\t\t<\/div>\n\t\t\t\t\t<\/div>\n\t\t<\/div>\n\t\t\t\t<div class=\"elementor-column elementor-col-16 elementor-inner-column elementor-element elementor-element-eaf5a82\" data-id=\"eaf5a82\" data-element_type=\"column\">\n\t\t\t<div class=\"elementor-widget-wrap elementor-element-populated\">\n\t\t\t\t\t\t\t\t<div class=\"elementor-element elementor-element-3e68508 eael-pricing-content-align-center eael-pricing-button-align-center elementor-widget elementor-widget-eael-pricing-table\" data-id=\"3e68508\" data-element_type=\"widget\" data-widget_type=\"eael-pricing-table.default\">\n\t\t\t\t<div class=\"elementor-widget-container\">\n\t\t\t                    <div class=\"eael-pricing style-1\"  style=\"overflow: hidden;\">\n                <div class=\"eael-pricing-item featured ribbon-4\">\n                    <div class=\"header\">\n                        <h2 class=\"title\">Master Path<\/h2>\n                    <\/div>\n                    <div class=\"eael-pricing-tag\">\n                        <span class=\"price-tag\"><span class=\"original-price\">370<span class=\"price-currency\">PLN<\/span>\n                    <\/span><\/span>\n                        <span class=\"price-period\"> <\/span>\n                    <\/div>\n                    <div class=\"body\">\n                                <ul>\n                            <li class=\"elementor-repeater-item-c9460ff\">\n                    \n                                \n            <span class=\"li-icon\" style=\"color:#00C853;fill:#00C853;\" >\n                                                            <i class=\"fas fa-check\"><\/i>\n                                                <\/span>\n\n        \n                    <span >3 Czo\u0142owe pary Brazylijskie<\/span>\n                    \n                     \n                <\/li>\n                            <li class=\"elementor-repeater-item-60dff15\">\n                    \n                                \n            <span class=\"li-icon\" style=\"color:#00C853;fill:#00C853;\" >\n                                                            <i class=\"fas fa-check\"><\/i>\n                                                <\/span>\n\n        \n                    <span >6h Master Class<\/span>\n                    \n                     \n                <\/li>\n                            <li class=\"elementor-repeater-item-ce1ed20\">\n                    \n                                \n            <span class=\"li-icon\" style=\"color:#00C853;fill:#00C853;\" >\n                                                            <i class=\"fas fa-check\"><\/i>\n                                                <\/span>\n\n        \n                    <span >34h Open Class<\/span>\n                    \n                     \n                <\/li>\n                            <li class=\"elementor-repeater-item-1ecf9bf\">\n                    \n                                \n            <span class=\"li-icon\" style=\"color:#00C853;fill:#00C853;\" >\n                                                            <i class=\"fas fa-check\"><\/i>\n                                                <\/span>\n\n        \n                    <span >Ponad 20h zaj\u0119\u0107 w bloku Body &amp; Soul<\/span>\n                    \n                     \n                <\/li>\n                            <li class=\"elementor-repeater-item-30eda10\">\n                    \n                                \n            <span class=\"li-icon\" style=\"color:#00C853;fill:#00C853;\" >\n                                                            <i class=\"fas fa-check\"><\/i>\n                                                <\/span>\n\n        \n                    <span >Pricing table list item<\/span>\n                    \n                     \n                <\/li>\n                            <li class=\"elementor-repeater-item-47f379a\">\n                    \n                                \n            <span class=\"li-icon\" style=\"color:#00C853;fill:#00C853;\" >\n                                                            <i class=\"fas fa-check\"><\/i>\n                                                <\/span>\n\n        \n                    <span >Tylko 25 par<\/span>\n                    \n                     \n                <\/li>\n                            <li class=\"elementor-repeater-item-02b1482\">\n                    \n                                \n            <span class=\"li-icon\" style=\"color:#00C853;fill:#00C853;\" >\n                                                            <i class=\"fas fa-check\"><\/i>\n                                                <\/span>\n\n        \n                    <span >Brak zmian w parach (zapisy tylko w parach)<\/span>\n                    \n                     \n                <\/li>\n                            <li class=\"elementor-repeater-item-cc93494\">\n                    \n                                \n            <span class=\"li-icon\" style=\"color:#00C853;fill:#00C853;\" >\n                                                            <i class=\"fas fa-check\"><\/i>\n                                                <\/span>\n\n        \n                    <span >Zaj\u0119cia w godzinach wieczornych<\/span>\n                    \n                     \n                <\/li>\n                    <\/ul>\n                        <\/div>\n\t                                    <div class=\"footer\">\n                        <a class=\"eael-pricing-button\" href=\"https:\/\/forms.gle\/f3eVh5bxAxnPJBsg6\" target=\"_blank _blank\" >\n                                                                                            Zarejestruj si\u0119                                                    <\/a>\n                    <\/div>\n                                    <\/div>\n            <\/div>\n                \t\t<\/div>\n\t\t\t\t<\/div>\n\t\t\t\t\t<\/div>\n\t\t<\/div>\n\t\t\t\t<div class=\"elementor-column elementor-col-16 elementor-inner-column elementor-element elementor-element-7904784a\" data-id=\"7904784a\" data-element_type=\"column\">\n\t\t\t<div class=\"elementor-widget-wrap\">\n\t\t\t\t\t\t\t\t\t<\/div>\n\t\t<\/div>\n\t\t\t\t\t\t\t<\/div>\n\t\t<\/section>\n\t\t\t\t\t<\/div>\n\t\t<\/div>\n\t\t\t\t\t\t\t<\/div>\n\t\t<\/section>\n\t\t\t\t\t\t\t<\/div>\n\t\t","protected":false},"excerpt":{"rendered":"<p>Single Path 370PLN 6h z najlepszymi brazylijskimi parami 34h zaj\u0119\u0107 typu Open Class Ponad 20h zaj\u0119\u0107 w bloku Body &amp; Soul Grupy niewi\u0119ksze ni\u017c 50 par Wygodne sale z lustrami Mo\u017cesz wybra\u0107 spo\u015br\u00f3d 2 \u015bcie\u017cek z Anderson &amp; Brenda or Lucas &amp; Thayna KUP BILET Party Pass 370PLN 4 imprezy nocne 3 imprezy dzienne Oddzielne [&hellip;]<\/p>\n","protected":false},"author":1,"featured_media":0,"parent":0,"menu_order":0,"comment_status":"closed","ping_status":"closed","template":"elementor_header_footer","meta":{"footnotes":""},"_links":{"self":[{"href":"https:\/\/zoukwroclove.pl\/pl\/wp-json\/wp\/v2\/pages\/19"}],"collection":[{"href":"https:\/\/zoukwroclove.pl\/pl\/wp-json\/wp\/v2\/pages"}],"about":[{"href":"https:\/\/zoukwroclove.pl\/pl\/wp-json\/wp\/v2\/types\/page"}],"author":[{"embeddable":true,"href":"https:\/\/zoukwroclove.pl\/pl\/wp-json\/wp\/v2\/users\/1"}],"replies":[{"embeddable":true,"href":"https:\/\/zoukwroclove.pl\/pl\/wp-json\/wp\/v2\/comments?post=19"}],"version-history":[{"count":133,"href":"https:\/\/zoukwroclove.pl\/pl\/wp-json\/wp\/v2\/pages\/19\/revisions"}],"predecessor-version":[{"id":4087,"href":"https:\/\/zoukwroclove.pl\/pl\/wp-json\/wp\/v2\/pages\/19\/revisions\/4087"}],"wp:attachment":[{"href":"https:\/\/zoukwroclove.pl\/pl\/wp-json\/wp\/v2\/media?parent=19"}],"curies":[{"name":"wp","href":"https:\/\/api.w.org\/{rel}","templated":true}]}}