{"id":1977,"date":"2022-04-23T14:58:58","date_gmt":"2022-04-23T12:58:58","guid":{"rendered":"https:\/\/zoukwroclove.pl\/artysci\/brandon-zuza\/"},"modified":"2022-05-05T22:12:43","modified_gmt":"2022-05-05T20:12:43","slug":"brandon-zuza","status":"publish","type":"page","link":"https:\/\/zoukwroclove.pl\/pl\/artysci\/brandon-zuza\/","title":{"rendered":"Brandon &amp; Zuza"},"content":{"rendered":"\t\t<div data-elementor-type=\"wp-page\" data-elementor-id=\"1977\" class=\"elementor elementor-1977 elementor-1971\">\n\t\t\t\t\t\t\t\t\t<section class=\"elementor-section elementor-top-section elementor-element elementor-element-fa376d4 elementor-section-boxed elementor-section-height-default elementor-section-height-default\" data-id=\"fa376d4\" data-element_type=\"section\">\n\t\t\t\t\t\t<div class=\"elementor-container elementor-column-gap-default\">\n\t\t\t\t\t<div class=\"elementor-column elementor-col-100 elementor-top-column elementor-element elementor-element-f54c4b3\" data-id=\"f54c4b3\" data-element_type=\"column\">\n\t\t\t<div class=\"elementor-widget-wrap elementor-element-populated\">\n\t\t\t\t\t\t\t\t<div class=\"elementor-element elementor-element-a65b815 elementor-widget elementor-widget-heading\" data-id=\"a65b815\" data-element_type=\"widget\" data-widget_type=\"heading.default\">\n\t\t\t\t<div class=\"elementor-widget-container\">\n\t\t\t<h2 class=\"elementor-heading-title elementor-size-default\"><span style=\"font-family:Impact; letter-spacing: 0.5rem;\">Brandon &amp; Zuza<\/span><\/h2>\t\t<\/div>\n\t\t\t\t<\/div>\n\t\t\t\t\t<\/div>\n\t\t<\/div>\n\t\t\t\t\t\t\t<\/div>\n\t\t<\/section>\n\t\t\t\t<section class=\"elementor-section elementor-top-section elementor-element elementor-element-a882cdf elementor-section-boxed elementor-section-height-default elementor-section-height-default\" data-id=\"a882cdf\" data-element_type=\"section\">\n\t\t\t\t\t\t<div class=\"elementor-container elementor-column-gap-default\">\n\t\t\t\t\t<div class=\"elementor-column elementor-col-100 elementor-top-column elementor-element elementor-element-871184c\" data-id=\"871184c\" data-element_type=\"column\">\n\t\t\t<div class=\"elementor-widget-wrap elementor-element-populated\">\n\t\t\t\t\t\t\t\t<div class=\"elementor-element elementor-element-b1028d3 elementor-widget elementor-widget-text-editor\" data-id=\"b1028d3\" data-element_type=\"widget\" data-widget_type=\"text-editor.default\">\n\t\t\t\t<div class=\"elementor-widget-container\">\n\t\t\t\t\t\t\t<p><strong><img loading=\"lazy\" decoding=\"async\" class=\"alignleft size-full wp-image-1749\" src=\"https:\/\/zoukwroclove.pl\/wp-content\/uploads\/2022\/04\/Brandon_Zuza_572x434.jpg\" alt=\"\" width=\"572\" height=\"434\" srcset=\"https:\/\/zoukwroclove.pl\/wp-content\/uploads\/2022\/04\/Brandon_Zuza_572x434.jpg 572w, https:\/\/zoukwroclove.pl\/wp-content\/uploads\/2022\/04\/Brandon_Zuza_572x434-300x228.jpg 300w\" sizes=\"(max-width: 572px) 100vw, 572px\" \/>Brandon<\/strong><\/p><p>M\u00f3wi o sobie: W swoim ta\u0144cu lubi\u0119 skupia\u0107 si\u0119 na zabawie w struktur\u0119, po\u0142\u0105czeniu i oddychaniu. Bawi\u0119 si\u0119 tymi elementami, aby stworzy\u0107 ruch i wywo\u0142a\u0107 komunikacj\u0119 z ka\u017cdym cz\u0142owiekiem, z kt\u00f3rym ta\u0144cz\u0119.<\/p><p>Zouk ta\u0144cz\u0119 od 6 lat, a od zaczyna\u0142em od bachaty i salsy, kt\u00f3re ta\u0144cz\u0119 9 lat. Przez ostatnie kilka lat bra\u0142em udzia\u0142 w zaj\u0119ciach z ta\u0144ca wsp\u00f3\u0142czesnego, baletu i hip hopu, aby zintegrowa\u0107 te techniki z Zoukiem. Chc\u0119 zrozumie\u0107 inne struktury j\u0119zyk\u00f3w w ta\u0144cu, aby w\u0142\u0105czy\u0107 zabaw\u0119 w struktur\u0119.<\/p><p><strong>Zuza<\/strong><\/p><p>Zuzanna zakocha\u0142a sie\u0328 w zouku od pierwszego zatan\u0301czenia i jest to mi\u0142os\u0301c\u0301 na ca\u0142e zycie. Zouk to jej sposo\u0301b na wyraz\u0307anie siebie i znalezienie g\u0142e\u0328bokiego porozumienia z drugim cz\u0142owiekiem bez s\u0142o\u0301w.<\/p><p>Dos\u0301wiadczenie w nauczaniu zouka zdobywa od 2013 roku prowadza\u0328c regularne kursy i warsztaty. Szkoli\u0142a sie\u0328 te\u017c kilka miesie\u0328cy w Brazylii. Sko\u0144czy\u0142a kurs instruktorski Ramalhos i kurs Zouk Needs You Vala Clemente w Rio de Janeiro, oraz kurs MAC Alexa de Carvalho w Pary\u017cu.<\/p><p>Zuzanna jest tez\u0307 organizatorem Warsaw Zouk Festival, jednego z najwie\u0328kszych festiwali zouka na s\u0301wiecie.<\/p><p>Od 2017 roku jest certyfikowana\u0328 nauczycielka\u0328 jogi, co daje jej pog\u0142e\u0328biona\u0328 wiedze\u0328 na temat pracy z cia\u0142em i oddechem.<\/p><p>Jej celem jest szerzenie mi\u0142os\u0301ci do zouka jako sposobu na czerpanie rados\u0301ci z z\u0307ycia i pog\u0142e\u0328bianie kontaktu z w\u0142asnym cia\u0142em i z drugim cz\u0142owiekiem.<\/p>\t\t\t\t\t\t<\/div>\n\t\t\t\t<\/div>\n\t\t\t\t\t<\/div>\n\t\t<\/div>\n\t\t\t\t\t\t\t<\/div>\n\t\t<\/section>\n\t\t\t\t<section class=\"elementor-section elementor-top-section elementor-element elementor-element-c51b75e elementor-section-boxed elementor-section-height-default elementor-section-height-default\" data-id=\"c51b75e\" data-element_type=\"section\">\n\t\t\t\t\t\t<div class=\"elementor-container elementor-column-gap-default\">\n\t\t\t\t\t<div class=\"elementor-column elementor-col-100 elementor-top-column elementor-element elementor-element-e860c63\" data-id=\"e860c63\" data-element_type=\"column\">\n\t\t\t<div class=\"elementor-widget-wrap elementor-element-populated\">\n\t\t\t\t\t\t\t\t<div class=\"elementor-element elementor-element-db0371e elementor-widget elementor-widget-video\" data-id=\"db0371e\" data-element_type=\"widget\" data-settings=\"{&quot;youtube_url&quot;:&quot;https:\\\/\\\/www.youtube.com\\\/embed\\\/dbg-_abwZEk&quot;,&quot;video_type&quot;:&quot;youtube&quot;,&quot;controls&quot;:&quot;yes&quot;}\" data-widget_type=\"video.default\">\n\t\t\t\t<div class=\"elementor-widget-container\">\n\t\t\t\t\t<div class=\"elementor-wrapper elementor-open-inline\">\n\t\t\t<div class=\"elementor-video\"><\/div>\t\t<\/div>\n\t\t\t\t<\/div>\n\t\t\t\t<\/div>\n\t\t\t\t\t<\/div>\n\t\t<\/div>\n\t\t\t\t\t\t\t<\/div>\n\t\t<\/section>\n\t\t\t\t\t\t\t<\/div>\n\t\t","protected":false},"excerpt":{"rendered":"<p>Brandon &amp; Zuza Brandon M\u00c3\u00b3wi o sobie: W swoim ta\u00c5\u201ecu lubi\u00c4\u2122 skupia\u00c4\u2021 si\u00c4\u2122 na zabawie w struktur\u00c4\u2122, po\u00c5\u201a\u00c4\u2026czeniu i oddychaniu. Bawi\u00c4\u2122 si\u00c4\u2122 tymi elementami, aby stworzy\u00c4\u2021 ruch i wywo\u00c5\u201aa\u00c4\u2021 komunikacj\u00c4\u2122 z ka\u00c5\u00bcdym cz\u00c5\u201aowiekiem, z kt\u00c3\u00b3rym ta\u00c5\u201ecz\u00c4\u2122. Zouk ta\u00c5\u201ecz\u00c4\u2122 od 6 lat, a od zaczyna\u00c5\u201aem od bachaty i salsy, kt\u00c3\u00b3re ta\u00c5\u201ecz\u00c4\u2122 9 lat. Przez ostatnie kilka [&hellip;]<\/p>\n","protected":false},"author":1,"featured_media":0,"parent":14,"menu_order":0,"comment_status":"closed","ping_status":"closed","template":"elementor_header_footer","meta":{"footnotes":""},"_links":{"self":[{"href":"https:\/\/zoukwroclove.pl\/pl\/wp-json\/wp\/v2\/pages\/1977"}],"collection":[{"href":"https:\/\/zoukwroclove.pl\/pl\/wp-json\/wp\/v2\/pages"}],"about":[{"href":"https:\/\/zoukwroclove.pl\/pl\/wp-json\/wp\/v2\/types\/page"}],"author":[{"embeddable":true,"href":"https:\/\/zoukwroclove.pl\/pl\/wp-json\/wp\/v2\/users\/1"}],"replies":[{"embeddable":true,"href":"https:\/\/zoukwroclove.pl\/pl\/wp-json\/wp\/v2\/comments?post=1977"}],"version-history":[{"count":4,"href":"https:\/\/zoukwroclove.pl\/pl\/wp-json\/wp\/v2\/pages\/1977\/revisions"}],"predecessor-version":[{"id":2873,"href":"https:\/\/zoukwroclove.pl\/pl\/wp-json\/wp\/v2\/pages\/1977\/revisions\/2873"}],"up":[{"embeddable":true,"href":"https:\/\/zoukwroclove.pl\/pl\/wp-json\/wp\/v2\/pages\/14"}],"wp:attachment":[{"href":"https:\/\/zoukwroclove.pl\/pl\/wp-json\/wp\/v2\/media?parent=1977"}],"curies":[{"name":"wp","href":"https:\/\/api.w.org\/{rel}","templated":true}]}}