{"id":2039,"date":"2022-04-23T15:51:42","date_gmt":"2022-04-23T13:51:42","guid":{"rendered":"https:\/\/zoukwroclove.pl\/artysci\/tomek-ola\/"},"modified":"2022-04-23T22:51:02","modified_gmt":"2022-04-23T20:51:02","slug":"tomek-ola","status":"publish","type":"page","link":"https:\/\/zoukwroclove.pl\/pl\/artysci\/tomek-ola\/","title":{"rendered":"Tomek &amp; Ola"},"content":{"rendered":"\t\t<div data-elementor-type=\"wp-page\" data-elementor-id=\"2039\" class=\"elementor elementor-2039 elementor-2033\">\n\t\t\t\t\t\t\t\t\t<section class=\"elementor-section elementor-top-section elementor-element elementor-element-fa376d4 elementor-section-boxed elementor-section-height-default elementor-section-height-default\" data-id=\"fa376d4\" data-element_type=\"section\">\n\t\t\t\t\t\t<div class=\"elementor-container elementor-column-gap-default\">\n\t\t\t\t\t<div class=\"elementor-column elementor-col-100 elementor-top-column elementor-element elementor-element-f54c4b3\" data-id=\"f54c4b3\" data-element_type=\"column\">\n\t\t\t<div class=\"elementor-widget-wrap elementor-element-populated\">\n\t\t\t\t\t\t\t\t<div class=\"elementor-element elementor-element-a65b815 elementor-widget elementor-widget-heading\" data-id=\"a65b815\" data-element_type=\"widget\" data-widget_type=\"heading.default\">\n\t\t\t\t<div class=\"elementor-widget-container\">\n\t\t\t<h2 class=\"elementor-heading-title elementor-size-default\"><span style=\"font-family:Impact; letter-spacing: 0.5rem;\">Tomek &amp; Ola<\/span><\/h2>\t\t<\/div>\n\t\t\t\t<\/div>\n\t\t\t\t\t<\/div>\n\t\t<\/div>\n\t\t\t\t\t\t\t<\/div>\n\t\t<\/section>\n\t\t\t\t<section class=\"elementor-section elementor-top-section elementor-element elementor-element-a882cdf elementor-section-boxed elementor-section-height-default elementor-section-height-default\" data-id=\"a882cdf\" data-element_type=\"section\">\n\t\t\t\t\t\t<div class=\"elementor-container elementor-column-gap-default\">\n\t\t\t\t\t<div class=\"elementor-column elementor-col-100 elementor-top-column elementor-element elementor-element-871184c\" data-id=\"871184c\" data-element_type=\"column\">\n\t\t\t<div class=\"elementor-widget-wrap elementor-element-populated\">\n\t\t\t\t\t\t\t\t<div class=\"elementor-element elementor-element-b1028d3 elementor-widget elementor-widget-text-editor\" data-id=\"b1028d3\" data-element_type=\"widget\" data-widget_type=\"text-editor.default\">\n\t\t\t\t<div class=\"elementor-widget-container\">\n\t\t\t\t\t\t\t<p><strong><img loading=\"lazy\" decoding=\"async\" class=\"alignleft size-full wp-image-1753\" src=\"https:\/\/zoukwroclove.pl\/wp-content\/uploads\/2022\/04\/Tomek_Ola_572x434.jpg\" alt=\"\" width=\"572\" height=\"434\" srcset=\"https:\/\/zoukwroclove.pl\/wp-content\/uploads\/2022\/04\/Tomek_Ola_572x434.jpg 572w, https:\/\/zoukwroclove.pl\/wp-content\/uploads\/2022\/04\/Tomek_Ola_572x434-300x228.jpg 300w\" sizes=\"(max-width: 572px) 100vw, 572px\" \/>Tomek &amp; Ola<br \/><\/strong><\/p><p>Tomek i Ola to dw\u00f3jka niesamowicie ekspresyjnych tancerzy, kt\u00f3rzy swoj\u0105 wyj\u0105tkow\u0105 energi\u0105 zach\u0119caj\u0105 ludzi do ta\u0144ca. Znani jako Ci, kt\u00f3rzy poszerzaj\u0105 muzyczne horyzonty, pokazuj\u0105c jak ta\u0144czy\u0107 zouka do ka\u017cdego gatunku muzyki. Z zapa\u0142em ucz\u0105 si\u0119 pod okiem najwi\u0119kszych \u015bwiatowych autorytet\u00f3w, jednocze\u015bnie nie boj\u0105c si\u0119 tworzenia swojego w\u0142asnego stylu.<br \/>Kochaj\u0105 rozwija\u0107 si\u0119 oraz czerpa\u0107 z innych styli taki jak: reggaeton, jazz, balet, contemporary.<\/p><p>Oboje s\u0105 do\u015bwiadczonymi pedagogami potrafi\u0105cymi wyt\u0142umaczy\u0107 nawet najtrudniejsze zoukowe tricki. Na zaj\u0119ciach Ola i Tomek stawiaj\u0105 na lu\u017an\u0105 atmosfer\u0119, dok\u0142adno\u015b\u0107 t\u0142umaczenia i zabawne metafory. Swoim kursantom pokazuj\u0105 r\u00f3\u017cnorodno\u015b\u0107 zouka, tak by byli uniwersalnymi tancerzami niezale\u017cnie od stylu zoukowego oraz kraju w kt\u00f3rym obecnie ta\u0144cz\u0105.<\/p><p><strong>Tomek<\/strong>\u00a0cz\u0119sto powtarza, \u017ce \u201cnajlepsza definicja ta\u0144ca jest taka, kt\u00f3r\u0105 mo\u017cna zata\u0144czy\u0107\u201d.<\/p><p>Stawia\u0142 swoje pierwsze kroki taneczne ucz\u0105c si\u0119 salsy cubany oraz bachaty. Jednak styl, w kt\u00f3rym najlepiej wyra\u017ca siebie odkry\u0142 w 2019r. trafiaj\u0105c na zouka. Od razu zakocha\u0142 si\u0119 w muzyce, energii oraz swobodzie ekspresji jak\u0105 tam zobaczy\u0142.<br \/>Tomek rozpocz\u0105\u0142 swoj\u0105 podr\u00f3\u017c ucz\u0105c si\u0119 od najlepszych instruktor\u00f3w z polskiej i \u015bwiatowej sceny podczas niezliczonych festiwali oraz lekcji indywidualnych. Jego celem by\u0142o nauczenie si\u0119 od ka\u017cdego instruktora tego co wyr\u00f3\u017cnia go na tle innych i zbudowa\u0107 na tej podstawie sw\u00f3j w\u0142asny styl.<\/p><p>Dwukrotnie wygra\u0142 konkurs na najlepszy filmik taneczny ZoukON. Jest r\u00f3wnie\u017c zdobywc\u0105 pierwszego miejsca konkursu J&amp;J podczas Warsaw Zouk Festival 2022r.<\/p><p><strong>Ola<\/strong>\u00a0ta\u0144czy od dziecka. Zaczynaj\u0105c od jazzu i akrobatyki, zapragn\u0119\u0142a ta\u0144ca w parze. Pozna\u0142a sals\u0119, bachat\u0119 ale to w\u0142a\u015bnie zouk skrad\u0142 jej serce. Ola ta\u0144czy Zouka Brazylijskiego od ponad 10 lat, od 6 rozbudowuje zoukowe community w Warszawie. Jest dyplomowanym choreografem i instruktorem z wieloletnim do\u015bwiadczeniem. Mia\u0142a przyjemno\u015b\u0107 uczy\u0107 na zoukowych warsztatach i festiwalach zar\u00f3wno w Polsce jak i za granic\u0105.<\/p><p>jest kojarzona z zoukow\u0105 grup\u0119 choreograficzn\u0105 \u201cThe Beetles\u201d, kt\u00f3r\u0105 mia\u0142a przyjemno\u015b\u0107 prowadzi\u0107 przez 4 lata. Jako pedagog Ola stawia na wszechstronny rozw\u00f3j, musicality oraz connection w parze.<br \/>Jej zaj\u0119cia charakteryzuj\u0105 si\u0119 dobr\u0105 technik\u0105 oraz humorystycznymi metaforami.<\/p><p><strong>\u00a0<\/strong><\/p>\t\t\t\t\t\t<\/div>\n\t\t\t\t<\/div>\n\t\t\t\t\t<\/div>\n\t\t<\/div>\n\t\t\t\t\t\t\t<\/div>\n\t\t<\/section>\n\t\t\t\t<section class=\"elementor-section elementor-top-section elementor-element elementor-element-c51b75e elementor-section-boxed elementor-section-height-default elementor-section-height-default\" data-id=\"c51b75e\" data-element_type=\"section\">\n\t\t\t\t\t\t<div class=\"elementor-container elementor-column-gap-default\">\n\t\t\t\t\t<div class=\"elementor-column elementor-col-100 elementor-top-column elementor-element elementor-element-e860c63\" data-id=\"e860c63\" data-element_type=\"column\">\n\t\t\t<div class=\"elementor-widget-wrap elementor-element-populated\">\n\t\t\t\t\t\t\t\t<div class=\"elementor-element elementor-element-db0371e elementor-widget elementor-widget-video\" data-id=\"db0371e\" data-element_type=\"widget\" data-settings=\"{&quot;youtube_url&quot;:&quot;https:\\\/\\\/www.youtube.com\\\/embed\\\/7A2EwXueGX0&quot;,&quot;video_type&quot;:&quot;youtube&quot;,&quot;controls&quot;:&quot;yes&quot;}\" data-widget_type=\"video.default\">\n\t\t\t\t<div class=\"elementor-widget-container\">\n\t\t\t\t\t<div class=\"elementor-wrapper elementor-open-inline\">\n\t\t\t<div class=\"elementor-video\"><\/div>\t\t<\/div>\n\t\t\t\t<\/div>\n\t\t\t\t<\/div>\n\t\t\t\t\t<\/div>\n\t\t<\/div>\n\t\t\t\t\t\t\t<\/div>\n\t\t<\/section>\n\t\t\t\t\t\t\t<\/div>\n\t\t","protected":false},"excerpt":{"rendered":"<p>Tomek &amp; Ola Tomek &amp; Ola Tomek i Ola to dw\u00c3\u00b3jka niesamowicie ekspresyjnych tancerzy, kt\u00c3\u00b3rzy swoj\u00c4\u2026 wyj\u00c4\u2026tkow\u00c4\u2026 energi\u00c4\u2026 zach\u00c4\u2122caj\u00c4\u2026 ludzi do ta\u00c5\u201eca. Znani jako Ci, kt\u00c3\u00b3rzy poszerzaj\u00c4\u2026 muzyczne horyzonty, pokazuj\u00c4\u2026c jak ta\u00c5\u201eczy\u00c4\u2021 zouka do ka\u00c5\u00bcdego gatunku muzyki. Z zapa\u00c5\u201aem ucz\u00c4\u2026 si\u00c4\u2122 pod okiem najwi\u00c4\u2122kszych \u00c5\u203awiatowych autorytet\u00c3\u00b3w, jednocze\u00c5\u203anie nie boj\u00c4\u2026c si\u00c4\u2122 tworzenia swojego w\u00c5\u201aasnego stylu.Kochaj\u00c4\u2026 rozwija\u00c4\u2021 [&hellip;]<\/p>\n","protected":false},"author":1,"featured_media":0,"parent":14,"menu_order":0,"comment_status":"closed","ping_status":"closed","template":"elementor_header_footer","meta":{"footnotes":""},"_links":{"self":[{"href":"https:\/\/zoukwroclove.pl\/pl\/wp-json\/wp\/v2\/pages\/2039"}],"collection":[{"href":"https:\/\/zoukwroclove.pl\/pl\/wp-json\/wp\/v2\/pages"}],"about":[{"href":"https:\/\/zoukwroclove.pl\/pl\/wp-json\/wp\/v2\/types\/page"}],"author":[{"embeddable":true,"href":"https:\/\/zoukwroclove.pl\/pl\/wp-json\/wp\/v2\/users\/1"}],"replies":[{"embeddable":true,"href":"https:\/\/zoukwroclove.pl\/pl\/wp-json\/wp\/v2\/comments?post=2039"}],"version-history":[{"count":10,"href":"https:\/\/zoukwroclove.pl\/pl\/wp-json\/wp\/v2\/pages\/2039\/revisions"}],"predecessor-version":[{"id":2177,"href":"https:\/\/zoukwroclove.pl\/pl\/wp-json\/wp\/v2\/pages\/2039\/revisions\/2177"}],"up":[{"embeddable":true,"href":"https:\/\/zoukwroclove.pl\/pl\/wp-json\/wp\/v2\/pages\/14"}],"wp:attachment":[{"href":"https:\/\/zoukwroclove.pl\/pl\/wp-json\/wp\/v2\/media?parent=2039"}],"curies":[{"name":"wp","href":"https:\/\/api.w.org\/{rel}","templated":true}]}}