{"id":3767,"date":"2023-04-08T21:20:10","date_gmt":"2023-04-08T19:20:10","guid":{"rendered":"https:\/\/zoukwroclove.pl\/artysci\/piotr-zuza\/"},"modified":"2023-04-08T21:20:11","modified_gmt":"2023-04-08T19:20:11","slug":"piotr-zuza","status":"publish","type":"page","link":"https:\/\/zoukwroclove.pl\/pl\/artysci\/piotr-zuza\/","title":{"rendered":"Piotr &amp; Zuza"},"content":{"rendered":"\t\t<div data-elementor-type=\"wp-page\" data-elementor-id=\"3767\" class=\"elementor elementor-3767 elementor-3683\">\n\t\t\t\t\t\t\t\t\t<section class=\"elementor-section elementor-top-section elementor-element elementor-element-fa376d4 elementor-section-boxed elementor-section-height-default elementor-section-height-default\" data-id=\"fa376d4\" data-element_type=\"section\">\n\t\t\t\t\t\t<div class=\"elementor-container elementor-column-gap-default\">\n\t\t\t\t\t<div class=\"elementor-column elementor-col-100 elementor-top-column elementor-element elementor-element-f54c4b3\" data-id=\"f54c4b3\" data-element_type=\"column\">\n\t\t\t<div class=\"elementor-widget-wrap elementor-element-populated\">\n\t\t\t\t\t\t\t\t<div class=\"elementor-element elementor-element-a65b815 elementor-widget elementor-widget-heading\" data-id=\"a65b815\" data-element_type=\"widget\" data-widget_type=\"heading.default\">\n\t\t\t\t<div class=\"elementor-widget-container\">\n\t\t\t<h2 class=\"elementor-heading-title elementor-size-default\"><span style=\"font-family:Impact; letter-spacing: 0.5rem;\">Piotr &amp; Zuza<\/span><\/h2>\t\t<\/div>\n\t\t\t\t<\/div>\n\t\t\t\t\t<\/div>\n\t\t<\/div>\n\t\t\t\t\t\t\t<\/div>\n\t\t<\/section>\n\t\t\t\t<section class=\"elementor-section elementor-top-section elementor-element elementor-element-a882cdf elementor-section-boxed elementor-section-height-default elementor-section-height-default\" data-id=\"a882cdf\" data-element_type=\"section\">\n\t\t\t\t\t\t<div class=\"elementor-container elementor-column-gap-default\">\n\t\t\t\t\t<div class=\"elementor-column elementor-col-100 elementor-top-column elementor-element elementor-element-871184c\" data-id=\"871184c\" data-element_type=\"column\">\n\t\t\t<div class=\"elementor-widget-wrap elementor-element-populated\">\n\t\t\t\t\t\t\t\t<div class=\"elementor-element elementor-element-b1028d3 elementor-widget elementor-widget-text-editor\" data-id=\"b1028d3\" data-element_type=\"widget\" data-widget_type=\"text-editor.default\">\n\t\t\t\t<div class=\"elementor-widget-container\">\n\t\t\t\t\t\t\t<p><strong><img loading=\"lazy\" decoding=\"async\" class=\"alignleft wp-image-948 size-full\" src=\"https:\/\/zoukwroclove.pl\/wp-content\/uploads\/2021\/04\/Piotr_Zuzanna_572x434.jpg\" alt=\"\" width=\"572\" height=\"434\" srcset=\"https:\/\/zoukwroclove.pl\/wp-content\/uploads\/2021\/04\/Piotr_Zuzanna_572x434.jpg 572w, https:\/\/zoukwroclove.pl\/wp-content\/uploads\/2021\/04\/Piotr_Zuzanna_572x434-300x228.jpg 300w\" sizes=\"(max-width: 572px) 100vw, 572px\" \/>Piotr<br \/><\/strong><\/p>\n<p>Wkr\u00f3tce&#8230;<\/p>\n<p><strong>Zuza<\/strong><\/p>\n<p>Zuzanna zakocha\u0142a sie\u0328 w zouku od pierwszego zatan\u0301czenia i jest to mi\u0142os\u0301c\u0301 na ca\u0142e zycie. Zouk to jej sposo\u0301b na wyraz\u0307anie siebie i znalezienie g\u0142e\u0328bokiego porozumienia z drugim cz\u0142owiekiem bez s\u0142o\u0301w.<\/p>\n<p>Dos\u0301wiadczenie w nauczaniu zouka zdobywa od 2013 roku prowadza\u0328c regularne kursy i warsztaty. Szkoli\u0142a sie\u0328 te\u017c kilka miesie\u0328cy w Brazylii. Sko\u0144czy\u0142a kurs instruktorski Ramalhos i kurs Zouk Needs You Vala Clemente w Rio de Janeiro, oraz kurs MAC Alexa de Carvalho w Pary\u017cu.<\/p>\n<p>Zuzanna by\u0142a tez\u0307 organizatorem Warsaw Zouk Festival, jednego z najwie\u0328kszych festiwali zouka na s\u0301wiecie.<\/p>\n<p>Od 2017 roku jest certyfikowana\u0328 nauczycielka\u0328 jogi, co daje jej pog\u0142e\u0328biona\u0328 wiedze\u0328 na temat pracy z cia\u0142em i oddechem.<\/p>\n<p>Jej celem jest szerzenie mi\u0142os\u0301ci do zouka jako sposobu na czerpanie rados\u0301ci z z\u0307ycia i pog\u0142e\u0328bianie kontaktu z w\u0142asnym cia\u0142em i z drugim cz\u0142owiekiem.<\/p>\n\t\t\t\t\t\t<\/div>\n\t\t\t\t<\/div>\n\t\t\t\t\t<\/div>\n\t\t<\/div>\n\t\t\t\t\t\t\t<\/div>\n\t\t<\/section>\n\t\t\t\t<section class=\"elementor-section elementor-top-section elementor-element elementor-element-c51b75e elementor-section-boxed elementor-section-height-default elementor-section-height-default\" data-id=\"c51b75e\" data-element_type=\"section\">\n\t\t\t\t\t\t<div class=\"elementor-container elementor-column-gap-default\">\n\t\t\t\t\t<div class=\"elementor-column elementor-col-100 elementor-top-column elementor-element elementor-element-e860c63\" data-id=\"e860c63\" data-element_type=\"column\">\n\t\t\t<div class=\"elementor-widget-wrap elementor-element-populated\">\n\t\t\t\t\t\t\t\t<div class=\"elementor-element elementor-element-db0371e elementor-widget elementor-widget-video\" data-id=\"db0371e\" data-element_type=\"widget\" data-settings=\"{&quot;youtube_url&quot;:&quot;https:\\\/\\\/www.youtube.com\\\/embed\\\/W_wfZr5rpUA&quot;,&quot;video_type&quot;:&quot;youtube&quot;,&quot;controls&quot;:&quot;yes&quot;}\" data-widget_type=\"video.default\">\n\t\t\t\t<div class=\"elementor-widget-container\">\n\t\t\t\t\t<div class=\"elementor-wrapper elementor-open-inline\">\n\t\t\t<div class=\"elementor-video\"><\/div>\t\t<\/div>\n\t\t\t\t<\/div>\n\t\t\t\t<\/div>\n\t\t\t\t\t<\/div>\n\t\t<\/div>\n\t\t\t\t\t\t\t<\/div>\n\t\t<\/section>\n\t\t\t\t\t\t\t<\/div>\n\t\t","protected":false},"excerpt":{"rendered":"<p>Piotr &amp; Zuza Piotr Wkr\u00c3\u00b3tce&#8230; Zuza Zuzanna zakocha\u00c5\u201aa sie\u00cc\u00a8 w zouku od pierwszego zatan\u00cc\u0081czenia i jest to mi\u00c5\u201aos\u00cc\u0081c\u00cc\u0081 na ca\u00c5\u201ae zycie. Zouk to jej sposo\u00cc\u0081b na wyraz\u00cc\u2021anie siebie i znalezienie g\u00c5\u201ae\u00cc\u00a8bokiego porozumienia z drugim cz\u00c5\u201aowiekiem bez s\u00c5\u201ao\u00cc\u0081w. Dos\u00cc\u0081wiadczenie w nauczaniu zouka zdobywa od 2013 roku prowadza\u00cc\u00a8c regularne kursy i warsztaty. Szkoli\u00c5\u201aa sie\u00cc\u00a8 te\u00c5\u00bc kilka miesie\u00cc\u00a8cy [&hellip;]<\/p>\n","protected":false},"author":1,"featured_media":0,"parent":14,"menu_order":0,"comment_status":"closed","ping_status":"closed","template":"elementor_header_footer","meta":{"footnotes":""},"_links":{"self":[{"href":"https:\/\/zoukwroclove.pl\/pl\/wp-json\/wp\/v2\/pages\/3767"}],"collection":[{"href":"https:\/\/zoukwroclove.pl\/pl\/wp-json\/wp\/v2\/pages"}],"about":[{"href":"https:\/\/zoukwroclove.pl\/pl\/wp-json\/wp\/v2\/types\/page"}],"author":[{"embeddable":true,"href":"https:\/\/zoukwroclove.pl\/pl\/wp-json\/wp\/v2\/users\/1"}],"replies":[{"embeddable":true,"href":"https:\/\/zoukwroclove.pl\/pl\/wp-json\/wp\/v2\/comments?post=3767"}],"version-history":[{"count":1,"href":"https:\/\/zoukwroclove.pl\/pl\/wp-json\/wp\/v2\/pages\/3767\/revisions"}],"predecessor-version":[{"id":3768,"href":"https:\/\/zoukwroclove.pl\/pl\/wp-json\/wp\/v2\/pages\/3767\/revisions\/3768"}],"up":[{"embeddable":true,"href":"https:\/\/zoukwroclove.pl\/pl\/wp-json\/wp\/v2\/pages\/14"}],"wp:attachment":[{"href":"https:\/\/zoukwroclove.pl\/pl\/wp-json\/wp\/v2\/media?parent=3767"}],"curies":[{"name":"wp","href":"https:\/\/api.w.org\/{rel}","templated":true}]}}