{"id":3774,"date":"2023-04-08T21:39:32","date_gmt":"2023-04-08T19:39:32","guid":{"rendered":"https:\/\/zoukwroclove.pl\/artysci\/carlos-fernanda\/"},"modified":"2023-04-08T21:39:32","modified_gmt":"2023-04-08T19:39:32","slug":"carlos-fernanda","status":"publish","type":"page","link":"https:\/\/zoukwroclove.pl\/pl\/artysci\/carlos-fernanda\/","title":{"rendered":"Carlos &amp; Fernanda"},"content":{"rendered":"\t\t<div data-elementor-type=\"wp-page\" data-elementor-id=\"3774\" class=\"elementor elementor-3774 elementor-3769\">\n\t\t\t\t\t\t\t\t\t<section class=\"elementor-section elementor-top-section elementor-element elementor-element-fa376d4 elementor-section-boxed elementor-section-height-default elementor-section-height-default\" data-id=\"fa376d4\" data-element_type=\"section\">\n\t\t\t\t\t\t<div class=\"elementor-container elementor-column-gap-default\">\n\t\t\t\t\t<div class=\"elementor-column elementor-col-100 elementor-top-column elementor-element elementor-element-f54c4b3\" data-id=\"f54c4b3\" data-element_type=\"column\">\n\t\t\t<div class=\"elementor-widget-wrap elementor-element-populated\">\n\t\t\t\t\t\t\t\t<div class=\"elementor-element elementor-element-a65b815 elementor-widget elementor-widget-heading\" data-id=\"a65b815\" data-element_type=\"widget\" data-widget_type=\"heading.default\">\n\t\t\t\t<div class=\"elementor-widget-container\">\n\t\t\t<h2 class=\"elementor-heading-title elementor-size-default\"><font face=\"Impact\"><span style=\"letter-spacing: 8px;\">Carlos &amp; Fernanda<\/span><\/font><\/h2>\t\t<\/div>\n\t\t\t\t<\/div>\n\t\t\t\t\t<\/div>\n\t\t<\/div>\n\t\t\t\t\t\t\t<\/div>\n\t\t<\/section>\n\t\t\t\t<section class=\"elementor-section elementor-top-section elementor-element elementor-element-a882cdf elementor-section-boxed elementor-section-height-default elementor-section-height-default\" data-id=\"a882cdf\" data-element_type=\"section\">\n\t\t\t\t\t\t<div class=\"elementor-container elementor-column-gap-default\">\n\t\t\t\t\t<div class=\"elementor-column elementor-col-100 elementor-top-column elementor-element elementor-element-871184c\" data-id=\"871184c\" data-element_type=\"column\">\n\t\t\t<div class=\"elementor-widget-wrap elementor-element-populated\">\n\t\t\t\t\t\t\t\t<div class=\"elementor-element elementor-element-b1028d3 elementor-widget elementor-widget-text-editor\" data-id=\"b1028d3\" data-element_type=\"widget\" data-widget_type=\"text-editor.default\">\n\t\t\t\t<div class=\"elementor-widget-container\">\n\t\t\t\t\t\t\t<p><strong><img loading=\"lazy\" decoding=\"async\" class=\"alignleft size-full wp-image-839\" src=\"https:\/\/zoukwroclove.pl\/wp-content\/uploads\/2021\/03\/Carlos_Fernanda_572x434-2.jpg\" alt=\"\" width=\"572\" height=\"434\" srcset=\"https:\/\/zoukwroclove.pl\/wp-content\/uploads\/2021\/03\/Carlos_Fernanda_572x434-2.jpg 572w, https:\/\/zoukwroclove.pl\/wp-content\/uploads\/2021\/03\/Carlos_Fernanda_572x434-2-300x228.jpg 300w\" sizes=\"(max-width: 572px) 100vw, 572px\" \/>Carlos da Silva<br \/><\/strong><\/p>\n<p>NAUCZYCIEL TA\u0143CA &#8211; CHOREOGRAF &#8211; PERFORMANCE I BIZNESMAN<\/p>\n<p>Zacz\u0105\u0142em intensywnie ta\u0144czy\u0107 w 1996 roku, w\u015br\u00f3d pierwszych ta\u0144c\u00f3w, kt\u00f3re pokocha\u0142em by\u0142 Brazylijski Funk, Samba de Gafiera, Bolero i swinging Fokstrot. Po wielu wyst\u0119pach tanecznych i do\u015bwiadczeniach postanowi\u0142am poszerzy\u0107 sw\u00f3j repertuar r\u00f3wnie\u017c o sals\u0119 i bachat\u0119.<\/p>\n<p>Mia\u0142em okazj\u0119 przeprowadzi\u0107 si\u0119 do Czech i wprowadzi\u0107 kultur\u0119 brazylijsk\u0105 tutaj w Pradze w 2005 roku. Wraz z Sofie Toris otworzyli\u015bmy pierwsze w historii studio ta\u0144ca brazylijskiego i rozpocz\u0119li\u015bmy nauk\u0119 zouka, samby de gafiera, samby karnawa\u0142owej, salsy, bolera, tanga i wielu innych dynamicznych i pe\u0142nych pasji ta\u0144c\u00f3w brazylijskich.<\/p>\n<p>Od 2010 roku organizuj\u0119 Prague Zouk Congress, na kt\u00f3ry corocznie przybywa fan\u00f3w kultury brazylijskiej z ca\u0142ego \u015bwiata. Ka\u017cdego roku ponad 600 entuzjast\u00f3w ta\u0144ca po\u015bwi\u0119ca ca\u0142y tydzie\u0144 zoukowi i sambie.<\/p>\n<p>Otworzy\u0142am nowe studio ta\u0144ca, do kt\u00f3rego w 2012 roku ucz\u0119szcza\u0142o ponad 150 powracaj\u0105cych kursant\u00f3w. Aby zachowa\u0107 najwy\u017csz\u0105 jako\u015b\u0107, zatrudni\u0142em trzech asystent\u00f3w tanecznych.<br \/>Opr\u00f3cz nauczania we w\u0142asnym studio, podr\u00f3\u017cuj\u0119 na zrzeszone kongresy taneczne na ca\u0142ym \u015bwiecie jako wyk\u0142adowca i performer. Ka\u017cdego roku odwiedzam oko\u0142o 14 \u015bwiatowych kongres\u00f3w tanecznych.<br \/>Mia\u0142em okazj\u0119 uczestniczy\u0107 w \u015bwiatowej trasie Brazouka na pocz\u0105tku 2014 roku. Tras\u0119 zako\u0144czy\u0142em w grudniu 2014 roku.<\/p>\n<p><strong>Fernanda da Silva<\/strong><\/p>\n<p>NAUCZYCIELKA TA\u0143CA &#8211; CHOREOGRAF &#8211; PERFORMANCE I BUSINESSWOMAN<\/p>\n<p>Fernanda da Silva Urodzi\u0142a si\u0119 w Rio de Janeiro w Brazylii, gdzie rozpocz\u0119\u0142a nauk\u0119 brazylijskiej samby i forr\u00f3.<br \/>Pasjonatka ta\u0144ca, Fernanda posz\u0142a do akademii ta\u0144ca, aby uczy\u0107 si\u0119 innych styl\u00f3w, takich jak Zouk, Samba de Gafieira, Bolero, Salsa i Swinging Foxtrot.<br \/>P\u00f3\u017aniej otrzyma\u0142a propozycj\u0119 pracy w Czechach w brazylijskiej grupie tanecznej (Brasil Show), kt\u00f3ra wyst\u0119powa\u0142a i bra\u0142a udzia\u0142 w telewizyjnym konkursie \u201e\u010cesko Slovensko m\u00e1 Talent\u201d<\/p>\n<p>Fernanda jest postrzegana jako utalentowana i uznana nauczycielka ta\u0144ca, performerka i choreografka. Wraz ze swoim partnerem tanecznym Carlosem da Silv\u0105 wyst\u0119powa\u0142a na ponad 40 mi\u0119dzynarodowych imprezach i kongresach tanecznych oraz wyst\u0119puje i uczy ka\u017cdego roku w takich krajach jak Francja, Hiszpania, Rosja, Egipt, Norwegia, Monako, Niemcy, Brazylia.<\/p>\n<p>W 2011 roku Fernanda zacz\u0119\u0142a wyk\u0142ada\u0107 w akademii Rio Dance Studio w Pradze (Czechy), gdzie wraz ze swoim partnerem uczy ta\u0144c\u00f3w brazylijskich, gdzie obecnie mieszka.<\/p>\n<p>w 2013 roku zacz\u0119\u0142a pomaga\u0107 przy organizacji jednego z najwi\u0119kszych kongres\u00f3w w Europie \u201ePrague Zouk Congress\u201d ze swoim tanecznym Partnerem. Teraz ten kongres to ju\u017c tradycja wszystkich ludzi z ca\u0142ego \u015bwiata, gdzie PZC Team zgromadzi\u0142 ludzi z Australii, Brazylii, Kanady, Francji, Rosji, Niemiec, Hiszpanii i nie tylko, przyje\u017cd\u017caj\u0105 do centrum Pragi, aby by\u0107 cz\u0119\u015bci\u0105 tego mega wydarzenia.<\/p>\n<p>W 2014 roku mia\u0142a okazj\u0119 uczestniczy\u0107 w \u015bwiatowej trasie koncertowej z firm\u0105 BAZOUKA.<\/p>\n\t\t\t\t\t\t<\/div>\n\t\t\t\t<\/div>\n\t\t\t\t\t<\/div>\n\t\t<\/div>\n\t\t\t\t\t\t\t<\/div>\n\t\t<\/section>\n\t\t\t\t<section class=\"elementor-section elementor-top-section elementor-element elementor-element-c51b75e elementor-section-boxed elementor-section-height-default elementor-section-height-default\" data-id=\"c51b75e\" data-element_type=\"section\">\n\t\t\t\t\t\t<div class=\"elementor-container elementor-column-gap-default\">\n\t\t\t\t\t<div class=\"elementor-column elementor-col-100 elementor-top-column elementor-element elementor-element-e860c63\" data-id=\"e860c63\" data-element_type=\"column\">\n\t\t\t<div class=\"elementor-widget-wrap elementor-element-populated\">\n\t\t\t\t\t\t\t\t<div class=\"elementor-element elementor-element-db0371e elementor-widget elementor-widget-video\" data-id=\"db0371e\" data-element_type=\"widget\" data-settings=\"{&quot;youtube_url&quot;:&quot;https:\\\/\\\/www.youtube.com\\\/embed\\\/glbjZ5q39Lw&quot;,&quot;video_type&quot;:&quot;youtube&quot;,&quot;controls&quot;:&quot;yes&quot;}\" data-widget_type=\"video.default\">\n\t\t\t\t<div class=\"elementor-widget-container\">\n\t\t\t\t\t<div class=\"elementor-wrapper elementor-open-inline\">\n\t\t\t<div class=\"elementor-video\"><\/div>\t\t<\/div>\n\t\t\t\t<\/div>\n\t\t\t\t<\/div>\n\t\t\t\t\t<\/div>\n\t\t<\/div>\n\t\t\t\t\t\t\t<\/div>\n\t\t<\/section>\n\t\t\t\t\t\t\t<\/div>\n\t\t","protected":false},"excerpt":{"rendered":"<p>Carlos &amp; Fernanda Carlos da Silva NAUCZYCIEL TA\u00c5\u0192CA &#8211; CHOREOGRAF &#8211; PERFORMANCE I BIZNESMAN Zacz\u00c4\u2026\u00c5\u201aem intensywnie ta\u00c5\u201eczy\u00c4\u2021 w 1996 roku, w\u00c5\u203ar\u00c3\u00b3d pierwszych ta\u00c5\u201ec\u00c3\u00b3w, kt\u00c3\u00b3re pokocha\u00c5\u201aem by\u00c5\u201a Brazylijski Funk, Samba de Gafiera, Bolero i swinging Fokstrot. Po wielu wyst\u00c4\u2122pach tanecznych i do\u00c5\u203awiadczeniach postanowi\u00c5\u201aam poszerzy\u00c4\u2021 sw\u00c3\u00b3j repertuar r\u00c3\u00b3wnie\u00c5\u00bc o sals\u00c4\u2122 i bachat\u00c4\u2122. Mia\u00c5\u201aem okazj\u00c4\u2122 przeprowadzi\u00c4\u2021 si\u00c4\u2122 do [&hellip;]<\/p>\n","protected":false},"author":1,"featured_media":0,"parent":14,"menu_order":0,"comment_status":"closed","ping_status":"closed","template":"elementor_header_footer","meta":{"footnotes":""},"_links":{"self":[{"href":"https:\/\/zoukwroclove.pl\/pl\/wp-json\/wp\/v2\/pages\/3774"}],"collection":[{"href":"https:\/\/zoukwroclove.pl\/pl\/wp-json\/wp\/v2\/pages"}],"about":[{"href":"https:\/\/zoukwroclove.pl\/pl\/wp-json\/wp\/v2\/types\/page"}],"author":[{"embeddable":true,"href":"https:\/\/zoukwroclove.pl\/pl\/wp-json\/wp\/v2\/users\/1"}],"replies":[{"embeddable":true,"href":"https:\/\/zoukwroclove.pl\/pl\/wp-json\/wp\/v2\/comments?post=3774"}],"version-history":[{"count":1,"href":"https:\/\/zoukwroclove.pl\/pl\/wp-json\/wp\/v2\/pages\/3774\/revisions"}],"predecessor-version":[{"id":3775,"href":"https:\/\/zoukwroclove.pl\/pl\/wp-json\/wp\/v2\/pages\/3774\/revisions\/3775"}],"up":[{"embeddable":true,"href":"https:\/\/zoukwroclove.pl\/pl\/wp-json\/wp\/v2\/pages\/14"}],"wp:attachment":[{"href":"https:\/\/zoukwroclove.pl\/pl\/wp-json\/wp\/v2\/media?parent=3774"}],"curies":[{"name":"wp","href":"https:\/\/api.w.org\/{rel}","templated":true}]}}