{"id":3781,"date":"2023-04-08T21:52:39","date_gmt":"2023-04-08T19:52:39","guid":{"rendered":"https:\/\/zoukwroclove.pl\/artysci\/gilson-sara\/"},"modified":"2023-04-08T21:52:39","modified_gmt":"2023-04-08T19:52:39","slug":"gilson-sara","status":"publish","type":"page","link":"https:\/\/zoukwroclove.pl\/pl\/artysci\/gilson-sara\/","title":{"rendered":"Gilson &amp; Sara"},"content":{"rendered":"\t\t<div data-elementor-type=\"wp-page\" data-elementor-id=\"3781\" class=\"elementor elementor-3781 elementor-3776\">\n\t\t\t\t\t\t\t\t\t<section class=\"elementor-section elementor-top-section elementor-element elementor-element-fa376d4 elementor-section-boxed elementor-section-height-default elementor-section-height-default\" data-id=\"fa376d4\" data-element_type=\"section\">\n\t\t\t\t\t\t<div class=\"elementor-container elementor-column-gap-default\">\n\t\t\t\t\t<div class=\"elementor-column elementor-col-100 elementor-top-column elementor-element elementor-element-f54c4b3\" data-id=\"f54c4b3\" data-element_type=\"column\">\n\t\t\t<div class=\"elementor-widget-wrap elementor-element-populated\">\n\t\t\t\t\t\t\t\t<div class=\"elementor-element elementor-element-a65b815 elementor-widget elementor-widget-heading\" data-id=\"a65b815\" data-element_type=\"widget\" data-widget_type=\"heading.default\">\n\t\t\t\t<div class=\"elementor-widget-container\">\n\t\t\t<h2 class=\"elementor-heading-title elementor-size-default\"><font face=\"Impact\"><span style=\"letter-spacing: 8px;\">Gilson &amp; Sara<\/span><\/font><\/h2>\t\t<\/div>\n\t\t\t\t<\/div>\n\t\t\t\t\t<\/div>\n\t\t<\/div>\n\t\t\t\t\t\t\t<\/div>\n\t\t<\/section>\n\t\t\t\t<section class=\"elementor-section elementor-top-section elementor-element elementor-element-a882cdf elementor-section-boxed elementor-section-height-default elementor-section-height-default\" data-id=\"a882cdf\" data-element_type=\"section\">\n\t\t\t\t\t\t<div class=\"elementor-container elementor-column-gap-default\">\n\t\t\t\t\t<div class=\"elementor-column elementor-col-100 elementor-top-column elementor-element elementor-element-871184c\" data-id=\"871184c\" data-element_type=\"column\">\n\t\t\t<div class=\"elementor-widget-wrap elementor-element-populated\">\n\t\t\t\t\t\t\t\t<div class=\"elementor-element elementor-element-b1028d3 elementor-widget elementor-widget-text-editor\" data-id=\"b1028d3\" data-element_type=\"widget\" data-widget_type=\"text-editor.default\">\n\t\t\t\t<div class=\"elementor-widget-container\">\n\t\t\t\t\t\t\t<p><strong><img loading=\"lazy\" decoding=\"async\" class=\"alignleft size-full wp-image-3704\" src=\"https:\/\/zoukwroclove.pl\/wp-content\/uploads\/2023\/04\/Gilson_Sara_572x434.jpg\" alt=\"\" width=\"572\" height=\"434\" srcset=\"https:\/\/zoukwroclove.pl\/wp-content\/uploads\/2023\/04\/Gilson_Sara_572x434.jpg 572w, https:\/\/zoukwroclove.pl\/wp-content\/uploads\/2023\/04\/Gilson_Sara_572x434-300x228.jpg 300w\" sizes=\"(max-width: 572px) 100vw, 572px\" \/>Gilson Damsco<br \/><\/strong><\/p>\n<p>Urodzony w S\u00e3o Paulo, Brazylia, Ameryka Po\u0142udniowa.<\/p>\n<p>Gilson zacz\u0105\u0142 ta\u0144czy\u0107 Lambad\u0119 27 lat temu, kiedy taniec ten by\u0142 bardzo popularny. Odk\u0105d zakocha\u0142 si\u0119 w tym ta\u0144cu, sp\u0119dzi\u0142 lata mi\u0142o\u015bci i po\u015bwi\u0119cenia na LambaZouk \u2013 styl (kt\u00f3ry wywodzi si\u0119 ze stylu Lambada).<\/p>\n<p>W 1991 roku sprowadzi\u0142 LambaZouk do Argentyny i przekszta\u0142ci\u0142 go w jeden z najatrakcyjniejszych ta\u0144c\u00f3w, po\u017c\u0105danych przez Argenty\u0144czyk\u00f3w. Tam bra\u0142 udzia\u0142 w programach telewizyjnych i wyst\u0119powa\u0142 jako tancerz ze znanymi artystami. W 1992 roku wraz ze swoj\u0105 formaln\u0105 partnerk\u0105 taneczn\u0105 Fabiola Prestes za\u0142o\u017cy\u0142 odnosz\u0105cy sukcesy brazylijski klub nocny \u201ePorto Seguro\u201d, w kt\u00f3rym zacz\u0119li uczy\u0107 r\u00f3\u017cnych brazylijskich styl\u00f3w tanecznych, takich jak LambaZouk, Forro, Samba de Gafieira i Axe. Wyst\u0119powali tak\u017ce na r\u00f3\u017cnych imprezach. W 1997 roku zacz\u0105\u0142 organizowa\u0107 brazylijskie imprezy LambaZouk w najs\u0142ynniejszym klubie w Buenos Aires \u201eMaluco Beleza\u201d, kt\u00f3re trwa\u0142y osiem lat.<\/p>\n<p>W 2004 roku zosta\u0142 zaproszony do Europy na pierwszy Kongres Ta\u0144ca LambaZouk w Barcelonie, zorganizowany przez Daniela i Letici\u0119. Tam pozna\u0142 wielu nauczycieli ta\u0144ca z Europy, w tym Claudi\u0119 de Vries. W 2006 roku Claudia zaprosi\u0142a go na sw\u00f3j drugi Kongres BrasaZouk. To by\u0142 jego pierwszy raz w Holandii. Od tego momentu Gilson rozpocz\u0105\u0142 sw\u00f3j projekt podr\u00f3\u017cowania po \u015bwiecie w celu rozszerzenia LambaZouk.<\/p>\n<p>Od 5 maja 2014 do 18 stycznia 2015 Gilson ta\u0144czy\u0142 z Brazouka Dance Company (www.brazouka.info) i wyst\u0119powa\u0142 w r\u00f3\u017cnych krajach, takich jak: Szkocja, Wielka Brytania, RPA i Australia.<br \/>Wyst\u0119powa\u0142 tak\u017ce w wielu krajach takich jak: Anglia, Austria, Szwajcaria, Francja, Szwecja, Niemcy, Belgia, Dania, Czechy, Argentyna, Chile, Surinam, Hiszpania, Norwegia, Rosja, Ukraina, Australia, Finlandia, Polska, Szkocja, Turcja, Japonia, Grecja, W\u0142ochy i Izrael.<br \/>W ramach swojego projektu rozszerzenia LambaZouk na Europ\u0119, Gilson uczy co tydzie\u0144 w Holandii.<\/p>\n<p>Gilson jest dobrze znany z jasnego wyja\u015bniania technik i najlepszego sposobu prowadzenia partnera. Jest z pewno\u015bci\u0105 jednym z najlepszych nauczycieli LambaZouk na \u015bwiecie!<\/p>\n<p><strong>Sara Bezerra<\/strong><\/p>\n<p>Wkr\u00f3tce&#8230;<\/p>\n\t\t\t\t\t\t<\/div>\n\t\t\t\t<\/div>\n\t\t\t\t\t<\/div>\n\t\t<\/div>\n\t\t\t\t\t\t\t<\/div>\n\t\t<\/section>\n\t\t\t\t<section class=\"elementor-section elementor-top-section elementor-element elementor-element-c51b75e elementor-section-boxed elementor-section-height-default elementor-section-height-default\" data-id=\"c51b75e\" data-element_type=\"section\">\n\t\t\t\t\t\t<div class=\"elementor-container elementor-column-gap-default\">\n\t\t\t\t\t<div class=\"elementor-column elementor-col-100 elementor-top-column elementor-element elementor-element-e860c63\" data-id=\"e860c63\" data-element_type=\"column\">\n\t\t\t<div class=\"elementor-widget-wrap elementor-element-populated\">\n\t\t\t\t\t\t\t\t<div class=\"elementor-element elementor-element-db0371e elementor-widget elementor-widget-video\" data-id=\"db0371e\" data-element_type=\"widget\" data-settings=\"{&quot;youtube_url&quot;:&quot;https:\\\/\\\/www.youtube.com\\\/embed\\\/wZcgV5JYtXg&quot;,&quot;video_type&quot;:&quot;youtube&quot;,&quot;controls&quot;:&quot;yes&quot;}\" data-widget_type=\"video.default\">\n\t\t\t\t<div class=\"elementor-widget-container\">\n\t\t\t\t\t<div class=\"elementor-wrapper elementor-open-inline\">\n\t\t\t<div class=\"elementor-video\"><\/div>\t\t<\/div>\n\t\t\t\t<\/div>\n\t\t\t\t<\/div>\n\t\t\t\t\t<\/div>\n\t\t<\/div>\n\t\t\t\t\t\t\t<\/div>\n\t\t<\/section>\n\t\t\t\t\t\t\t<\/div>\n\t\t","protected":false},"excerpt":{"rendered":"<p>Gilson &amp; Sara Gilson Damsco Urodzony w S\u00c3\u00a3o Paulo, Brazylia, Ameryka Po\u00c5\u201audniowa. Gilson zacz\u00c4\u2026\u00c5\u201a ta\u00c5\u201eczy\u00c4\u2021 Lambad\u00c4\u2122 27 lat temu, kiedy taniec ten by\u00c5\u201a bardzo popularny. Odk\u00c4\u2026d zakocha\u00c5\u201a si\u00c4\u2122 w tym ta\u00c5\u201ecu, sp\u00c4\u2122dzi\u00c5\u201a lata mi\u00c5\u201ao\u00c5\u203aci i po\u00c5\u203awi\u00c4\u2122cenia na LambaZouk \u00e2\u20ac\u201c styl (kt\u00c3\u00b3ry wywodzi si\u00c4\u2122 ze stylu Lambada). W 1991 roku sprowadzi\u00c5\u201a LambaZouk do Argentyny i przekszta\u00c5\u201aci\u00c5\u201a [&hellip;]<\/p>\n","protected":false},"author":1,"featured_media":0,"parent":14,"menu_order":0,"comment_status":"closed","ping_status":"closed","template":"elementor_header_footer","meta":{"footnotes":""},"_links":{"self":[{"href":"https:\/\/zoukwroclove.pl\/pl\/wp-json\/wp\/v2\/pages\/3781"}],"collection":[{"href":"https:\/\/zoukwroclove.pl\/pl\/wp-json\/wp\/v2\/pages"}],"about":[{"href":"https:\/\/zoukwroclove.pl\/pl\/wp-json\/wp\/v2\/types\/page"}],"author":[{"embeddable":true,"href":"https:\/\/zoukwroclove.pl\/pl\/wp-json\/wp\/v2\/users\/1"}],"replies":[{"embeddable":true,"href":"https:\/\/zoukwroclove.pl\/pl\/wp-json\/wp\/v2\/comments?post=3781"}],"version-history":[{"count":1,"href":"https:\/\/zoukwroclove.pl\/pl\/wp-json\/wp\/v2\/pages\/3781\/revisions"}],"predecessor-version":[{"id":3782,"href":"https:\/\/zoukwroclove.pl\/pl\/wp-json\/wp\/v2\/pages\/3781\/revisions\/3782"}],"up":[{"embeddable":true,"href":"https:\/\/zoukwroclove.pl\/pl\/wp-json\/wp\/v2\/pages\/14"}],"wp:attachment":[{"href":"https:\/\/zoukwroclove.pl\/pl\/wp-json\/wp\/v2\/media?parent=3781"}],"curies":[{"name":"wp","href":"https:\/\/api.w.org\/{rel}","templated":true}]}}