{"id":8,"date":"2020-08-16T14:19:06","date_gmt":"2020-08-16T12:19:06","guid":{"rendered":"http:\/\/2021.zoukpasion.pl\/?page_id=8"},"modified":"2022-06-01T00:28:38","modified_gmt":"2022-05-31T22:28:38","slug":"kontakt","status":"publish","type":"page","link":"https:\/\/zoukwroclove.pl\/pl\/kontakt\/","title":{"rendered":"Kontakt"},"content":{"rendered":"\t\t<div data-elementor-type=\"wp-page\" data-elementor-id=\"8\" class=\"elementor elementor-8\">\n\t\t\t\t\t\t\t\t\t<section class=\"elementor-section elementor-top-section elementor-element elementor-element-67097f56 elementor-section-boxed elementor-section-height-default elementor-section-height-default\" data-id=\"67097f56\" data-element_type=\"section\">\n\t\t\t\t\t\t<div class=\"elementor-container elementor-column-gap-default\">\n\t\t\t\t\t<div class=\"elementor-column elementor-col-100 elementor-top-column elementor-element elementor-element-6b4474c\" data-id=\"6b4474c\" data-element_type=\"column\">\n\t\t\t<div class=\"elementor-widget-wrap elementor-element-populated\">\n\t\t\t\t\t\t\t\t<div class=\"elementor-element elementor-element-7e28e002 elementor-widget elementor-widget-text-editor\" data-id=\"7e28e002\" data-element_type=\"widget\" data-widget_type=\"text-editor.default\">\n\t\t\t\t<div class=\"elementor-widget-container\">\n\t\t\t\t\t\t\t\n<p>Cze\u015b\u0107!<\/p>\n<p>Interesuje Ci\u0119 jaka\u015b konkretna cz\u0119\u015b\u0107 wydarzenia? Masz pytania dotycz\u0105ce procesu rejestracji lub innych formalno\u015bci?<\/p>\n<p>Skontaktuj si\u0119 z nami bez wahania! Nasz zesp\u00f3\u0142 ch\u0119tnie Ci pomo\u017ce \u2013 skontaktuj si\u0119 z nami przez e-mail lub po prostu wysy\u0142aj\u0105c nam wiadomo\u015b\u0107 na Facebooku.<\/p>\n<p>Do zobaczenia wkr\u00f3tce we Wroc\u0142awiu!<\/p>\n<p><br \/>E-mail: <a href=\"mailto:info@zoukwroclove.pl\">info@zoukwroclove.pl<\/a><\/p>\n\n<p>Facebook: <a href=\"https:\/\/www.facebook.com\/Zouk-Wroclove-Festival-1987214578195945\" target=\"_blank\" rel=\"noreferrer noopener\">https:\/\/www.facebook.com\/Zouk-Wroclove-Festival-1987214578195945<\/a><\/p>\n\t\t\t\t\t\t<\/div>\n\t\t\t\t<\/div>\n\t\t\t\t\t<\/div>\n\t\t<\/div>\n\t\t\t\t\t\t\t<\/div>\n\t\t<\/section>\n\t\t\t\t<section class=\"elementor-section elementor-top-section elementor-element elementor-element-aacb2b0 elementor-section-boxed elementor-section-height-default elementor-section-height-default\" data-id=\"aacb2b0\" data-element_type=\"section\">\n\t\t\t\t\t\t<div class=\"elementor-container elementor-column-gap-default\">\n\t\t\t\t\t<div class=\"elementor-column elementor-col-100 elementor-top-column elementor-element elementor-element-f7e3aeb\" data-id=\"f7e3aeb\" data-element_type=\"column\">\n\t\t\t<div class=\"elementor-widget-wrap elementor-element-populated\">\n\t\t\t\t\t\t\t\t<div class=\"elementor-element elementor-element-394832f elementor-widget elementor-widget-text-editor\" data-id=\"394832f\" data-element_type=\"widget\" data-widget_type=\"text-editor.default\">\n\t\t\t\t<div class=\"elementor-widget-container\">\n\t\t\t\t\t\t\t<p>Informacje o podmiocie (administratior danych osobowych):<\/p><p>Fundacja Dance Wroclove Foundation<br \/>Wroc\u0142aw 50-244, Pl. \u015aw. Macieja 10\/8<br \/>Numer KRS: 0000950472<br \/>REGON: 521147352, NIP: 8982273375<\/p><p><a href=\"https:\/\/zoukwroclove.pl\/wp-content\/uploads\/2022\/03\/Statut-Fundacji-DWF-20220128.pdf\">Statut Fundacji Dance Wroclove Foundation<\/a><\/p><p><span style=\"font-size: 20.8px; letter-spacing: -0.288px;\">Kompeks sp\u00f3\u0142ka z ograniczon\u0105 odpowiedzialno\u015bci\u0105<\/span><br style=\"font-size: 20.8px; letter-spacing: -0.288px;\" \/><span style=\"font-size: 20.8px; letter-spacing: -0.288px;\">Bielsko-Bia\u0142a 43-300, G\u0142owackiego 8\/14<\/span><br style=\"font-size: 20.8px; letter-spacing: -0.288px;\" \/><span style=\"font-size: 20.8px; letter-spacing: -0.288px;\">Numer KRS:\u00a0<\/span><span style=\"letter-spacing: -0.288px;\">0000936667<\/span><br style=\"font-size: 20.8px; letter-spacing: -0.288px;\" \/><span style=\"font-size: 20.8px; letter-spacing: -0.288px;\">REGON: <\/span><span style=\"letter-spacing: -0.288px;\">520722908<\/span><span style=\"font-size: 20.8px; letter-spacing: -0.288px;\">, NIP:\u00a0<\/span><span style=\"letter-spacing: -0.288px;\">5472228753<\/span><\/p>\t\t\t\t\t\t<\/div>\n\t\t\t\t<\/div>\n\t\t\t\t\t<\/div>\n\t\t<\/div>\n\t\t\t\t\t\t\t<\/div>\n\t\t<\/section>\n\t\t\t\t\t\t\t<\/div>\n\t\t","protected":false},"excerpt":{"rendered":"<p>Cze\u00c5\u203a\u00c4\u2021! Interesuje Ci\u00c4\u2122 jaka\u00c5\u203a konkretna cz\u00c4\u2122\u00c5\u203a\u00c4\u2021 wydarzenia? Masz pytania dotycz\u00c4\u2026ce procesu rejestracji lub innych formalno\u00c5\u203aci? Skontaktuj si\u00c4\u2122 z nami bez wahania! Nasz zesp\u00c3\u00b3\u00c5\u201a ch\u00c4\u2122tnie Ci pomo\u00c5\u00bce \u00e2\u20ac\u201c skontaktuj si\u00c4\u2122 z nami przez e-mail lub po prostu wysy\u00c5\u201aaj\u00c4\u2026c nam wiadomo\u00c5\u203a\u00c4\u2021 na Facebooku. Do zobaczenia wkr\u00c3\u00b3tce we Wroc\u00c5\u201aawiu! E-mail: info@zoukwroclove.pl Facebook: https:\/\/www.facebook.com\/Zouk-Wroclove-Festival-1987214578195945 Informacje o podmiocie (administratior danych [&hellip;]<\/p>\n","protected":false},"author":1,"featured_media":0,"parent":0,"menu_order":0,"comment_status":"closed","ping_status":"closed","template":"templates\/template-full-width.php","meta":{"footnotes":""},"_links":{"self":[{"href":"https:\/\/zoukwroclove.pl\/pl\/wp-json\/wp\/v2\/pages\/8"}],"collection":[{"href":"https:\/\/zoukwroclove.pl\/pl\/wp-json\/wp\/v2\/pages"}],"about":[{"href":"https:\/\/zoukwroclove.pl\/pl\/wp-json\/wp\/v2\/types\/page"}],"author":[{"embeddable":true,"href":"https:\/\/zoukwroclove.pl\/pl\/wp-json\/wp\/v2\/users\/1"}],"replies":[{"embeddable":true,"href":"https:\/\/zoukwroclove.pl\/pl\/wp-json\/wp\/v2\/comments?post=8"}],"version-history":[{"count":18,"href":"https:\/\/zoukwroclove.pl\/pl\/wp-json\/wp\/v2\/pages\/8\/revisions"}],"predecessor-version":[{"id":3277,"href":"https:\/\/zoukwroclove.pl\/pl\/wp-json\/wp\/v2\/pages\/8\/revisions\/3277"}],"wp:attachment":[{"href":"https:\/\/zoukwroclove.pl\/pl\/wp-json\/wp\/v2\/media?parent=8"}],"curies":[{"name":"wp","href":"https:\/\/api.w.org\/{rel}","templated":true}]}}