{"id":911,"date":"2021-04-13T18:31:18","date_gmt":"2021-04-13T16:31:18","guid":{"rendered":"https:\/\/zoukwroclove.pl\/bilety\/master-class\/"},"modified":"2024-02-04T19:46:01","modified_gmt":"2024-02-04T18:46:01","slug":"master-class","status":"publish","type":"page","link":"https:\/\/zoukwroclove.pl\/pl\/bilety\/master-class\/","title":{"rendered":"Master Class"},"content":{"rendered":"\t\t<div data-elementor-type=\"wp-page\" data-elementor-id=\"911\" class=\"elementor elementor-911 elementor-898\">\n\t\t\t\t\t\t\t\t\t<section class=\"elementor-section elementor-top-section elementor-element elementor-element-84e1f22 elementor-section-boxed elementor-section-height-default elementor-section-height-default\" data-id=\"84e1f22\" data-element_type=\"section\">\n\t\t\t\t\t\t<div class=\"elementor-container elementor-column-gap-default\">\n\t\t\t\t\t<div class=\"elementor-column elementor-col-100 elementor-top-column elementor-element elementor-element-81c5f4d\" data-id=\"81c5f4d\" data-element_type=\"column\">\n\t\t\t<div class=\"elementor-widget-wrap elementor-element-populated\">\n\t\t\t\t\t\t\t\t<section class=\"elementor-section elementor-inner-section elementor-element elementor-element-06320ad elementor-section-boxed elementor-section-height-default elementor-section-height-default\" data-id=\"06320ad\" data-element_type=\"section\">\n\t\t\t\t\t\t<div class=\"elementor-container elementor-column-gap-default\">\n\t\t\t\t\t<div class=\"elementor-column elementor-col-33 elementor-inner-column elementor-element elementor-element-60862b6\" data-id=\"60862b6\" data-element_type=\"column\">\n\t\t\t<div class=\"elementor-widget-wrap\">\n\t\t\t\t\t\t\t\t\t<\/div>\n\t\t<\/div>\n\t\t\t\t<div class=\"elementor-column elementor-col-33 elementor-inner-column elementor-element elementor-element-93e35ec\" data-id=\"93e35ec\" data-element_type=\"column\" data-settings=\"{&quot;background_background&quot;:&quot;classic&quot;}\">\n\t\t\t<div class=\"elementor-widget-wrap elementor-element-populated\">\n\t\t\t\t\t\t\t\t<div class=\"elementor-element elementor-element-1eea176 eael-pricing-content-align-center eael-pricing-button-align-center elementor-widget elementor-widget-eael-pricing-table\" data-id=\"1eea176\" data-element_type=\"widget\" data-widget_type=\"eael-pricing-table.default\">\n\t\t\t\t<div class=\"elementor-widget-container\">\n\t\t\t                    <div class=\"eael-pricing style-1\"  style=\"overflow: hidden;\">\n                <div class=\"eael-pricing-item featured ribbon-4\">\n                    <div class=\"header\">\n                        <h2 class=\"title\">Master Path<\/h2>\n                    <\/div>\n                    <div class=\"eael-pricing-tag\">\n                        <span class=\"price-tag\"><span class=\"original-price\">350<span class=\"price-currency\">PLN<\/span>\n                    <\/span><\/span>\n                        <span class=\"price-period\">\/ os.<\/span>\n                    <\/div>\n                    <div class=\"body\">\n                                <ul>\n                            <li class=\"elementor-repeater-item-8083272\">\n                    \n                                \n            <span class=\"li-icon\" style=\"color:#00C853;fill:#00C853;\" >\n                                                            <i class=\"fas fa-check\"><\/i>\n                                                <\/span>\n\n        \n                    <span >3 czo\u0142owe pary Brazylijskie<\/span>\n                    \n                     \n                <\/li>\n                            <li class=\"elementor-repeater-item-0c7aeaf\">\n                    \n                                \n            <span class=\"li-icon\" style=\"color:#00C853;fill:#00C853;\" >\n                                                            <i class=\"fas fa-check\"><\/i>\n                                                <\/span>\n\n        \n                    <span >3 dni zaj\u0119\u0107<\/span>\n                    \n                     \n                <\/li>\n                            <li class=\"elementor-repeater-item-932dfd6\">\n                    \n                                \n            <span class=\"li-icon\" style=\"color:#00C853;fill:#00C853;\" >\n                                                            <i class=\"fas fa-check\"><\/i>\n                                                <\/span>\n\n        \n                    <span >6h Master Class<\/span>\n                    \n                     \n                <\/li>\n                            <li class=\"elementor-repeater-item-01f3a4b\">\n                    \n                                \n            <span class=\"li-icon\" style=\"color:#00C853;fill:#00C853;\" >\n                                                            <i class=\"fas fa-check\"><\/i>\n                                                <\/span>\n\n        \n                    <span >18h Open Class<\/span>\n                    \n                     \n                <\/li>\n                            <li class=\"elementor-repeater-item-2b1b14b\">\n                    \n                                \n            <span class=\"li-icon\" style=\"color:#00C853;fill:#00C853;\" >\n                                                            <i class=\"fas fa-check\"><\/i>\n                                                <\/span>\n\n        \n                    <span >Tylko 25 par<\/span>\n                    \n                     \n                <\/li>\n                            <li class=\"elementor-repeater-item-db66630\">\n                    \n                                \n            <span class=\"li-icon\" style=\"color:#00C853;fill:#00C853;\" >\n                                                            <i class=\"fas fa-check\"><\/i>\n                                                <\/span>\n\n        \n                    <span >Brak zmian w parach (zapisy tylko w parach)<\/span>\n                    \n                     \n                <\/li>\n                            <li class=\"elementor-repeater-item-324fe84\">\n                    \n                                \n            <span class=\"li-icon\" style=\"color:#00C853;fill:#00C853;\" >\n                                                            <i class=\"fas fa-check\"><\/i>\n                                                <\/span>\n\n        \n                    <span >Zaj\u0119cia w godzinach popo\u0142udniowych<\/span>\n                    \n                     \n                <\/li>\n                            <li class=\"elementor-repeater-item-560c36b\">\n                    \n                                \n            <span class=\"li-icon\" style=\"color:#00C853;fill:#00C853;\" >\n                                                            <i class=\"fas fa-check\"><\/i>\n                                                <\/span>\n\n        \n                    <span >Zapisy w parach<\/span>\n                    \n                     \n                <\/li>\n                    <\/ul>\n                        <\/div>\n\t                                    <div class=\"footer\">\n                        <a class=\"eael-pricing-button\" href=\"https:\/\/zoukwroclove.pl\/pl\/kup-bilet\/\" >\n                                                                                            Zarejestruj si\u0119                                                    <\/a>\n                    <\/div>\n                                    <\/div>\n            <\/div>\n                \t\t<\/div>\n\t\t\t\t<\/div>\n\t\t\t\t\t<\/div>\n\t\t<\/div>\n\t\t\t\t<div class=\"elementor-column elementor-col-33 elementor-inner-column elementor-element elementor-element-dd110b7\" data-id=\"dd110b7\" data-element_type=\"column\">\n\t\t\t<div class=\"elementor-widget-wrap\">\n\t\t\t\t\t\t\t\t\t<\/div>\n\t\t<\/div>\n\t\t\t\t\t\t\t<\/div>\n\t\t<\/section>\n\t\t\t\t\t<\/div>\n\t\t<\/div>\n\t\t\t\t\t\t\t<\/div>\n\t\t<\/section>\n\t\t\t\t<section class=\"elementor-section elementor-top-section elementor-element elementor-element-bd302d5 elementor-section-boxed elementor-section-height-default elementor-section-height-default\" data-id=\"bd302d5\" data-element_type=\"section\">\n\t\t\t\t\t\t<div class=\"elementor-container elementor-column-gap-default\">\n\t\t\t\t\t<div class=\"elementor-column elementor-col-50 elementor-top-column elementor-element elementor-element-2f198b5\" data-id=\"2f198b5\" data-element_type=\"column\">\n\t\t\t<div class=\"elementor-widget-wrap\">\n\t\t\t\t\t\t\t\t\t<\/div>\n\t\t<\/div>\n\t\t\t\t<div class=\"elementor-column elementor-col-50 elementor-top-column elementor-element elementor-element-641e25e\" data-id=\"641e25e\" data-element_type=\"column\">\n\t\t\t<div class=\"elementor-widget-wrap\">\n\t\t\t\t\t\t\t\t\t<\/div>\n\t\t<\/div>\n\t\t\t\t\t\t\t<\/div>\n\t\t<\/section>\n\t\t\t\t\t\t\t<\/div>\n\t\t","protected":false},"excerpt":{"rendered":"<p>Master Path 350PLN \/ os. 3 czo\u0142owe pary Brazylijskie 3 dni zaj\u0119\u0107 6h Master Class 18h Open Class Tylko 25 par Brak zmian w parach (zapisy tylko w parach) Zaj\u0119cia w godzinach popo\u0142udniowych Zapisy w parach Zarejestruj si\u0119<\/p>\n","protected":false},"author":1,"featured_media":0,"parent":163,"menu_order":0,"comment_status":"closed","ping_status":"closed","template":"templates\/template-full-width.php","meta":{"footnotes":""},"_links":{"self":[{"href":"https:\/\/zoukwroclove.pl\/pl\/wp-json\/wp\/v2\/pages\/911"}],"collection":[{"href":"https:\/\/zoukwroclove.pl\/pl\/wp-json\/wp\/v2\/pages"}],"about":[{"href":"https:\/\/zoukwroclove.pl\/pl\/wp-json\/wp\/v2\/types\/page"}],"author":[{"embeddable":true,"href":"https:\/\/zoukwroclove.pl\/pl\/wp-json\/wp\/v2\/users\/1"}],"replies":[{"embeddable":true,"href":"https:\/\/zoukwroclove.pl\/pl\/wp-json\/wp\/v2\/comments?post=911"}],"version-history":[{"count":51,"href":"https:\/\/zoukwroclove.pl\/pl\/wp-json\/wp\/v2\/pages\/911\/revisions"}],"predecessor-version":[{"id":3952,"href":"https:\/\/zoukwroclove.pl\/pl\/wp-json\/wp\/v2\/pages\/911\/revisions\/3952"}],"up":[{"embeddable":true,"href":"https:\/\/zoukwroclove.pl\/pl\/wp-json\/wp\/v2\/pages\/163"}],"wp:attachment":[{"href":"https:\/\/zoukwroclove.pl\/pl\/wp-json\/wp\/v2\/media?parent=911"}],"curies":[{"name":"wp","href":"https:\/\/api.w.org\/{rel}","templated":true}]}}